{"id":823,"date":"2025-01-10T03:20:44","date_gmt":"2025-01-10T03:20:44","guid":{"rendered":"https:\/\/indigo-guanaco-564160.hostingersite.com\/?post_type=product&#038;p=823"},"modified":"2025-05-01T13:47:02","modified_gmt":"2025-05-01T13:47:02","slug":"hoa-chat-polymer-anion","status":"publish","type":"product","link":"https:\/\/www.lacphat.com\/index.php\/san-pham\/hoa-chat-polymer-anion\/","title":{"rendered":"H\u00f3a ch\u1ea5t Polymer Anion"},"content":{"rendered":"<p><strong>1. H\u00f3a ch\u1ea5t Polymer Anion l\u00e0 g\u00ec<\/strong><\/p>\n<ul>\n<li>L\u00e0 m\u1ed9t lo\u1ea1i h\u00f3a ch\u1ea5t \u0111\u01b0\u1ee3c s\u1eed d\u1ee5ng trong x\u1eed l\u00fd n\u01b0\u1edbc th\u1ea3i \u0111\u1ec3 l\u00e0m t\u0103ng kh\u1ea3 n\u0103ng k\u1ebft t\u1ee5 c\u00e1c ch\u1ea5t l\u01a1 l\u1eedng. \u0110\u01b0\u1ee3c s\u1ea3n xu\u1ea5t t\u1eeb c\u00e1c polyme c\u00f3 \u0111i\u1ec7n t\u00edch \u00e2m, Polymer Anion l\u00e0 m\u1ed9t lo\u1ea1i polyme c\u00f3 kh\u1ed1i l\u01b0\u1ee3ng ph\u00e2n t\u1eed l\u1edbn v\u00e0 ch\u1ee9a c\u00e1c nh\u00f3m ho\u1ea1t t\u00ednh \u0111\u1ec3 h\u00fat c\u00e1c ion d\u01b0\u01a1ng trong n\u01b0\u1edbc.<\/li>\n<li>Polymer Anion \u0111\u01b0\u1ee3c s\u1eed d\u1ee5ng \u0111\u1ec3 gi\u00fap k\u1ebft t\u1ee5 c\u00e1c ch\u1ea5t h\u1eefu c\u01a1, vi sinh v\u1eadt v\u00e0 c\u00e1c ch\u1ea5t l\u01a1 l\u1eedng kh\u00e1c trong n\u01b0\u1edbc, t\u1ea1o th\u00e0nh c\u00e1c h\u1ea1t l\u1edbn h\u01a1n d\u1ec5 d\u00e0ng l\u1eafng xu\u1ed1ng \u0111\u00e1y h\u1ed1 ch\u1ee9a. \u0110i\u1ec1u n\u00e0y gi\u00fap gi\u1ea3m \u0111\u00e1ng k\u1ec3 l\u01b0\u1ee3ng ch\u1ea5t l\u01a1 l\u1eedng trong n\u01b0\u1edbc v\u00e0 gi\u00fap cho qu\u00e1 tr\u00ecnh l\u1ecdc n\u01b0\u1edbc sau \u0111\u00f3 tr\u1edf n\u00ean d\u1ec5 d\u00e0ng h\u01a1n.<\/li>\n<\/ul>\n<h3><strong>2. Th\u00e0nh ph\u1ea7n c\u1ee7a Polymer Anion<\/strong><\/h3>\n<p>Polymer Anion l\u00e0 m\u1ed9t lo\u1ea1i h\u00f3a ch\u1ea5t v\u00f4 c\u01a1, c\u00f3 c\u00f4ng th\u1ee9c h\u00f3a h\u1ecdc l\u00e0 [-CH2-CH(COOH)-]n. Polymer Anion l\u00e0 m\u1ed9t ch\u1ea5t r\u1eafn m\u00e0u tr\u1eafng, d\u1ec5 tan trong n\u01b0\u1edbc, c\u00f3 t\u00ednh axit y\u1ebfu.<\/p>\n<h3><strong>3. T\u00ednh n\u0103ng c\u1ee7a h\u00f3a ch\u1ea5t Polymer Anion<\/strong><\/h3>\n<p>Polymer Anion c\u00f3 t\u00ednh axit y\u1ebfu, c\u00f3 kh\u1ea3 n\u0103ng t\u1ea1o ra c\u00e1c c\u1ea7u n\u1ed1i \u0111i\u1ec7n t\u00edch gi\u1eefa c\u00e1c h\u1ea1t keo, gi\u00fap c\u00e1c h\u1ea1t keo k\u1ebft d\u00ednh v\u1edbi nhau th\u00e0nh c\u00e1c b\u00f4ng c\u1eb7n v\u00e0 l\u1eafng xu\u1ed1ng \u0111\u00e1y b\u1ec3.<\/p>\n<h3><strong>4. C\u00f4ng d\u1ee5ng c\u1ee7a h\u00f3a ch\u1ea5t Polymer Anion<\/strong><\/h3>\n<p>Polymer Anion \u0111\u01b0\u1ee3c s\u1eed d\u1ee5ng trong x\u1eed l\u00fd n\u01b0\u1edbc th\u1ea3i \u0111\u1ec3:<\/p>\n<p>T\u0103ng hi\u1ec7u qu\u1ea3 l\u1eafng c\u1eb7n:\u00a0Polymer Anion gi\u00fap c\u00e1c h\u1ea1t keo k\u1ebft d\u00ednh v\u1edbi nhau th\u00e0nh c\u00e1c b\u00f4ng c\u1eb7n l\u1edbn h\u01a1n, d\u1ec5 l\u1eafng xu\u1ed1ng \u0111\u00e1y b\u1ec3 h\u01a1n.<\/p>\n<p>Gi\u1ea3m l\u01b0\u1ee3ng b\u00f9n th\u1ea3i:\u00a0Polymer Anion gi\u00fap gi\u1ea3m l\u01b0\u1ee3ng b\u00f9n th\u1ea3i c\u1ea7n x\u1eed l\u00fd, g\u00f3p ph\u1ea7n gi\u1ea3m chi ph\u00ed x\u1eed l\u00fd n\u01b0\u1edbc th\u1ea3i.<\/p>\n<p>Lo\u1ea1i b\u1ecf c\u00e1c ch\u1ea5t \u00f4 nhi\u1ec5m h\u1eefu c\u01a1:\u00a0Polymer Anion c\u00f3 th\u1ec3 k\u1ebft d\u00ednh v\u1edbi c\u00e1c ch\u1ea5t \u00f4 nhi\u1ec5m h\u1eefu c\u01a1, gi\u00fap lo\u1ea1i b\u1ecf c\u00e1c ch\u1ea5t \u00f4 nhi\u1ec5m n\u00e0y ra kh\u1ecfi n\u01b0\u1edbc th\u1ea3i.<\/p>\n<p>&nbsp;<\/p>\n<p>B\u1ea1n \u0111ang c\u00f3 nhu c\u1ea7u s\u1eed d\u1ee5ng\u00a0<strong>Polymer Anion<\/strong> cho c\u00e1c ho\u1ea1t \u0111\u1ed9ng x\u1eed l\u00fd n\u01b0\u1edbc th\u1ea3i li\u00ean h\u1ec7 ngay <strong>Hotline: 0904.134.979<\/strong> \u0111\u1ec3 \u0111\u01b0\u1ee3c h\u1ed7 tr\u1ee3 v\u00e0 t\u01b0 v\u1ea5n s\u1edbm nh\u00e9.<\/p>\n<p>&nbsp;<\/p>\n<p>N\u1ebfu b\u1ea1n c\u1ea7n b\u1ea5t k\u1ef3 l\u1eddi khuy\u00ean n\u00e0o, ch\u00fang t\u00f4i s\u1eb5n l\u00f2ng gi\u00fap \u0111\u1ee1 t\u1ea1i <a href=\"https:\/\/www.google.com\/maps\/place\/198+%C4%90.+V%C3%B5+V%C4%83n+Ki%E1%BB%87t,+Ph%C6%B0%E1%BB%9Dng+C%E1%BA%A7u+%C3%94ng+L%C3%A3nh,+Qu%E1%BA%ADn+1,+H%E1%BB%93+Ch%C3%AD+Minh,+Vi%E1%BB%87t+Nam\/@10.7642877,106.6952979,17z\/data=!3m1!4b1!4m6!3m5!1s0x31752f14784cd991:0x14be0ea14d67e588!8m2!3d10.7642824!4d106.6978728!16s%2Fg%2F11c5fsl_8s?entry=ttu&amp;g_ep=EgoyMDI1MDIxOS4xIKXMDSoASAFQAw%3D%3D\">C\u00d4NG TY TNHH SX-DV-TM <strong>L\u1ea0C PH\u00c1T<\/strong><\/a><\/p>\n","protected":false},"excerpt":{"rendered":"<ul>\n<li><strong>Polyacrylamide (PAM)<\/strong>: PAM l\u00e0 lo\u1ea1i polymer th\u01b0\u1eddng \u0111\u01b0\u1ee3c s\u1eed d\u1ee5ng trong x\u1eed l\u00fd n\u01b0\u1edbc th\u1ea3i \u0111\u1ec3 gi\u1ea3m thi\u1ec3u l\u01b0\u1ee3ng b\u00f9n trong n\u01b0\u1edbc. PAM c\u00f3 kh\u1ea3 n\u0103ng g\u1eafn k\u1ebft c\u00e1c h\u1ea1t b\u00f9n l\u1ea1i v\u1edbi nhau, t\u1ea1o th\u00e0nh nh\u1eefng c\u1ee5c l\u1edbn d\u1ec5 d\u00e0ng b\u1ecb l\u1eafng xu\u1ed1ng.<\/li>\n<li><strong>PolyDADMAC<\/strong>: PolyDADMAC l\u00e0 m\u1ed9t lo\u1ea1i polymer c\u00f3 t\u00ednh ch\u1ea5t cation, \u0111\u01b0\u1ee3c s\u1eed d\u1ee5ng \u0111\u1ec3 gi\u1ea3m thi\u1ec3u s\u1ef1 ph\u00e2n t\u00e1n c\u1ee7a c\u00e1c h\u1ea1t b\u00f9n trong n\u01b0\u1edbc. PolyDADMAC c\u0169ng c\u00f3 kh\u1ea3 n\u0103ng lo\u1ea1i b\u1ecf c\u00e1c ion amine v\u00e0 sulfonate t\u1eeb n\u01b0\u1edbc th\u1ea3i.<\/li>\n<li><strong>Polyvinyl alcohol (PVA)<\/strong>: PVA l\u00e0 m\u1ed9t lo\u1ea1i polymer c\u00f3 kh\u1ea3 n\u0103ng h\u1ea5p ph\u1ee5 c\u00e1c ch\u1ea5t h\u1eefu c\u01a1 v\u00e0 c\u00e1c t\u1ea1p ch\u1ea5t kh\u00e1c trong n\u01b0\u1edbc th\u1ea3i. PVA c\u00f3 th\u1ec3 t\u1ea1o th\u00e0nh c\u00e1c c\u1ee5c b\u00f9n l\u1edbn d\u1ec5 d\u00e0ng l\u1eafng xu\u1ed1ng, gi\u00fap lo\u1ea1i b\u1ecf c\u00e1c ch\u1ea5t c\u1eb7n b\u00e3 trong n\u01b0\u1edbc.<\/li>\n<li>C\u00e1c polymer n\u00e0y th\u01b0\u1eddng \u0111\u01b0\u1ee3c s\u1eed d\u1ee5ng d\u01b0\u1edbi d\u1ea1ng b\u1ed9t ho\u1eb7c dung d\u1ecbch v\u00e0 \u0111\u01b0\u1ee3c tr\u1ed9n v\u00e0o n\u01b0\u1edbc th\u1ea3i tr\u01b0\u1edbc khi qua c\u00e1c h\u1ec7 th\u1ed1ng x\u1eed l\u00fd kh\u00e1c nh\u01b0 h\u1ec7 th\u1ed1ng l\u1ecdc v\u00e0 l\u1eafng \u0111\u1ecdng. Qu\u00e1 tr\u00ecnh x\u1eed l\u00fd n\u01b0\u1edbc th\u1ea3i b\u1eb1ng polymer c\u00f3 th\u1ec3 gi\u00fap t\u0103ng hi\u1ec7u qu\u1ea3 x\u1eed l\u00fd v\u00e0 gi\u1ea3m chi ph\u00ed x\u1eed l\u00fd.<\/li>\n<li>Tuy nhi\u00ean, vi\u1ec7c s\u1eed d\u1ee5ng polymer c\u0169ng c\u1ea7n tu\u00e2n th\u1ee7 c\u00e1c quy \u0111\u1ecbnh an to\u00e0n v\u00e0 m\u00f4i tr\u01b0\u1eddng \u0111\u1ec3 tr\u00e1nh g\u00e2y \u1ea3nh h\u01b0\u1edfng \u0111\u1ebfn s\u1ee9c kh\u1ecfe v\u00e0 m\u00f4i tr\u01b0\u1eddng.<\/li>\n<\/ul>\n","protected":false},"featured_media":1410,"comment_status":"open","ping_status":"closed","template":"","meta":{"neve_meta_sidebar":"","neve_meta_container":"","neve_meta_enable_content_width":"off","neve_meta_content_width":100,"neve_meta_title_alignment":"","neve_meta_author_avatar":"","neve_post_elements_order":"","neve_meta_disable_header":"","neve_meta_disable_footer":"","neve_meta_disable_title":""},"product_cat":[34],"product_tag":[],"class_list":{"0":"post-823","1":"product","2":"type-product","3":"status-publish","4":"has-post-thumbnail","6":"product_cat-hoa-chat-xu-ly-nuoc","8":"first","9":"instock","10":"taxable","11":"shipping-taxable","12":"product-type-simple"},"_links":{"self":[{"href":"https:\/\/www.lacphat.com\/index.php\/wp-json\/wp\/v2\/product\/823","targetHints":{"allow":["GET"]}}],"collection":[{"href":"https:\/\/www.lacphat.com\/index.php\/wp-json\/wp\/v2\/product"}],"about":[{"href":"https:\/\/www.lacphat.com\/index.php\/wp-json\/wp\/v2\/types\/product"}],"replies":[{"embeddable":true,"href":"https:\/\/www.lacphat.com\/index.php\/wp-json\/wp\/v2\/comments?post=823"}],"wp:featuredmedia":[{"embeddable":true,"href":"https:\/\/www.lacphat.com\/index.php\/wp-json\/wp\/v2\/media\/1410"}],"wp:attachment":[{"href":"https:\/\/www.lacphat.com\/index.php\/wp-json\/wp\/v2\/media?parent=823"}],"wp:term":[{"taxonomy":"product_cat","embeddable":true,"href":"https:\/\/www.lacphat.com\/index.php\/wp-json\/wp\/v2\/product_cat?post=823"},{"taxonomy":"product_tag","embeddable":true,"href":"https:\/\/www.lacphat.com\/index.php\/wp-json\/wp\/v2\/product_tag?post=823"}],"curies":[{"name":"wp","href":"https:\/\/api.w.org\/{rel}","templated":true}]}}