{"id":821,"date":"2025-01-10T03:20:03","date_gmt":"2025-01-10T03:20:03","guid":{"rendered":"https:\/\/indigo-guanaco-564160.hostingersite.com\/?post_type=product&#038;p=821"},"modified":"2025-05-01T13:04:26","modified_gmt":"2025-05-01T13:04:26","slug":"hoa-chat-polymer-cation","status":"publish","type":"product","link":"https:\/\/www.lacphat.com\/index.php\/san-pham\/hoa-chat-polymer-cation\/","title":{"rendered":"H\u00f3a ch\u1ea5t Polymer Cation"},"content":{"rendered":"<h3><strong>Polymer Cation l\u00e0 m\u1ed9t lo\u1ea1i h\u00f3a ch\u1ea5t x\u1eed l\u00fd n\u01b0\u1edbc th\u1ea3i, \u0111\u01b0\u1ee3c s\u1eed d\u1ee5ng ph\u1ed5 bi\u1ebfn trong x\u1eed l\u00fd n\u01b0\u1edbc th\u1ea3i c\u00f4ng nghi\u1ec7p, n\u01b0\u1edbc sinh ho\u1ea1t, n\u01b0\u1edbc h\u1ed3 b\u01a1i,&#8230;<\/strong><\/h3>\n<h3><strong>1. \u0110\u1eb7c \u0111i\u1ec3m c\u1ee7a Polymer Cation<\/strong><\/h3>\n<ul>\n<li>D\u1ea1ng b\u1ed9t, m\u00e0u tr\u1eafng, kh\u00f4ng m\u00f9i, tan ho\u00e0n to\u00e0n trong n\u01b0\u1edbc.<br \/>\nC\u00f3 kh\u1ea3 n\u0103ng t\u1ea1o ra c\u00e1c h\u1ea1t keo c\u00f3 \u0111i\u1ec7n t\u00edch d\u01b0\u01a1ng, gi\u00fap k\u1ebft d\u00ednh c\u00e1c h\u1ea1t l\u01a1 l\u1eedng trong n\u01b0\u1edbc th\u1ea3i.<br \/>\nC\u00f3 kh\u1ea3 n\u0103ng h\u00fat n\u01b0\u1edbc, gi\u00fap t\u0103ng t\u00ednh c\u00f4 \u0111\u1eb7c c\u1ee7a b\u00f9n th\u1ea3i.<\/li>\n<\/ul>\n<h3><strong>2. C\u00f4ng d\u1ee5ng c\u1ee7a Polymer Cation<\/strong><\/h3>\n<ul>\n<li>H\u1ed7 tr\u1ee3 qu\u00e1 tr\u00ecnh keo t\u1ee5, c\u00f4 \u0111\u1eb7c, l\u1eafng c\u1eb7n trong x\u1eed l\u00fd n\u01b0\u1edbc th\u1ea3i.<br \/>\nT\u0103ng hi\u1ec7u qu\u1ea3 x\u1eed l\u00fd n\u01b0\u1edbc th\u1ea3i, gi\u1ea3m l\u01b0\u1ee3ng h\u00f3a ch\u1ea5t s\u1eed d\u1ee5ng.<br \/>\nL\u00e0m gi\u1ea3m k\u00edch th\u01b0\u1edbc b\u00f9n th\u1ea3i, gi\u00fap d\u1ec5 d\u00e0ng x\u1eed l\u00fd h\u01a1n.<\/li>\n<\/ul>\n<h3><strong>3. \u1ee8ng d\u1ee5ng c\u1ee7a Polymer Cation<\/strong><\/h3>\n<ul>\n<li>L\u00e0 h\u00f3a ch\u1ea5t s\u1eed d\u1ee5ng trong qu\u00e1 tr\u00ecnh h\u00f3a l\u00fd bao g\u1ed3m keo t\u1ee5, k\u1ebft t\u1ee7a, l\u1eafng c\u1eb7n, trong x\u1eed l\u00fd n\u01b0\u1edbc th\u1ea3i t\u1eeb nhi\u1ec1u ng\u00e0nh c\u00f4ng nghi\u1ec7p gi\u1ea5y, th\u1ee7y s\u1ea3n, ch\u0103n nu\u00f4i, d\u1ec7t nhu\u1ed9m,&#8230;<\/li>\n<li>H\u00fat n\u01b0\u1edbc v\u00e0 t\u0103ng t\u00ednh c\u00f4 \u0111\u1eb7c c\u1ee7a b\u00f9n th\u1ea3i, gi\u00fap vi\u1ec7c lo\u1ea1i b\u1ecf b\u00f9n qua m\u00e1y \u00e9p d\u1ec5 d\u00e0ng h\u01a1n. Ngo\u00e0i ra, n\u00f3 l\u00e0 ch\u1ea5t c\u00f4 \u0111\u1eb7c, tr\u1ee3 l\u1eafng, h\u00fat n\u01b0\u1edbc nhanh ch\u00f3ng, c\u00f3 th\u1ec3 d\u00f9ng \u0111\u1ec3 \u00e1p d\u1ee5ng t\u00e1ch r\u1eafn, l\u1ecfng b\u1ea5t k\u1ef3.<\/li>\n<li>Polymer Cation ph\u00f9 h\u1ee3p cho x\u1eed l\u00fd b\u00f9n, v\u00e0 x\u1eed l\u00fd n\u01b0\u1edbc th\u1ea3i.<\/li>\n<\/ul>\n<p>B\u1ea1n \u0111ang c\u00f3 nhu c\u1ea7u s\u1eed d\u1ee5ng\u00a0<strong>Polymer Cation<\/strong>\u00a0cho c\u00e1c ho\u1ea1t \u0111\u1ed9ng x\u1eed l\u00fd n\u01b0\u1edbc th\u1ea3i? B\u1ea1n \u0111ang t\u00ecm ki\u1ebfm m\u1ed9t \u0111\u01a1n v\u1ecb cung c\u1ea5p\u00a0<strong>Polymer Cation<\/strong>\u00a0uy t\u00edn, ch\u1ea5t l\u01b0\u1ee3ng?<\/p>\n<p>H\u00e3y li\u00ean h\u1ec7 ngay v\u1edbi ch\u00fang t\u00f4i qua <strong>Hotline: 0904.134.979<\/strong><strong>\u00a0<\/strong>\u0111\u1ec3 \u0111\u01b0\u1ee3c h\u1ed7 tr\u1ee3 t\u01b0 v\u1ea5n s\u1edbm nh\u1ea5t nh\u00e9!<\/p>\n<p>&nbsp;<\/p>\n","protected":false},"excerpt":{"rendered":"<p>Polymer Cation l\u00e0 m\u1ed9t lo\u1ea1i h\u00f3a ch\u1ea5t x\u1eed l\u00fd n\u01b0\u1edbc th\u1ea3i, \u0111\u01b0\u1ee3c s\u1eed d\u1ee5ng ph\u1ed5 bi\u1ebfn trong x\u1eed l\u00fd n\u01b0\u1edbc th\u1ea3i c\u00f4ng nghi\u1ec7p, n\u01b0\u1edbc sinh ho\u1ea1t, n\u01b0\u1edbc h\u1ed3 b\u01a1i,&#8230; 1. \u0110\u1eb7c \u0111i\u1ec3m c\u1ee7a Polymer Cation D\u1ea1ng b\u1ed9t, m\u00e0u tr\u1eafng, kh\u00f4ng m\u00f9i, tan ho\u00e0n to\u00e0n trong n\u01b0\u1edbc. C\u00f3 kh\u1ea3 n\u0103ng t\u1ea1o ra c\u00e1c h\u1ea1t keo c\u00f3&hellip;&nbsp;<a href=\"https:\/\/www.lacphat.com\/index.php\/san-pham\/hoa-chat-polymer-cation\/\" rel=\"bookmark\">\u0110\u1ecdc ti\u1ebfp &raquo;<span class=\"screen-reader-text\">H\u00f3a ch\u1ea5t Polymer Cation<\/span><\/a><\/p>\n","protected":false},"featured_media":1409,"comment_status":"open","ping_status":"closed","template":"","meta":{"neve_meta_sidebar":"","neve_meta_container":"","neve_meta_enable_content_width":"off","neve_meta_content_width":100,"neve_meta_title_alignment":"","neve_meta_author_avatar":"","neve_post_elements_order":"","neve_meta_disable_header":"","neve_meta_disable_footer":"","neve_meta_disable_title":""},"product_cat":[34],"product_tag":[],"class_list":{"0":"post-821","1":"product","2":"type-product","3":"status-publish","4":"has-post-thumbnail","6":"product_cat-hoa-chat-xu-ly-nuoc","8":"first","9":"instock","10":"taxable","11":"shipping-taxable","12":"product-type-simple"},"_links":{"self":[{"href":"https:\/\/www.lacphat.com\/index.php\/wp-json\/wp\/v2\/product\/821","targetHints":{"allow":["GET"]}}],"collection":[{"href":"https:\/\/www.lacphat.com\/index.php\/wp-json\/wp\/v2\/product"}],"about":[{"href":"https:\/\/www.lacphat.com\/index.php\/wp-json\/wp\/v2\/types\/product"}],"replies":[{"embeddable":true,"href":"https:\/\/www.lacphat.com\/index.php\/wp-json\/wp\/v2\/comments?post=821"}],"wp:featuredmedia":[{"embeddable":true,"href":"https:\/\/www.lacphat.com\/index.php\/wp-json\/wp\/v2\/media\/1409"}],"wp:attachment":[{"href":"https:\/\/www.lacphat.com\/index.php\/wp-json\/wp\/v2\/media?parent=821"}],"wp:term":[{"taxonomy":"product_cat","embeddable":true,"href":"https:\/\/www.lacphat.com\/index.php\/wp-json\/wp\/v2\/product_cat?post=821"},{"taxonomy":"product_tag","embeddable":true,"href":"https:\/\/www.lacphat.com\/index.php\/wp-json\/wp\/v2\/product_tag?post=821"}],"curies":[{"name":"wp","href":"https:\/\/api.w.org\/{rel}","templated":true}]}}