{"id":817,"date":"2025-01-10T02:57:18","date_gmt":"2025-01-10T02:57:18","guid":{"rendered":"https:\/\/indigo-guanaco-564160.hostingersite.com\/?post_type=product&#038;p=817"},"modified":"2025-05-01T14:06:47","modified_gmt":"2025-05-01T14:06:47","slug":"hoa-chat-tay-dau-kiem-ton-dang-bot-p28-t-2","status":"publish","type":"product","link":"https:\/\/www.lacphat.com\/index.php\/san-pham\/hoa-chat-tay-dau-kiem-ton-dang-bot-p28-t-2\/","title":{"rendered":"H\u00f3a ch\u1ea5t t\u1ea9y d\u1ea7u ki\u1ec1m t\u00f4n ( d\u1ea1ng b\u1ed9t ) P28-T"},"content":{"rendered":"<h2>Th\u00f4ng tin<\/h2>\n<p>Ch\u1ea5t LPCLEANER P28T l\u00e0 ch\u1ea5t t\u1ea9y d\u1ea7u m\u1ee1, b\u1ee5i b\u1ea9n hi\u1ec7u qu\u1ea3 \u1edf m\u1ecdi \u0111i\u1ec1u ki\u1ec7n l\u00e0m vi\u1ec7c. LPCLEANER P28T c\u00f3 t\u00ednh ki\u1ec1m m\u1ea1nh v\u00e0 t\u00ednh t\u1ea9y r\u1eefa cao. N\u00f3 ph\u00f9 h\u1ee3p v\u1edbi h\u1ea7u h\u1ebft c\u00e1c c\u00f4ng ngh\u1ec7 x\u1eed l\u00ed b\u1ec1 m\u1eb7t.<\/p>\n<p>&nbsp;<\/p>\n<h2><strong>C\u00e1c ch\u1ec9 ti\u00eau<\/strong><\/h2>\n<table>\n<tbody>\n<tr>\n<td width=\"177\"><strong>Di\u1ec5n gi\u1ea3i<\/strong><\/td>\n<td width=\"406\"><strong>Ti\u00eau chu\u1ea9n<\/strong><\/td>\n<\/tr>\n<tr>\n<td width=\"177\">Th\u00e0nh ph\u1ea7n<\/td>\n<td width=\"406\">C\u00e1c ch\u1ea5t t\u1ea9y r\u1eefa chuy\u00ean d\u1ee5ng v\u00e0 c\u00e1c mu\u1ed1i.<\/td>\n<\/tr>\n<tr>\n<td width=\"177\">H\u00e0m l\u01b0\u1ee3ng pha<\/td>\n<td width=\"406\">~ 5%<\/td>\n<\/tr>\n<tr>\n<td width=\"177\">Th\u1eddi gian t\u1ea9y<\/td>\n<td width=\"406\">T\u1eeb 08 gi\u00e2y \u2013 30 gi\u00e2y c\u00f2n tu\u1ef3 theo tr\u01b0\u1eddng h\u1ee3p<\/td>\n<\/tr>\n<tr>\n<td width=\"177\">\u0110i\u1ec1u ki\u1ec7n l\u00e0m vi\u1ec7c<\/td>\n<td width=\"406\">B\u00ecnh th\u01b0\u1eddng<\/td>\n<\/tr>\n<\/tbody>\n<\/table>\n<p><strong>\u00a0<\/strong><\/p>\n<h2><strong>\u0110\u1eb7c t\u00ednh &amp; l\u01b0u \u00fd:<\/strong><\/h2>\n<ul>\n<li>LPCLEANER P28T d\u1ea1ng b\u1ed9t, r\u1ea5t d\u1ec5 tan trong n\u01b0\u1edbc. N\u00f3 c\u00f3 \u00edt b\u1ecdt.<\/li>\n<li>X\u1eed l\u00ed hi\u1ec7u qu\u1ea3 nh\u1ea5t l\u00e0 ph\u01b0\u01a1ng ph\u00e1p nh\u00fang k\u1ebft h\u1ee3p v\u1edbi t\u00e1c \u0111\u1ed9ng c\u01a1 h\u1ecdc. Th\u1eddi gian x\u1eed l\u00ed \u0111\u01b0\u1ee3c r\u00fat ng\u1eafn n\u1ebfu dung d\u1ecbch \u0111\u01b0\u1ee3c \u0111un n\u00f3ng!<\/li>\n<li>Tr\u00e1nh ti\u1ebfp x\u00fac tr\u1ef1c ti\u1ebfp v\u00e0 khi thao t\u00e1c v\u1edbi n\u00f3 ph\u1ea3i m\u1eb7c \u0111\u1ed3 b\u1ea3o h\u1ed9! N\u1ebfu b\u1ecb d\u00ednh ph\u1ea3i r\u1eefa ngay v\u1edbi n\u01b0\u1edbc cho th\u1eadt s\u1ea1ch. Tr\u00e1nh xa t\u1ea7m tay c\u1ee7a tr\u1ebb em.<\/li>\n<\/ul>\n<p><strong>\u00a0<\/strong><\/p>\n<h2><strong>C\u00e1ch pha dung d\u1ecbch:<\/strong><\/h2>\n<ul>\n<li>Cho n\u01b0\u1edbc s\u1ea1ch v\u00e0o \u0111\u1ebfn 80% dung t\u00edch l\u00e0m vi\u1ec7c c\u1ee7a b\u1ec3.<\/li>\n<li>Ho\u00e1 ch\u1ea5t \u0111\u01b0\u1ee3c cho v\u00e0o b\u1ec3 theo t\u1ef7 l\u1ec7 kho\u1ea3ng 50kg \u00b1 10 LPCLEANER P28T trong 1000L dung d\u1ecbch c\u1ea7n pha. Sau \u0111\u00f3 khu\u1ea5y cho tan h\u1ebft.<\/li>\n<li>Cho n\u01b0\u1edbc s\u1ea1ch v\u00e0o \u0111\u1ee7 l\u01b0\u1ee3ng \u0111\u1ecbnh pha v\u00e0 khu\u1ea5y k\u1ef9.<\/li>\n<\/ul>\n<p><strong>\u00a0<\/strong><\/p>\n<h2><strong>C\u00e1ch ki\u1ec3m tra n\u1ed3ng \u0111\u1ed9, ch\u00e2m th\u00eam h\u00e0ng ng\u00e0y:<\/strong><\/h2>\n<ul>\n<li>D\u00f9ng pipette l\u1ea5y 5ml m\u1eabu dung d\u1ecbch cho v\u00e0o b\u00ecnh tam gi\u00e1c 100ml, nh\u1ecf th\u00eam v\u00e0o 4 \u00b8 5 gi\u1ecdt ch\u1ea5t ch\u1ec9 th\u1ecb PP. r\u1ed3i chu\u1ea9n \u0111\u1ed9 v\u1edbi dd A5 (0.1N H2SO4) cho \u0111\u1ebfn khi m\u1eabu chuy\u1ec3n t\u1eeb m\u00e0u h\u1ed3ng sang kh\u00f4ng m\u00e0u. S\u1ed1 ml dd A5 \u0111\u00e3 d\u00f9ng ch\u00ednh l\u00e0 s\u1ed1 \u0111i\u1ec3m c\u1ee7a \u0111\u1ed9 ki\u1ec1m t\u1ef1 do (F.Al). Th\u01b0\u1eddng th\u00ec F.Al = 35 \u00b8 40 \u0111i\u1ec3m.<\/li>\n<li>Trong qu\u00e1 tr\u00ecnh s\u1ea3n xu\u1ea5t, \u0111\u1ed9 ki\u1ec1m t\u1ef1 do F.Al s\u1ebd gi\u1ea3m. \u0110\u1ec3 t\u0103ng F.Al l\u00ean 1 \u0111i\u1ec3m ph\u1ea3i d\u00f9ng kho\u1ea3ng 1.5 kg LPCLEANER P28T<sub>1<\/sub>\u00a0cho 1000L dung d\u1ecbch.<\/li>\n<\/ul>\n<p><strong>\u00a0<\/strong><\/p>\n<h2><strong>Bao b\u00ec v\u00e0 b\u1ea3o qu\u1ea3n:<\/strong><\/h2>\n<ul>\n<li>LPCLEANER P28T \u0111\u01b0\u1ee3c \u0111\u1ef1ng trong bao PP 25kg.<\/li>\n<li>B\u1ea3o qu\u1ea3n n\u01a1i kh\u00f4 r\u00e1o, m\u00e1t m\u1ebd.Th\u1eddi h\u1ea1n s\u1eed d\u1ee5ng 18 th\u00e1ng k\u1ec3 t\u1eeb khi s\u1ea3n xu\u1ea5t.<\/li>\n<\/ul>\n<p>&nbsp;<\/p>\n<p>N\u1ebfu b\u1ea1n c\u1ea7n b\u1ea5t k\u1ef3 l\u1eddi khuy\u00ean n\u00e0o, ch\u00fang t\u00f4i s\u1eb5n l\u00f2ng gi\u00fap \u0111\u1ee1 t\u1ea1i <a href=\"https:\/\/www.google.com\/maps\/place\/198+%C4%90.+V%C3%B5+V%C4%83n+Ki%E1%BB%87t,+Ph%C6%B0%E1%BB%9Dng+C%E1%BA%A7u+%C3%94ng+L%C3%A3nh,+Qu%E1%BA%ADn+1,+H%E1%BB%93+Ch%C3%AD+Minh,+Vi%E1%BB%87t+Nam\/@10.7642877,106.6952979,17z\/data=!3m1!4b1!4m6!3m5!1s0x31752f14784cd991:0x14be0ea14d67e588!8m2!3d10.7642824!4d106.6978728!16s%2Fg%2F11c5fsl_8s?entry=ttu&amp;g_ep=EgoyMDI1MDIxOS4xIKXMDSoASAFQAw%3D%3D\">C\u00d4NG TY TNHH SX-DV-TM <strong>L\u1ea0C PH\u00c1T<\/strong><\/a><\/p>\n<p>&nbsp;<\/p>\n","protected":false},"excerpt":{"rendered":"<p>Th\u00f4ng tin Ch\u1ea5t LPCLEANER P28T l\u00e0 ch\u1ea5t t\u1ea9y d\u1ea7u m\u1ee1, b\u1ee5i b\u1ea9n hi\u1ec7u qu\u1ea3 \u1edf m\u1ecdi \u0111i\u1ec1u ki\u1ec7n l\u00e0m vi\u1ec7c. LPCLEANER P28T c\u00f3 t\u00ednh ki\u1ec1m m\u1ea1nh v\u00e0 t\u00ednh t\u1ea9y r\u1eefa cao. N\u00f3 ph\u00f9 h\u1ee3p v\u1edbi h\u1ea7u h\u1ebft c\u00e1c c\u00f4ng ngh\u1ec7 x\u1eed l\u00ed b\u1ec1 m\u1eb7t. &nbsp; C\u00e1c ch\u1ec9 ti\u00eau Di\u1ec5n gi\u1ea3i Ti\u00eau chu\u1ea9n Th\u00e0nh ph\u1ea7n C\u00e1c&hellip;&nbsp;<a href=\"https:\/\/www.lacphat.com\/index.php\/san-pham\/hoa-chat-tay-dau-kiem-ton-dang-bot-p28-t-2\/\" rel=\"bookmark\">\u0110\u1ecdc ti\u1ebfp &raquo;<span class=\"screen-reader-text\">H\u00f3a ch\u1ea5t t\u1ea9y d\u1ea7u ki\u1ec1m t\u00f4n ( d\u1ea1ng b\u1ed9t ) P28-T<\/span><\/a><\/p>\n","protected":false},"featured_media":1413,"comment_status":"open","ping_status":"closed","template":"","meta":{"neve_meta_sidebar":"","neve_meta_container":"","neve_meta_enable_content_width":"off","neve_meta_content_width":100,"neve_meta_title_alignment":"","neve_meta_author_avatar":"","neve_post_elements_order":"","neve_meta_disable_header":"","neve_meta_disable_footer":"","neve_meta_disable_title":""},"product_cat":[31],"product_tag":[],"class_list":{"0":"post-817","1":"product","2":"type-product","3":"status-publish","4":"has-post-thumbnail","6":"product_cat-hoa-chat-nganh-ton","8":"first","9":"instock","10":"taxable","11":"shipping-taxable","12":"product-type-simple"},"_links":{"self":[{"href":"https:\/\/www.lacphat.com\/index.php\/wp-json\/wp\/v2\/product\/817","targetHints":{"allow":["GET"]}}],"collection":[{"href":"https:\/\/www.lacphat.com\/index.php\/wp-json\/wp\/v2\/product"}],"about":[{"href":"https:\/\/www.lacphat.com\/index.php\/wp-json\/wp\/v2\/types\/product"}],"replies":[{"embeddable":true,"href":"https:\/\/www.lacphat.com\/index.php\/wp-json\/wp\/v2\/comments?post=817"}],"wp:featuredmedia":[{"embeddable":true,"href":"https:\/\/www.lacphat.com\/index.php\/wp-json\/wp\/v2\/media\/1413"}],"wp:attachment":[{"href":"https:\/\/www.lacphat.com\/index.php\/wp-json\/wp\/v2\/media?parent=817"}],"wp:term":[{"taxonomy":"product_cat","embeddable":true,"href":"https:\/\/www.lacphat.com\/index.php\/wp-json\/wp\/v2\/product_cat?post=817"},{"taxonomy":"product_tag","embeddable":true,"href":"https:\/\/www.lacphat.com\/index.php\/wp-json\/wp\/v2\/product_tag?post=817"}],"curies":[{"name":"wp","href":"https:\/\/api.w.org\/{rel}","templated":true}]}}