{"id":810,"date":"2025-01-10T02:38:59","date_gmt":"2025-01-10T02:38:59","guid":{"rendered":"https:\/\/indigo-guanaco-564160.hostingersite.com\/?post_type=product&#038;p=810"},"modified":"2025-05-01T14:26:10","modified_gmt":"2025-05-01T14:26:10","slug":"hoa-chat-cromate-ton-cr828","status":"publish","type":"product","link":"https:\/\/www.lacphat.com\/index.php\/san-pham\/hoa-chat-cromate-ton-cr828\/","title":{"rendered":"H\u00f3a ch\u1ea5t cromate t\u00f4n CR828"},"content":{"rendered":"<h2><span style=\"color: #003366;\"><a style=\"color: #003366;\" href=\"http:\/\/www.lacphat.com\/#\">Th\u00f4ng tin<\/a><\/span><\/h2>\n<p><span style=\"color: #003366;\">Ch\u1ea5tLPCR 828 \u0111\u1ec3 x\u1eed b\u1ec1 m\u1eb7t k\u1ebdm v\u00e0 h\u1ee3p kim k\u1ebdm. H\u00f3a ch\u1ea5t CR 828 c\u00f3 th\u1ec3 x\u1eed l\u00ed h\u1ee3p kim nh\u00f4m, chi ti\u1ebft \u0111\u00e3 m\u1ea1 k\u1ebdm, cadium,.. LPCR 828 chuy\u00ean d\u00f9ng cho c\u00f4ng ngh\u1ec7 s\u01a1n t\u00f4n k\u1ebdm.<\/span><\/p>\n<p><span style=\"color: #003366;\">Ch\u1ea5t LPCR 828 x\u1eed l\u00ed k\u1ebdm cho l\u1edbp oxyt v\u00f4 \u0111\u1ecbnh h\u00ecnh c\u00f3 kh\u1ea3 n\u0103ng ch\u1ed1ng g\u1ec9 r\u1ea5t t\u1ed1t cho k\u1ebdm \u0111\u1ed3ng th\u1eddi l\u00e0 l\u1edbp n\u1ec1n tuy\u1ec7t v\u1eddi cho s\u01a1n. M\u00e0u s\u1eafc c\u1ee7a l\u1edbp oxyt t\u1eeb v\u00e0ng &#8211; b\u1ea3y m\u00e0u \u0111\u1ebfn v\u00e0ng n\u00e2u \u0111\u1eadm ph\u1ee5 thu\u1ed9c v\u00e0o h\u1ee3p kim c\u0169ng nh\u01b0 c\u00e1ch ki\u1ec3m so\u00e1t dung d\u1ecbch.\u00a0<strong>\u00a0\u00a0<\/strong><\/span><\/p>\n<p>&nbsp;<\/p>\n<h2><span style=\"color: #003366;\"><strong>C\u00e1c ch\u1ec9 ti\u00eau<\/strong><\/span><\/h2>\n<table>\n<tbody>\n<tr>\n<td width=\"206\"><span style=\"color: #003366;\"><strong>Di\u1ec5n gi\u1ea3i<\/strong><\/span><\/td>\n<td width=\"378\"><span style=\"color: #003366;\"><strong>Ti\u00eau chu\u1ea9n<\/strong><\/span><\/td>\n<\/tr>\n<tr>\n<td width=\"206\"><span style=\"color: #003366;\">Th\u00e0nh ph\u1ea7n<\/span><\/td>\n<td width=\"378\"><span style=\"color: #003366;\">C\u00e1c ch\u1ea5t acid \u0111\u1eb7c d\u1ee5ng,..<\/span><\/td>\n<\/tr>\n<tr>\n<td width=\"206\"><span style=\"color: #003366;\">Th\u1eddi gian Cromat<\/span><\/td>\n<td width=\"378\"><span style=\"color: #003366;\">T\u1eeb 1\/2 \u00b8 1 gi\u00e2y c\u00f2n tu\u1ef3 theo tr\u01b0\u1eddng h\u1ee3p<\/span><\/td>\n<\/tr>\n<tr>\n<td width=\"206\"><span style=\"color: #003366;\">\u0110i\u1ec1u ki\u1ec7n l\u00e0m vi\u1ec7c<\/span><\/td>\n<td width=\"378\"><span style=\"color: #003366;\">B\u00ecnh th\u01b0\u1eddng<\/span><\/td>\n<\/tr>\n<\/tbody>\n<\/table>\n<p><span style=\"color: #003366;\"><strong>\u00a0<\/strong><\/span><\/p>\n<h2><span style=\"color: #003366;\"><strong>\u0110\u1eb7c t\u00ednh &amp; l\u01b0u \u00fd:<\/strong><\/span><\/h2>\n<ul>\n<li><span style=\"color: #003366;\">LPCROMATE CR8 d\u1ea1ng l\u1ecfng, r\u1ea5t d\u1ec5 tan trong n\u01b0\u1edbc.<\/span><\/li>\n<li><span style=\"color: #003366;\">Tr\u00e1nh ti\u1ebfp x\u00fac tr\u1ef1c ti\u1ebfp v\u00e0 khi thao t\u00e1c v\u1edbi n\u00f3 ph\u1ea3i m\u1eb7c \u0111\u1ed3 b\u1ea3o h\u1ed9! N\u1ebfu b\u1ecb d\u00ednh ph\u1ea3i r\u1eefa ngay v\u1edbi n\u01b0\u1edbc cho th\u1eadt s\u1ea1ch. Tr\u00e1nh xa t\u1ea7m tay c\u1ee7a tr\u1ebb em.<\/span><\/li>\n<li><span style=\"color: #003366;\">B\u1ec3 ch\u1ee9a dung d\u1ecbch \u0111\u01b0\u1ee3c l\u00e0m t\u1eeb th\u00e9p kh\u00f4ng r\u1ec9 ho\u1eb7c b\u1ecdc nh\u1ef1a composit.<\/span><\/li>\n<\/ul>\n<p><span style=\"color: #003366;\"><strong>\u00a0<\/strong><\/span><\/p>\n<h2><span style=\"color: #003366;\"><strong>C\u00e1ch pha dung d\u1ecbch:<\/strong><\/span><\/h2>\n<ul>\n<li><span style=\"color: #003366;\">Cho n\u01b0\u1edbc s\u1ea1ch v\u00e0o \u0111\u1ebfn 80% dung t\u00edch l\u00e0m vi\u1ec7c c\u1ee7a b\u1ec3.<\/span><\/li>\n<li><span style=\"color: #003366;\">Ho\u00e1 ch\u1ea5t \u0111\u01b0\u1ee3c cho v\u00e0o b\u1ec3 theo t\u1ef7 l\u1ec7 kho\u1ea3ng 25%( 25L ) trong 100L dung d\u1ecbch c\u1ea7n pha. Sau \u0111\u00f3 khu\u1ea5y cho tan h\u1ebft.<\/span><\/li>\n<li><span style=\"color: #003366;\">Cho n\u01b0\u1edbc s\u1ea1ch v\u00e0o \u0111\u1ee7 l\u01b0\u1ee3ng \u0111\u1ecbnh pha v\u00e0 khu\u1ea5y k\u1ef9.<\/span><\/li>\n<\/ul>\n<p><span style=\"color: #003366;\"><strong>\u00a0<\/strong><\/span><\/p>\n<h2><span style=\"color: #003366;\"><strong>Bao b\u00ec v\u00e0 b\u1ea3o qu\u1ea3n:<\/strong><\/span><\/h2>\n<ul>\n<li><span style=\"color: #003366;\">LPCROMATE CR828 \u0111\u01b0\u1ee3c \u0111\u00f3ng trong can nh\u1ef1a 20kg.<\/span><\/li>\n<li><span style=\"color: #003366;\">B\u1ea3o qu\u1ea3n n\u01a1i kh\u00f4 r\u00e1o, m\u00e1t m\u1ebd.<\/span><\/li>\n<\/ul>\n<p>&nbsp;<\/p>\n<h2><span style=\"color: #003366;\"><strong>X\u1eed l\u00ed n\u01b0\u1edbc th\u1ea3i:<\/strong><\/span><\/h2>\n<p><span style=\"color: #003366;\">H\u00f3a ch\u1ea5t s\u1eed d\u1ee5ng trong c\u00f4ng ngh\u1ec7 cromat c\u00f3 nhi\u1ec1u th\u00e0nh ph\u1ea7n kh\u00e1c nhau n\u00ean khi \u0111\u1ed5 h\u1ec7 th\u1ed1ng n\u01b0\u1edbc th\u1ea3i ph\u1ea3i x\u1eed l\u00ed ch\u00fang cho ph\u00f9 h\u1ee3p v\u1edbi ti\u00eau chu\u1ea9n y\u00eau c\u1ea7u c\u1ee7a c\u01a1 quan b\u1ea3o v\u1ec7 m\u00f4i tr\u01b0\u1eddng.\u00a0<\/span><\/p>\n<p>&nbsp;<\/p>\n<p>N\u1ebfu b\u1ea1n c\u1ea7n b\u1ea5t k\u1ef3 l\u1eddi khuy\u00ean n\u00e0o, ch\u00fang t\u00f4i s\u1eb5n l\u00f2ng gi\u00fap \u0111\u1ee1 t\u1ea1i <a href=\"https:\/\/www.google.com\/maps\/place\/198+%C4%90.+V%C3%B5+V%C4%83n+Ki%E1%BB%87t,+Ph%C6%B0%E1%BB%9Dng+C%E1%BA%A7u+%C3%94ng+L%C3%A3nh,+Qu%E1%BA%ADn+1,+H%E1%BB%93+Ch%C3%AD+Minh,+Vi%E1%BB%87t+Nam\/@10.7642877,106.6952979,17z\/data=!3m1!4b1!4m6!3m5!1s0x31752f14784cd991:0x14be0ea14d67e588!8m2!3d10.7642824!4d106.6978728!16s%2Fg%2F11c5fsl_8s?entry=ttu&amp;g_ep=EgoyMDI1MDIxOS4xIKXMDSoASAFQAw%3D%3D\">C\u00d4NG TY TNHH SX-DV-TM <strong>L\u1ea0C PH\u00c1T<\/strong><\/a><\/p>\n","protected":false},"excerpt":{"rendered":"<p>Th\u00f4ng tin Ch\u1ea5tLPCR 828 \u0111\u1ec3 x\u1eed b\u1ec1 m\u1eb7t k\u1ebdm v\u00e0 h\u1ee3p kim k\u1ebdm. H\u00f3a ch\u1ea5t CR 828 c\u00f3 th\u1ec3 x\u1eed l\u00ed h\u1ee3p kim nh\u00f4m, chi ti\u1ebft \u0111\u00e3 m\u1ea1 k\u1ebdm, cadium,.. LPCR 828 chuy\u00ean d\u00f9ng cho c\u00f4ng ngh\u1ec7 s\u01a1n t\u00f4n k\u1ebdm. Ch\u1ea5t LPCR 828 x\u1eed l\u00ed k\u1ebdm cho l\u1edbp oxyt v\u00f4 \u0111\u1ecbnh h\u00ecnh c\u00f3 kh\u1ea3 n\u0103ng&hellip;&nbsp;<a href=\"https:\/\/www.lacphat.com\/index.php\/san-pham\/hoa-chat-cromate-ton-cr828\/\" rel=\"bookmark\">\u0110\u1ecdc ti\u1ebfp &raquo;<span class=\"screen-reader-text\">H\u00f3a ch\u1ea5t cromate t\u00f4n CR828<\/span><\/a><\/p>\n","protected":false},"featured_media":1418,"comment_status":"open","ping_status":"closed","template":"","meta":{"neve_meta_sidebar":"","neve_meta_container":"","neve_meta_enable_content_width":"off","neve_meta_content_width":100,"neve_meta_title_alignment":"","neve_meta_author_avatar":"","neve_post_elements_order":"","neve_meta_disable_header":"","neve_meta_disable_footer":"","neve_meta_disable_title":""},"product_cat":[31],"product_tag":[],"class_list":{"0":"post-810","1":"product","2":"type-product","3":"status-publish","4":"has-post-thumbnail","6":"product_cat-hoa-chat-nganh-ton","8":"first","9":"instock","10":"taxable","11":"shipping-taxable","12":"product-type-simple"},"_links":{"self":[{"href":"https:\/\/www.lacphat.com\/index.php\/wp-json\/wp\/v2\/product\/810","targetHints":{"allow":["GET"]}}],"collection":[{"href":"https:\/\/www.lacphat.com\/index.php\/wp-json\/wp\/v2\/product"}],"about":[{"href":"https:\/\/www.lacphat.com\/index.php\/wp-json\/wp\/v2\/types\/product"}],"replies":[{"embeddable":true,"href":"https:\/\/www.lacphat.com\/index.php\/wp-json\/wp\/v2\/comments?post=810"}],"wp:featuredmedia":[{"embeddable":true,"href":"https:\/\/www.lacphat.com\/index.php\/wp-json\/wp\/v2\/media\/1418"}],"wp:attachment":[{"href":"https:\/\/www.lacphat.com\/index.php\/wp-json\/wp\/v2\/media?parent=810"}],"wp:term":[{"taxonomy":"product_cat","embeddable":true,"href":"https:\/\/www.lacphat.com\/index.php\/wp-json\/wp\/v2\/product_cat?post=810"},{"taxonomy":"product_tag","embeddable":true,"href":"https:\/\/www.lacphat.com\/index.php\/wp-json\/wp\/v2\/product_tag?post=810"}],"curies":[{"name":"wp","href":"https:\/\/api.w.org\/{rel}","templated":true}]}}