{"id":804,"date":"2025-01-10T01:41:14","date_gmt":"2025-01-10T01:41:14","guid":{"rendered":"https:\/\/indigo-guanaco-564160.hostingersite.com\/?post_type=product&#038;p=804"},"modified":"2025-05-01T14:48:59","modified_gmt":"2025-05-01T14:48:59","slug":"hoa-chat-muoi-lanh-nh4cl-2","status":"publish","type":"product","link":"https:\/\/www.lacphat.com\/index.php\/san-pham\/hoa-chat-muoi-lanh-nh4cl-2\/","title":{"rendered":"H\u00f3a ch\u1ea5t mu\u1ed1i l\u1ea1nh NH4Cl"},"content":{"rendered":"<p><strong>&#8211; M\u00f4 t\u1ea3: <\/strong><\/p>\n<ul>\n<li><strong>H\u00f3a ch\u1ea5t NH4Cl c\u00f2n \u0111\u01b0\u1ee3c g\u1ecdi l\u00e0 Mu\u1ed1i L\u1ea1nh hay Amoni clorua (Ammonium chloride). N\u00f3 l\u00e0 m\u1ed9t h\u1ee3p ch\u1ea5t v\u00f4 c\u01a1 v\u1edbi c\u00f4ng th\u1ee9c NH4Cl, l\u00e0 mu\u1ed1i tinh th\u1ec3 m\u00e0u tr\u1eafng, h\u00f2a tan cao trong n\u01b0\u1edbc. C\u00e1c dung d\u1ecbch amoni clorua nh\u1eb9 c\u00f3 t\u00ednh axit. N\u00f3 l\u00e0 s\u1ea3n ph\u1ea9m t\u1eeb ph\u1ea3n \u1ee9ng c\u1ee7a axit clohydric v\u00e0 amoniac.<\/strong><\/li>\n<\/ul>\n<p><strong>&#8211; \u1ee8ng d\u1ee5ng :\u00a0<\/strong><\/p>\n<ul>\n<li>\u1ee8ng d\u1ee5ng ch\u00ednh c\u1ee7a\u00a0Ammonium Chloride\u00a0l\u00e0 n\u00f3 \u0111\u01b0\u1ee3c s\u1eed d\u1ee5ng nh\u01b0 m\u1ed9t ngu\u1ed3n nit\u01a1 trong\u00a0ph\u00e2n b\u00f3n, v\u00ed d\u1ee5 nh\u01b0 chloroammonium phosphate. C\u00e1c lo\u1ea1i c\u00e2y tr\u1ed3ng, ch\u1ee7 y\u1ebfu l\u00e0 l\u00faa v\u00e0 l\u00faa m\u00ec \u1edf c\u00e1c n\u01b0\u1edbc ch\u00e2u \u00c1 \u0111\u01b0\u1ee3c ng\u01b0\u1eddi n\u00f4ng d\u00e2n \u01b0a chu\u1ed9ng s\u1eed d\u1ee5ng ch\u1ea5t n\u00e0y \u0111\u1ec3 l\u00e0m gia t\u0103ng n\u0103ng su\u1ea5t.<\/li>\n<li>Mu\u1ed1i L\u1ea1nh\u00a0c\u0169ng \u0111\u01b0\u1ee3c s\u1eed d\u1ee5ng trong c\u00e1c ng\u00e0nh c\u00f4ng nghi\u1ec7p, nh\u01b0\u00a0d\u1ec7t may v\u00e0 nhu\u1ed9m\u00a0trong thu\u1ed9c da , in l\u00ean v\u1ea3i v\u00e0 l\u00e0m b\u00f3ng s\u1ee3i b\u00f4ng.<\/li>\n<li>Trong kim lo\u1ea1i:\u00a0h\u00f3a ch\u1ea5t NH<sub>4<\/sub>CL\u00a0\u0111\u01b0\u1ee3c s\u1eed d\u1ee5ng trong\u00a0xi m\u1ea1 ho\u1eb7c h\u00e0n. N\u00f3 l\u00e0m s\u1ea1ch b\u1ec1 m\u1eb7t c\u1ee7a ph\u00f4i b\u1eb1ng ph\u1ea3n \u1ee9ng v\u1edbi c\u00e1c oxit kim lo\u1ea1i \u1edf b\u1ec1 m\u1eb7t \u0111\u1ec3 t\u1ea1o th\u00e0nh m\u1ed9t clorua kim lo\u1ea1i d\u1ec5 bay h\u01a1i.<\/li>\n<li>Trong Y h\u1ecdc:\u00a0\u0110\u01b0\u1ee3c s\u1eed d\u1ee5ng nh\u01b0 m\u1ed9t ch\u1ea5t long \u0111\u1eddm trong thu\u1ed1c ho. N\u00f3 t\u00e1c \u0111\u1ed9ng tr\u00ean ni\u00eam m\u1ea1c ph\u1ebf qu\u1ea3n l\u00e0m long \u0111\u1eddm v\u00e0 d\u1ec5 d\u00e0ng h\u01a1n \u0111\u1ec3 c\u00f3 th\u1ec3 ho ra. Mu\u1ed1i amoni l\u00e0 m\u1ed9t ch\u1ea5t k\u00edch th\u00edch v\u00e0o ni\u00eam m\u1ea1c d\u1ea1 d\u00e0y v\u00e0 c\u00f3 th\u1ec3 g\u00e2y bu\u1ed3n n\u00f4n v\u00e0 n\u00f4n.<\/li>\n<li>Trong th\u1ef1c ph\u1ea9m:\n<div>\u200b*\u00a0\u1ede m\u1ed9t s\u1ed1 n\u01b0\u1edbc,\u00a0h\u00f3a ch\u1ea5t NH4CL\u00a0\u0111\u01b0\u1ee3c g\u1ecdi l\u00e0 sal amoniac, \u0111\u01b0\u1ee3c s\u1eed d\u1ee5ng nh\u01b0 ph\u1ee5 gia th\u1ef1c ph\u1ea9m d\u01b0\u1edbi E510 s\u1ed1 E, th\u01b0\u1eddng l\u00e0 m\u1ed9t ch\u1ea5t dinh d\u01b0\u1ee1ng trong n\u1ea5m men n\u01b0\u1edbng b\u00e1nh m\u00ec. N\u00f3 l\u00e0 m\u1ed9t lo\u1ea1i\u00a0th\u1ee9c \u0103n b\u1ed5 sung cho gia s\u00fac, m\u1ed9t th\u00e0nh ph\u1ea7n trong ph\u01b0\u01a1ng ti\u1ec7n truy\u1ec1n th\u00f4ng dinh d\u01b0\u1ee1ng cho n\u1ea5m men v\u00e0 nhi\u1ec1u vi sinh v\u1eadt.<\/div>\n<div>* H\u00f3a ch\u1ea5t NH<sub>4<\/sub>CL\u00a0\u0111\u01b0\u1ee3c s\u1eed d\u1ee5ng \u0111\u1ec3 t\u0103ng th\u00eam v\u1ecb ng\u1ecdt cho cam th\u1ea3o m\u1eb7n, v\u00e0 cho h\u01b0\u01a1ng li\u1ec7u trong vodka Salmiakki Koskenkorva. \u1ede \u1ea4n \u0110\u1ed9 v\u00e0 Pakistan, n\u00f3 \u0111\u01b0\u1ee3c g\u1ecdi l\u00e0 &#8220;Noshader&#8221; v\u00e0 \u0111\u01b0\u1ee3c s\u1eed d\u1ee5ng \u0111\u1ec3 c\u1ea3i thi\u1ec7n s\u1ef1 sinh \u0111\u1ed9ng c\u1ee7a m\u00f3n \u0103n nh\u1eb9 nh\u01b0 samosas v\u00e0 jalebi.<\/div>\n<\/li>\n<li>Trong ph\u00f2ng th\u00ed nghi\u1ec7m:\u00a0Ammonium chloride \u0111\u01b0\u1ee3c s\u1eed d\u1ee5ng \u0111\u1ec3 s\u1ea3n xu\u1ea5t nhi\u1ec7t \u0111\u1ed9 th\u1ea5p trong ph\u00f2ng t\u1eafm l\u00e0m m\u00e1t . Amoni clorua gi\u1ea3i ph\u00e1p v\u1edbi ammonia \u0111\u01b0\u1ee3c s\u1eed d\u1ee5ng nh\u01b0 c\u00e1c gi\u1ea3i ph\u00e1p b\u1ed9 \u0111\u1ec7m .<\/li>\n<li>Trong ng\u00e0nh luy\u1ec7n kim, NH<sub>4<\/sub>Cl\u00a0l\u00e0 ch\u1ea5t g\u00e2y ch\u00e1y kim lo\u1ea1i, \u0111\u1ec3 chu\u1ea9n b\u1ecb\u00a0 tr\u01b0\u1edbc khi kim lo\u1ea1i \u0111\u00f3 \u0111\u01b0\u1ee3c tr\u00e1ng, m\u1ea1 ho\u1eb7c h\u00e0n b\u1eb1ng thi\u1ebfc.<\/li>\n<\/ul>\n<p><strong>&#8211; C\u00e1c \u1ee9ng d\u1ee5ng kh\u00e1c:<\/strong><\/p>\n<ul>\n<li><strong>\u00a0<\/strong>NH<sub>4<\/sub>CL\u00a0\u0111\u01b0\u1ee3c s\u1eed d\u1ee5ng trong m\u1ed9t dung d\u1ecbch n\u01b0\u1edbc ~ 5% \u0111\u1ec3 l\u00e0m vi\u1ec7c tr\u00ean c\u00e1c gi\u1ebfng d\u1ea7u. N\u00f3 c\u0169ng \u0111\u01b0\u1ee3c s\u1eed d\u1ee5ng nh\u01b0 \u0111i\u1ec7n trong pin k\u1ebdm-carbon. C\u00e1c \u1ee9ng d\u1ee5ng kh\u00e1c bao g\u1ed3m trong d\u1ea7u g\u1ed9i \u0111\u1ea7u, trong ch\u1ea5t keo k\u1ebft g\u1eafn v\u00e1n \u00e9p, v\u00e0 trong c\u00e1c s\u1ea3n ph\u1ea9m l\u00e0m s\u1ea1ch. H\u00f3a ch\u1ea5t\u00a0NH<sub>4<\/sub>CL\u00a0&#8211; Amoni clorua \u0111\u01b0\u1ee3c s\u1eed d\u1ee5ng trong d\u1ec7t may v\u00e0 ng\u00e0nh da, thu\u1ed9c da, d\u1ec7t in \u1ea5n v\u00e0 l\u00e0m s\u00e1ng b\u00f4ng&#8230;<\/li>\n<\/ul>\n<p>N\u1ebfu b\u1ea1n \u0111ang c\u00f3 nhu c\u1ea7u mua <strong>Mu\u1ed1i L\u1ea1nh NH<sub>4<\/sub>CL<\/strong>\u00a0h\u00e3y li\u00ean h\u1ec7 ngay cho\u00a0<a href=\"https:\/\/www.google.com\/maps\/place\/198+%C4%90.+V%C3%B5+V%C4%83n+Ki%E1%BB%87t,+Ph%C6%B0%E1%BB%9Dng+C%E1%BA%A7u+%C3%94ng+L%C3%A3nh,+Qu%E1%BA%ADn+1,+H%E1%BB%93+Ch%C3%AD+Minh,+Vi%E1%BB%87t+Nam\/@10.7642877,106.6952979,17z\/data=!3m1!4b1!4m6!3m5!1s0x31752f14784cd991:0x14be0ea14d67e588!8m2!3d10.7642824!4d106.6978728!16s%2Fg%2F11c5fsl_8s?entry=ttu&amp;g_ep=EgoyMDI1MDIxOS4xIKXMDSoASAFQAw%3D%3D\">LACPHAT<\/a>\u00a0theo s\u1ed1\u00a0<strong>Hotline: 0904.134.979<\/strong>\u00a0\u0111\u1ec3 \u0111\u01b0\u1ee3c t\u01b0 v\u1ea5n v\u00e0 b\u00e1o gi\u00e1 t\u1ed1t nh\u1ea5t.<\/p>\n","protected":false},"excerpt":{"rendered":"<p>&#8211; M\u00f4 t\u1ea3: H\u00f3a ch\u1ea5t NH4Cl c\u00f2n \u0111\u01b0\u1ee3c g\u1ecdi l\u00e0 Mu\u1ed1i L\u1ea1nh hay Amoni clorua (Ammonium chloride). N\u00f3 l\u00e0 m\u1ed9t h\u1ee3p ch\u1ea5t v\u00f4 c\u01a1 v\u1edbi c\u00f4ng th\u1ee9c NH4Cl, l\u00e0 mu\u1ed1i tinh th\u1ec3 m\u00e0u tr\u1eafng, h\u00f2a tan cao trong n\u01b0\u1edbc. C\u00e1c dung d\u1ecbch amoni clorua nh\u1eb9 c\u00f3 t\u00ednh axit. N\u00f3 l\u00e0 s\u1ea3n ph\u1ea9m t\u1eeb ph\u1ea3n \u1ee9ng&hellip;&nbsp;<a href=\"https:\/\/www.lacphat.com\/index.php\/san-pham\/hoa-chat-muoi-lanh-nh4cl-2\/\" rel=\"bookmark\">\u0110\u1ecdc ti\u1ebfp &raquo;<span class=\"screen-reader-text\">H\u00f3a ch\u1ea5t mu\u1ed1i l\u1ea1nh NH4Cl<\/span><\/a><\/p>\n","protected":false},"featured_media":1423,"comment_status":"open","ping_status":"closed","template":"","meta":{"neve_meta_sidebar":"","neve_meta_container":"","neve_meta_enable_content_width":"off","neve_meta_content_width":100,"neve_meta_title_alignment":"","neve_meta_author_avatar":"","neve_post_elements_order":"","neve_meta_disable_header":"","neve_meta_disable_footer":"","neve_meta_disable_title":""},"product_cat":[32,31],"product_tag":[],"class_list":{"0":"post-804","1":"product","2":"type-product","3":"status-publish","4":"has-post-thumbnail","6":"product_cat-hoa-chat-linh-vuc-xi-ma","7":"product_cat-hoa-chat-nganh-ton","9":"first","10":"instock","11":"taxable","12":"shipping-taxable","13":"product-type-simple"},"_links":{"self":[{"href":"https:\/\/www.lacphat.com\/index.php\/wp-json\/wp\/v2\/product\/804","targetHints":{"allow":["GET"]}}],"collection":[{"href":"https:\/\/www.lacphat.com\/index.php\/wp-json\/wp\/v2\/product"}],"about":[{"href":"https:\/\/www.lacphat.com\/index.php\/wp-json\/wp\/v2\/types\/product"}],"replies":[{"embeddable":true,"href":"https:\/\/www.lacphat.com\/index.php\/wp-json\/wp\/v2\/comments?post=804"}],"wp:featuredmedia":[{"embeddable":true,"href":"https:\/\/www.lacphat.com\/index.php\/wp-json\/wp\/v2\/media\/1423"}],"wp:attachment":[{"href":"https:\/\/www.lacphat.com\/index.php\/wp-json\/wp\/v2\/media?parent=804"}],"wp:term":[{"taxonomy":"product_cat","embeddable":true,"href":"https:\/\/www.lacphat.com\/index.php\/wp-json\/wp\/v2\/product_cat?post=804"},{"taxonomy":"product_tag","embeddable":true,"href":"https:\/\/www.lacphat.com\/index.php\/wp-json\/wp\/v2\/product_tag?post=804"}],"curies":[{"name":"wp","href":"https:\/\/api.w.org\/{rel}","templated":true}]}}