{"id":801,"date":"2025-01-10T01:38:18","date_gmt":"2025-01-10T01:38:18","guid":{"rendered":"https:\/\/indigo-guanaco-564160.hostingersite.com\/?post_type=product&#038;p=801"},"modified":"2025-05-01T14:51:40","modified_gmt":"2025-05-01T14:51:40","slug":"hoa-chat-kem-clorua-zncl2-2","status":"publish","type":"product","link":"https:\/\/www.lacphat.com\/index.php\/san-pham\/hoa-chat-kem-clorua-zncl2-2\/","title":{"rendered":"H\u00f3a ch\u1ea5t k\u1ebdm clorua ZnCl2"},"content":{"rendered":"<h2 id=\"mcetoc_1g8sl01sd0\">1. Mu\u1ed1i k\u1ebdm clorua ZnCl<sub>2<\/sub>\u00a0l\u00e0 ch\u1ea5t g\u00ec?<\/h2>\n<ul>\n<li>K\u1ebdm Clorua (Zinc chloride) t\u1ed3n t\u1ea1i \u1edf ch\u1ea5t r\u1eafn m\u00e0u tr\u1eafng, kh\u00f4ng m\u00f9i, h\u00fat \u1ea9m m\u1ea1nh v\u00e0 tan nhi\u1ec1u trong n\u01b0\u1edbc. S\u1ea3n ph\u1ea9m c\u00f3 c\u00f4ng th\u1ee9c h\u00f3a h\u1ecdc l\u00e0 ZnCl<sub>2<\/sub>, ng\u1eadm 9 ph\u00e2n t\u1eed n\u01b0\u1edbc, d\u1ec3 ch\u1ea3y n\u01b0\u1edbc \u1edf nhi\u1ec7t \u0111\u1ed9 th\u01b0\u1eddng. Ch\u00ednh v\u00ec th\u1ebf m\u00e0 c\u00e1c m\u1eabu v\u1eadt c\u1ee7a mu\u1ed1i \u0111\u01b0\u1ee3c b\u1ea3o v\u1ec7 tr\u00e1nh c\u00e1c ngu\u1ed3n \u1ea9m, k\u1ec3 c\u1ea3 h\u01a1i n\u01b0\u1edbc c\u00f3 trong m\u00f4i tr\u01b0\u1eddng kh\u00f4ng kh\u00ed xung quanh.<\/li>\n<li>C\u00f4ng th\u1ee9c ph\u00e2n t\u1eed: ZnCl<sub>2<\/sub><\/li>\n<li>K\u1ebdm Clorua khan \u0111\u01b0\u1ee3c s\u1ea3n xu\u1ea5t t\u1eeb ph\u1ea3n \u1ee9ng gi\u1eefa k\u1ebdm v\u1edbi axit clohidric. H\u1ea7u h\u1ebft c\u00e1c s\u1ea3n ph\u1ea9m th\u01b0\u01a1ng m\u1ea1i c\u1ee7a ZnCl<sub>2<\/sub>\u00a0\u0111\u1ec1u ch\u1ee9a n\u01b0\u1edbc v\u00e0 c\u00e1c lo\u1ea1i t\u1ea1p ch\u1ea5t t\u1eeb qu\u00e1 tr\u00ecnh ph\u00e2n h\u1ee7y.<\/li>\n<\/ul>\n<h2 id=\"mcetoc_1g8sl0anc1\">2. ZnCl<sub>2<\/sub>\u00a0c\u00f3 m\u00e0u g\u00ec? ZnCl<sub>2<\/sub>\u00a0c\u00f3 ph\u1ea3i l\u00e0 mu\u1ed1i kh\u00f4ng?<\/h2>\n<ul>\n<li>ZnCl<sub>2<\/sub>\u00a0l\u00e0 mu\u1ed1i Clorua c\u1ee7a k\u1ebdm, mang \u0111\u1ea7y \u0111\u1ee7 c\u00e1c t\u00ednh ch\u1ea5t c\u1ee7a m\u1ed9t lo\u1ea1i mu\u1ed1i th\u00f4ng th\u01b0\u1eddng. ZnCl<sub>2<\/sub>\u00a0t\u1ed3n t\u1ea1i \u1edf d\u1ea1ng ch\u1ea5t r\u1eafn kh\u00f4ng m\u00e0u ho\u1eb7c c\u00f3 m\u00e0u tr\u1eafng, h\u00f2a tan m\u1ea1nh trong m\u00f4i tr\u01b0\u1eddng n\u01b0\u1edbc. Do \u0111\u00f3, lo\u1ea1i mu\u1ed1i n\u00e0y c\u1ea7n ph\u1ea3i b\u1ea3o qu\u1ea3n \u1edf n\u01a1i kh\u00f4 r\u1ea3o, tr\u00e1nh n\u01a1i c\u00f3 \u0111\u1ed9 \u1ea9m cao.<\/li>\n<\/ul>\n<h2 id=\"mcetoc_1g8sl3l043\">3. Nh\u1eefng \u1ee9ng d\u1ee5ng c\u1ee7a mu\u1ed1i k\u1ebdm clorua ZnCl<sub>2<\/sub><\/h2>\n<h3 id=\"mcetoc_1g8sl3v374\">3.1. \u1ee8ng d\u1ee5ng trong c\u00f4ng nghi\u1ec7p<\/h3>\n<ul>\n<li>S\u1eed d\u1ee5ng ph\u1ed5 bi\u1ebfn trong m\u1ea1 k\u1ebdm l\u00ean s\u1eaft, \u0111\u01b0\u1ee3c b\u00f4i v\u00e0o khu\u00f4n \u0111\u00fac, \u0111\u00e1nh b\u00f3ng th\u00e9p, \u0111\u00f4i khi \u0111\u01b0\u1ee3c s\u1eed d\u1ee5ng l\u00e0m h\u00f3a ch\u1ea5t t\u1ea9y r\u1eeda, l\u00e0m s\u1ea1ch b\u1ec1 m\u1eb7t kim lo\u1ea1i.<\/li>\n<li>\u0110\u00f3ng vai tr\u00f2 l\u00e0 ch\u1ea5t t\u1ea1o m\u00e0u tr\u1eafng trong s\u01a1n, l\u00e0m ch\u1ea5t x\u00fac t\u00e1c trong c\u00f4ng nghi\u1ec7p ch\u1ebf bi\u1ebfn m\u0169 cao su, gi\u00fap ph\u00e2n t\u00e1n nhi\u1ec7t cao su. B\u1ea3o v\u1ec7 c\u00e1c polyme c\u1ee7a cao su tr\u01b0\u1edbc tia UV.<\/li>\n<li>\u1ee8ng d\u1ee5ng r\u1ed9ng r\u00e3i trong ng\u00e0nh c\u00f4ng nghi\u1ec7p s\u1ea3n xu\u1ea5t gi\u1ea5y, d\u1ec7t may v\u00e0 b\u1ea3o qu\u1ea3n g\u1ed7 tr\u01b0\u1edbc nh\u1eefng t\u00e1c \u0111\u1ed9ng t\u1eeb m\u00f4i tr\u01b0\u1eddng.<\/li>\n<\/ul>\n<h3 id=\"mcetoc_1g8sl471c5\">3.2. \u1ee8ng d\u1ee5ng trong ph\u00f2ng Lab<\/h3>\n<ul>\n<li>Mu\u1ed1i k\u1ebdm clorua ZnCl<sub>2<\/sub>\u00a0\u0111\u01b0\u1ee3c s\u1eed d\u1ee5ng l\u00e0m ch\u1ea5t x\u00fac t\u00e1c trong ph\u00f2ng th\u00ed nghi\u1ec7m, \u0111\u1ea3m b\u1ea3o hi\u1ec7u qu\u1ea3, chi ph\u00ed th\u1ea5p.Trong t\u1ed5ng h\u1ee3p h\u1eefu c\u01a1 n\u00f3 c\u00f2n \u0111\u01b0\u1ee3c s\u1eed d\u1ee5ng l\u00e0m thu\u1ed1c s\u00e1t tr\u00f9ng.<\/li>\n<li>Ngo\u00e0i ra, lo\u1ea1i mu\u1ed1i n\u00e0y c\u00f2n \u0111\u01b0\u1ee3c \u1ee9ng d\u1ee5ng r\u1ed9ng r\u00e3i trong cu\u1ed9c s\u1ed1ng v\u1edbi \u01b0u \u0111i\u1ec3m \u0111\u1ed9c t\u00ednh th\u1ea5p, chi ph\u00ed r\u1ebb,&#8230;<\/li>\n<\/ul>\n<h2 id=\"mcetoc_1g8sl4qsu7\">4. Mu\u1ed1i k\u1ebdm Clorua ZnCl<sub>2<\/sub>\u00a098% \u0111\u01b0\u1ee3c s\u1eed d\u1ee5ng nhi\u1ec1u nh\u1ea5t hi\u1ec7n nay<\/h2>\n<ul>\n<li>Mu\u1ed1i k\u1ebdm Clorua ZnCl<sub>2<\/sub>\u00a098% l\u00e0 d\u00f2ng s\u1ea3n ph\u1ea9m \u0111ang \u0111\u01b0\u1ee3c b\u00e1n ch\u1ea1y t\u1ea1i th\u1ecb tr\u01b0\u1eddng Vi\u1ec7t Nam, \u1ee9ng d\u1ee5ng ph\u1ed5 bi\u1ebfn trong c\u00f4ng nghi\u1ec7p xi m\u1ea1, s\u1ea3n xu\u1ea5t gi\u1ea5y, luy\u1ec7n kim, d\u1ec7t may, s\u00e1t tr\u00f9ng, b\u1ea3o qu\u1ea3n g\u1ed7,\u2026 S\u1ea3n ph\u1ea9m \u0111\u01b0\u1ee3c \u0111\u00f3ng bao v\u1edbi quy c\u00e1ch 25kg\/ bao, xu\u1ea5t x\u1ee9 \u0111a d\u1ea1ng.<\/li>\n<li>ZnCl<sub>2<\/sub>\u00a098% c\u00f3 kh\u1ed1i l\u01b0\u1ee3ng ri\u00eang 2.907 g\/cm<sup>3<\/sup>; \u0111i\u1ec3m s\u00f4i 732\u00b0C; \u0110i\u1ec3m n\u00f3ng ch\u1ea3y 290\u00b0C; \u0110\u1ed9 h\u00f2a tan trong n\u01b0\u1edbc 432.0 g\/100 g (25\u00b0C), th\u00edch h\u1ee3p s\u1eed d\u1ee5ng trong s\u1ea3n xu\u1ea5t c\u00f4ng nghi\u1ec7p.<\/li>\n<\/ul>\n<p>N\u1ebfu b\u1ea1n \u0111ang c\u00f3 nhu c\u1ea7u mua\u00a0<em><strong>mu\u1ed1i k\u1ebdm Clorua ZnCl<sub>2<\/sub><\/strong><\/em> h\u00e3y li\u00ean h\u1ec7 ngay cho <a href=\"https:\/\/www.google.com\/maps\/place\/198+%C4%90.+V%C3%B5+V%C4%83n+Ki%E1%BB%87t,+Ph%C6%B0%E1%BB%9Dng+C%E1%BA%A7u+%C3%94ng+L%C3%A3nh,+Qu%E1%BA%ADn+1,+H%E1%BB%93+Ch%C3%AD+Minh,+Vi%E1%BB%87t+Nam\/@10.7642877,106.6952979,17z\/data=!3m1!4b1!4m6!3m5!1s0x31752f14784cd991:0x14be0ea14d67e588!8m2!3d10.7642824!4d106.6978728!16s%2Fg%2F11c5fsl_8s?entry=ttu&amp;g_ep=EgoyMDI1MDIxOS4xIKXMDSoASAFQAw%3D%3D\">LACPHAT<\/a> theo s\u1ed1 <strong>Hotline: 0904.134.979<\/strong> \u0111\u1ec3 \u0111\u01b0\u1ee3c t\u01b0 v\u1ea5n v\u00e0 b\u00e1o gi\u00e1 t\u1ed1t nh\u1ea5t.<\/p>\n","protected":false},"excerpt":{"rendered":"<p>1. Mu\u1ed1i k\u1ebdm clorua ZnCl2\u00a0l\u00e0 ch\u1ea5t g\u00ec? K\u1ebdm Clorua (Zinc chloride) t\u1ed3n t\u1ea1i \u1edf ch\u1ea5t r\u1eafn m\u00e0u tr\u1eafng, kh\u00f4ng m\u00f9i, h\u00fat \u1ea9m m\u1ea1nh v\u00e0 tan nhi\u1ec1u trong n\u01b0\u1edbc. S\u1ea3n ph\u1ea9m c\u00f3 c\u00f4ng th\u1ee9c h\u00f3a h\u1ecdc l\u00e0 ZnCl2, ng\u1eadm 9 ph\u00e2n t\u1eed n\u01b0\u1edbc, d\u1ec3 ch\u1ea3y n\u01b0\u1edbc \u1edf nhi\u1ec7t \u0111\u1ed9 th\u01b0\u1eddng. Ch\u00ednh v\u00ec th\u1ebf m\u00e0 c\u00e1c m\u1eabu&hellip;&nbsp;<a href=\"https:\/\/www.lacphat.com\/index.php\/san-pham\/hoa-chat-kem-clorua-zncl2-2\/\" rel=\"bookmark\">\u0110\u1ecdc ti\u1ebfp &raquo;<span class=\"screen-reader-text\">H\u00f3a ch\u1ea5t k\u1ebdm clorua ZnCl2<\/span><\/a><\/p>\n","protected":false},"featured_media":1424,"comment_status":"open","ping_status":"closed","template":"","meta":{"neve_meta_sidebar":"","neve_meta_container":"","neve_meta_enable_content_width":"off","neve_meta_content_width":100,"neve_meta_title_alignment":"","neve_meta_author_avatar":"","neve_post_elements_order":"","neve_meta_disable_header":"","neve_meta_disable_footer":"","neve_meta_disable_title":""},"product_cat":[32,31],"product_tag":[],"class_list":{"0":"post-801","1":"product","2":"type-product","3":"status-publish","4":"has-post-thumbnail","6":"product_cat-hoa-chat-linh-vuc-xi-ma","7":"product_cat-hoa-chat-nganh-ton","9":"first","10":"instock","11":"taxable","12":"shipping-taxable","13":"product-type-simple"},"_links":{"self":[{"href":"https:\/\/www.lacphat.com\/index.php\/wp-json\/wp\/v2\/product\/801","targetHints":{"allow":["GET"]}}],"collection":[{"href":"https:\/\/www.lacphat.com\/index.php\/wp-json\/wp\/v2\/product"}],"about":[{"href":"https:\/\/www.lacphat.com\/index.php\/wp-json\/wp\/v2\/types\/product"}],"replies":[{"embeddable":true,"href":"https:\/\/www.lacphat.com\/index.php\/wp-json\/wp\/v2\/comments?post=801"}],"wp:featuredmedia":[{"embeddable":true,"href":"https:\/\/www.lacphat.com\/index.php\/wp-json\/wp\/v2\/media\/1424"}],"wp:attachment":[{"href":"https:\/\/www.lacphat.com\/index.php\/wp-json\/wp\/v2\/media?parent=801"}],"wp:term":[{"taxonomy":"product_cat","embeddable":true,"href":"https:\/\/www.lacphat.com\/index.php\/wp-json\/wp\/v2\/product_cat?post=801"},{"taxonomy":"product_tag","embeddable":true,"href":"https:\/\/www.lacphat.com\/index.php\/wp-json\/wp\/v2\/product_tag?post=801"}],"curies":[{"name":"wp","href":"https:\/\/api.w.org\/{rel}","templated":true}]}}