{"id":757,"date":"2025-01-09T10:41:05","date_gmt":"2025-01-09T10:41:05","guid":{"rendered":"https:\/\/indigo-guanaco-564160.hostingersite.com\/?post_type=product&#038;p=757"},"modified":"2025-05-01T15:55:02","modified_gmt":"2025-05-01T15:55:02","slug":"tay-dau-acid-nhom-a-al-67","status":"publish","type":"product","link":"https:\/\/www.lacphat.com\/index.php\/san-pham\/tay-dau-acid-nhom-a-al-67\/","title":{"rendered":"T\u1ea9y d\u1ea7u acid nh\u00f4m A-Al 67"},"content":{"rendered":"<h2 class=\"p1\"><b>Th\u00f4ng tin<\/b><\/h2>\n<p class=\"p1\">Ch\u1ea5t LPCLEANER A-Al.67l\u00e0 ch\u1ea5t t\u1ea9y d\u1ea7u m\u1ee1, b\u1ee5i b\u1ea9n tr\u00ean b\u1ec1 m\u1eb7t nh\u00f4m v\u00e0 h\u1ee3p kim nh\u00f4m hi\u1ec7u qu\u1ea3, \u0111\u1ed3ng th\u1eddi l\u00e0 ch\u1ea5t h\u00e3m m\u00f9i \u1edf \u0111i\u1ec1u ki\u1ec7n l\u00e0m vi\u1ec7c b\u00ecnh th\u01b0\u1eddng. LPCLEANER A-Al.67l\u00e0m vi\u1ec7c trong m\u00f4i tr\u01b0\u1eddng acid v\u00e0 c\u00f3 t\u00ednh t\u1ea9y r\u1eefa t\u1ed1t. N\u00f3 ph\u00f9 h\u1ee3p v\u1edbi h\u1ea7u h\u1ebft c\u00e1c c\u00f4ng ngh\u1ec7 x\u1eed l\u00ed b\u1ec1 m\u1eb7t.<\/p>\n<h2 class=\"p1\"><span class=\"s1\"><b>C\u00e1c ch\u1ec9 ti\u00eau<\/b><\/span><\/h2>\n<table class=\"t1\" cellspacing=\"0\" cellpadding=\"0\">\n<tbody>\n<tr>\n<td class=\"td1\" valign=\"top\">\n<p class=\"p2\"><b>Di\u1ec5n gi\u1ea3i<\/b><\/p>\n<\/td>\n<td class=\"td1\" valign=\"top\">\n<p class=\"p2\"><b>Ti\u00eau chu\u1ea9n<\/b><\/p>\n<\/td>\n<\/tr>\n<tr>\n<td class=\"td1\" valign=\"top\">\n<p class=\"p1\">Th\u00e0nh ph\u1ea7n<\/p>\n<\/td>\n<td class=\"td1\" valign=\"top\">\n<p class=\"p2\">C\u00e1c ch\u1ea5t t\u1ea9y r\u1eefa chuy\u00ean d\u1ee5ng<\/p>\n<\/td>\n<\/tr>\n<tr>\n<td class=\"td1\" valign=\"top\">\n<p class=\"p1\">H\u00e0m l\u01b0\u1ee3ng pha<\/p>\n<\/td>\n<td class=\"td1\" valign=\"top\">\n<p class=\"p2\">~ 4 %<\/p>\n<\/td>\n<\/tr>\n<tr>\n<td class=\"td1\" valign=\"top\">\n<p class=\"p1\">Th\u1eddi gian t\u1ea9y<\/p>\n<\/td>\n<td class=\"td1\" valign=\"top\">\n<p class=\"p2\">T\u1eeb 5 \u00b8 20 ph\u00fat c\u00f2n tu\u1ef3 theo tr\u01b0\u1eddng h\u1ee3p<\/p>\n<\/td>\n<\/tr>\n<tr>\n<td class=\"td1\" valign=\"top\">\n<p class=\"p1\">\u0110i\u1ec1u ki\u1ec7n l\u00e0m vi\u1ec7c<\/p>\n<\/td>\n<td class=\"td1\" valign=\"top\">\n<p class=\"p2\">B\u00ecnh th\u01b0\u1eddng<\/p>\n<\/td>\n<\/tr>\n<\/tbody>\n<\/table>\n<p class=\"p1\"><b>\u00a0<\/b><\/p>\n<h2 class=\"p1\"><span class=\"s1\"><b>\u0110\u1eb7c t\u00ednh &amp; l\u01b0u \u00fd:<\/b><\/span><\/h2>\n<ul class=\"ul1\">\n<li class=\"li1\">LPCLEANER A-Al.67d\u1ea1ng l\u1ecfng, r\u1ea5t d\u1ec5 tan trong dung d\u1ecbch acid.<\/li>\n<li class=\"li1\">X\u1eed l\u00ed hi\u1ec7u qu\u1ea3 nh\u1ea5t l\u00e0 ph\u01b0\u01a1ng ph\u00e1p nh\u00fang k\u1ebft h\u1ee3p v\u1edbi s\u1ee5c kh\u00ed n\u00e9n hay t\u00e1c \u0111\u1ed9ng c\u01a1 h\u1ecdc.<\/li>\n<li class=\"li1\">Tr\u00e1nh ti\u1ebfp x\u00fac tr\u1ef1c ti\u1ebfp v\u00e0 khi thao t\u00e1c v\u1edbi n\u00f3 ph\u1ea3i m\u1eb7c \u0111\u1ed3 b\u1ea3o h\u1ed9!<\/li>\n<li class=\"li1\">N\u1ebfu b\u1ecb d\u00ednh ph\u1ea3i r\u1eeda ngay v\u1edbi n\u01b0\u1edbc cho th\u1eadt s\u1ea1ch. Tr\u00e1nh xa t\u1ea7m tay c\u1ee7a tr\u1ebb em.<\/li>\n<\/ul>\n<h2 class=\"p1\"><b>C\u00e1ch pha dung d\u1ecbch:<\/b><\/h2>\n<ul class=\"ul1\">\n<li class=\"li1\">N\u1ed3ng \u0111\u1ed9 dung d\u1ecbch acid trong b\u1ec3 kho\u1ea3ng 10% \u0111\u1ebfn 15%.<\/li>\n<li class=\"li1\">Ho\u00e1 ch\u1ea5t \u0111\u01b0\u1ee3c cho v\u00e0o b\u1ec3 theo t\u1ef7 l\u1ec7 40kg \u00b1 10 \u00a0LPCLEANER A-Al.67trong 1000L dung d\u1ecbch c\u1ea7n pha. Sau \u0111\u00f3 khu\u1ea5y k\u1ef9 cho tan h\u1ebft.<\/li>\n<\/ul>\n<h2 class=\"p1\"><span class=\"s1\"><b>Bao b\u00ec v\u00e0 b\u1ea3o qu\u1ea3n:<\/b><\/span><\/h2>\n<ul class=\"ul1\">\n<li class=\"li1\">LPCLEANER A-Al.67\u0111\u01b0\u1ee3c \u0111\u1ef1ng trong can nh\u1ef1a 25 kg.<\/li>\n<li class=\"li1\">B\u1ea3o qu\u1ea3n n\u01a1i kh\u00f4 r\u00e1o, m\u00e1t m\u1ebd.<\/li>\n<li class=\"li1\">Th\u1eddi gian s\u1eed d\u1ee5ng 12 th\u00e1ng k\u1ec3 t\u1eeb ng\u00e0y s\u1ea3n xu\u1ea5t.<\/li>\n<\/ul>\n","protected":false},"excerpt":{"rendered":"<p>Th\u00f4ng tin Ch\u1ea5t LPCLEANER A-Al.67l\u00e0 ch\u1ea5t t\u1ea9y d\u1ea7u m\u1ee1, b\u1ee5i b\u1ea9n tr\u00ean b\u1ec1 m\u1eb7t nh\u00f4m v\u00e0 h\u1ee3p kim nh\u00f4m hi\u1ec7u qu\u1ea3, \u0111\u1ed3ng th\u1eddi l\u00e0 ch\u1ea5t h\u00e3m m\u00f9i \u1edf \u0111i\u1ec1u ki\u1ec7n l\u00e0m vi\u1ec7c b\u00ecnh th\u01b0\u1eddng. LPCLEANER A-Al.67l\u00e0m vi\u1ec7c trong m\u00f4i tr\u01b0\u1eddng acid v\u00e0 c\u00f3 t\u00ednh t\u1ea9y r\u1eefa t\u1ed1t. N\u00f3 ph\u00f9 h\u1ee3p v\u1edbi h\u1ea7u h\u1ebft c\u00e1c c\u00f4ng&hellip;&nbsp;<a href=\"https:\/\/www.lacphat.com\/index.php\/san-pham\/tay-dau-acid-nhom-a-al-67\/\" rel=\"bookmark\">\u0110\u1ecdc ti\u1ebfp &raquo;<span class=\"screen-reader-text\">T\u1ea9y d\u1ea7u acid nh\u00f4m A-Al 67<\/span><\/a><\/p>\n","protected":false},"featured_media":1433,"comment_status":"open","ping_status":"closed","template":"","meta":{"neve_meta_sidebar":"","neve_meta_container":"","neve_meta_enable_content_width":"off","neve_meta_content_width":100,"neve_meta_title_alignment":"","neve_meta_author_avatar":"","neve_post_elements_order":"","neve_meta_disable_header":"","neve_meta_disable_footer":"","neve_meta_disable_title":""},"product_cat":[30],"product_tag":[],"class_list":{"0":"post-757","1":"product","2":"type-product","3":"status-publish","4":"has-post-thumbnail","6":"product_cat-hoa-chat-xu-ly-nhom","8":"first","9":"instock","10":"taxable","11":"shipping-taxable","12":"product-type-simple"},"_links":{"self":[{"href":"https:\/\/www.lacphat.com\/index.php\/wp-json\/wp\/v2\/product\/757","targetHints":{"allow":["GET"]}}],"collection":[{"href":"https:\/\/www.lacphat.com\/index.php\/wp-json\/wp\/v2\/product"}],"about":[{"href":"https:\/\/www.lacphat.com\/index.php\/wp-json\/wp\/v2\/types\/product"}],"replies":[{"embeddable":true,"href":"https:\/\/www.lacphat.com\/index.php\/wp-json\/wp\/v2\/comments?post=757"}],"wp:featuredmedia":[{"embeddable":true,"href":"https:\/\/www.lacphat.com\/index.php\/wp-json\/wp\/v2\/media\/1433"}],"wp:attachment":[{"href":"https:\/\/www.lacphat.com\/index.php\/wp-json\/wp\/v2\/media?parent=757"}],"wp:term":[{"taxonomy":"product_cat","embeddable":true,"href":"https:\/\/www.lacphat.com\/index.php\/wp-json\/wp\/v2\/product_cat?post=757"},{"taxonomy":"product_tag","embeddable":true,"href":"https:\/\/www.lacphat.com\/index.php\/wp-json\/wp\/v2\/product_tag?post=757"}],"curies":[{"name":"wp","href":"https:\/\/api.w.org\/{rel}","templated":true}]}}