{"id":754,"date":"2025-01-09T10:35:30","date_gmt":"2025-01-09T10:35:30","guid":{"rendered":"https:\/\/indigo-guanaco-564160.hostingersite.com\/?post_type=product&#038;p=754"},"modified":"2025-05-01T15:58:50","modified_gmt":"2025-05-01T15:58:50","slug":"hoa-chat-cromate-nhom-cr8","status":"publish","type":"product","link":"https:\/\/www.lacphat.com\/index.php\/san-pham\/hoa-chat-cromate-nhom-cr8\/","title":{"rendered":"H\u00f3a ch\u1ea5t cromate nh\u00f4m CR8"},"content":{"rendered":"<h2 class=\"p1\"><b>Gi\u1edbi thi\u1ec7u chung<\/b><\/h2>\n<p class=\"p1\">Ch\u1ea5t LPCROMATE CR8 \u0111\u1ec3 x\u1eed l\u00ed b\u1ec1 m\u1eb7t nh\u00f4m v\u00e0 h\u1ee3p kim nh\u00f4m. H\u00f3a ch\u1ea5t CR8 c\u00f3 th\u1ec3 dung x\u1eed l\u00fd m\u1ed9t c\u1ee5m chi ti\u1ebft \u0111\u01b0\u1ee3c l\u1eafp r\u00e1p t\u1eeb nhi\u1ec1u kim lo\u1ea1i kh\u00e1c nhau nh\u01b0: h\u1ee3p kim nh\u00f4m, \u0111\u1ed3ng v\u00e0 h\u1ee3p kim \u0111\u1ed3ng, chi ti\u1ebft \u0111\u00e3 m\u1ea1 k\u1ebdm, cudium, \u2026<\/p>\n<p class=\"p1\">Ch\u1ea5t CR8 x\u1eed l\u00fd nh\u00f4m cho l\u1edbp oxit v\u00f4 \u0111\u1ecbnh c\u00f3 kh\u1ea3 n\u0103ng ch\u1ed1ng g\u1ec9 r\u1ea5t t\u1ed1t cho nh\u00f4m \u0111\u1ed3ng th\u1eddi l\u00e0 ch\u1ea5t n\u1ec1n tuy\u1ec7t v\u1eddi cho s\u01a1n. M\u00e0u s\u1eafc c\u1ee7a l\u1edbp oxit t\u1eeb v\u00e0ng-b\u1ea3y m\u00e0u \u0111\u1ebfn v\u00e0ng n\u00e2u \u0111\u1eadm ph\u1ee5 thu\u1ed9c v\u00e0o h\u1ee3p kim c\u0169ng nh\u01b0 c\u00e1ch ki\u1ec3m so\u00e1t dung d\u1ecbch.<\/p>\n<h2 class=\"p1\"><span class=\"s1\"><b>C\u00e1c ch\u1ec9 ti\u00eau<\/b><\/span><\/h2>\n<table class=\"t1\" style=\"height: 257px;\" width=\"488\" cellspacing=\"0\" cellpadding=\"0\">\n<tbody>\n<tr>\n<td class=\"td1\" valign=\"top\">\n<p class=\"p4\"><b>Di\u1ec5n gi\u1ea3i<\/b><\/p>\n<\/td>\n<td class=\"td1\" valign=\"top\">\n<p class=\"p4\"><b>Ti\u00eau chu\u1ea9n<\/b><\/p>\n<\/td>\n<\/tr>\n<tr>\n<td class=\"td1\" valign=\"top\">\n<p class=\"p1\">Th\u00e0nh ph\u1ea7n<\/p>\n<\/td>\n<td class=\"td1\" valign=\"top\">\n<p class=\"p4\">C\u00e1c ch\u1ea5t acid \u0111\u1eb7c d\u1ee5ng,\u2026<\/p>\n<\/td>\n<\/tr>\n<tr>\n<td class=\"td1\" valign=\"top\">\n<p class=\"p1\">\u0110i\u1ec1u ki\u1ec7n l\u00e0m vi\u1ec7c<\/p>\n<\/td>\n<td class=\"td1\" valign=\"top\">\n<p class=\"p4\">B\u00ecnh th\u01b0\u1eddng<\/p>\n<\/td>\n<\/tr>\n<tr>\n<td class=\"td1\" valign=\"top\">\n<p class=\"p1\">Th\u1eddi gian t\u1ea9y<\/p>\n<\/td>\n<td class=\"td1\" valign=\"top\">\n<p class=\"p4\">T\u1eeb 3 \u00b8 10 ph\u00fat c\u00f2n tu\u1ef3 theo tr\u01b0\u1eddng h\u1ee3p<\/p>\n<\/td>\n<\/tr>\n<\/tbody>\n<\/table>\n<h2 class=\"p1\"><span class=\"s1\"><b>\u0110\u1eb7c t\u00ednh &amp; l\u01b0u \u00fd:<\/b><\/span><\/h2>\n<ul class=\"ul1\">\n<li class=\"li1\">LPCROMATE CR8 d\u1ea1ng l\u1ecfng, r\u1ea5t d\u1ec5 tan trong n\u01b0\u1edbc.<\/li>\n<li class=\"li1\">X\u1eed l\u00ed hi\u1ec7u qu\u1ea3 nh\u1ea5t l\u00e0 ph\u01b0\u01a1ng ph\u00e1p nh\u00fang k\u1ebft h\u1ee3p v\u1edbi t\u00e1c nh\u00e2n h\u1ed7 tr\u1ee3.<\/li>\n<li class=\"li1\">Tr\u00e1nh ti\u1ebfp x\u00fac tr\u1ef1c ti\u1ebfp v\u00e0 khi thao t\u00e1c v\u1edbi n\u00f3 ph\u1ea3i m\u1eb7c \u0111\u1ed3 b\u1ea3o h\u1ed9.N\u1ebfu b\u1ecb d\u00ednh ph\u1ea3i r\u1eeda ngay v\u1edbi n\u01b0\u1edbc cho th\u1eadt s\u1ea1ch.Tr\u00e1nh xa t\u1ea7m tay tr\u1ebb em.<\/li>\n<li class=\"li1\">B\u1ec3 ch\u1ee9a dung d\u1ecbch \u0111\u01b0\u1ee3c l\u00e0m t\u1eeb th\u00e9p kh\u00f4ng r\u1ec9 ho\u1eb7c b\u1ecdc nh\u1ef1a composit.<\/li>\n<\/ul>\n<h2 class=\"p1\"><span class=\"s1\"><b>C\u00e1ch pha dung d\u1ecbch:<\/b><\/span><\/h2>\n<ul class=\"ul1\">\n<li class=\"li1\">Cho n\u01b0\u1edbc s\u1ea1ch v\u00e0o \u0111\u1ebfn 80% dung d\u1ecbch l\u00e0m vi\u1ec7c c\u1ee7a b\u1ec3.<\/li>\n<li class=\"li1\">Ho\u00e1 ch\u1ea5t \u0111\u01b0\u1ee3c cho v\u00e0o b\u1ec3 theo t\u1ef7 l\u1ec7 50kg \u00b1 10\u00a0 LPCROMATE CR8 trong 1000L dung d\u1ecbch c\u1ea7n pha. Sau \u0111\u00f3 khu\u1ea5y k\u1ef9 cho tan h\u1ebft.<\/li>\n<li class=\"li1\">Cho n\u01b0\u1edbc s\u1ea1ch v\u00e0o \u0111\u1ee7 l\u01b0\u1ee3ng \u0111\u1ecbnh pha v\u00e0 khu\u1ea5y k\u1ef9.<\/li>\n<\/ul>\n<h2 class=\"p1\"><span class=\"s1\"><b>Bao b\u00ec v\u00e0 b\u1ea3o qu\u1ea3n:<\/b><\/span><\/h2>\n<ul class=\"ul2\">\n<li class=\"li1\">LPCROMATE CR8 \u0111\u01b0\u1ee3c \u0111\u00f3ng trong can nh\u1ef1a 25kg.<\/li>\n<li class=\"li1\">B\u1ea3o qu\u1ea3n n\u01a1i kh\u00f4 r\u00e1o, m\u00e1t m\u1ebd.<\/li>\n<\/ul>\n<h2 class=\"p1\"><span class=\"s1\"><b>X\u1eed l\u00ed n\u01b0\u1edbc th\u1ea3i:<\/b><\/span><\/h2>\n<p class=\"p1\"><b>\u00a0<\/b>H\u00f3a ch\u1ea5t s\u1eed d\u1ee5ng trong c\u00f4ng ngh\u1ec7 cromat c\u00f3 nhi\u1ec1u th\u00e0nh ph\u1ea7n kh\u00e1c nhau n\u00ean khi \u0111\u1ed5 h\u1ec7 th\u1ed1ng n\u01b0\u1edbc th\u1ea3i ph\u1ea3i x\u1eed l\u00fd ch\u00fang cho ph\u00f9 h\u1ee3p v\u1edbi ti\u00eau chu\u1ea9n y\u00eau c\u1ea7u c\u1ee7a c\u01a1 quan b\u1ea3o v\u1ec1 m\u00f4i tr\u01b0\u1eddng. Xin Q\u00fai kh\u00e1ch li\u00ean h\u1ec7 v\u1edbi ch\u00fang t\u00f4i.<\/p>\n","protected":false},"excerpt":{"rendered":"<p>Gi\u1edbi thi\u1ec7u chung Ch\u1ea5t LPCROMATE CR8 \u0111\u1ec3 x\u1eed l\u00ed b\u1ec1 m\u1eb7t nh\u00f4m v\u00e0 h\u1ee3p kim nh\u00f4m. H\u00f3a ch\u1ea5t CR8 c\u00f3 th\u1ec3 dung x\u1eed l\u00fd m\u1ed9t c\u1ee5m chi ti\u1ebft \u0111\u01b0\u1ee3c l\u1eafp r\u00e1p t\u1eeb nhi\u1ec1u kim lo\u1ea1i kh\u00e1c nhau nh\u01b0: h\u1ee3p kim nh\u00f4m, \u0111\u1ed3ng v\u00e0 h\u1ee3p kim \u0111\u1ed3ng, chi ti\u1ebft \u0111\u00e3 m\u1ea1 k\u1ebdm, cudium, \u2026 Ch\u1ea5t CR8&hellip;&nbsp;<a href=\"https:\/\/www.lacphat.com\/index.php\/san-pham\/hoa-chat-cromate-nhom-cr8\/\" rel=\"bookmark\">\u0110\u1ecdc ti\u1ebfp &raquo;<span class=\"screen-reader-text\">H\u00f3a ch\u1ea5t cromate nh\u00f4m CR8<\/span><\/a><\/p>\n","protected":false},"featured_media":1418,"comment_status":"open","ping_status":"closed","template":"","meta":{"neve_meta_sidebar":"","neve_meta_container":"","neve_meta_enable_content_width":"off","neve_meta_content_width":100,"neve_meta_title_alignment":"","neve_meta_author_avatar":"","neve_post_elements_order":"","neve_meta_disable_header":"","neve_meta_disable_footer":"","neve_meta_disable_title":""},"product_cat":[30],"product_tag":[],"class_list":{"0":"post-754","1":"product","2":"type-product","3":"status-publish","4":"has-post-thumbnail","6":"product_cat-hoa-chat-xu-ly-nhom","8":"first","9":"instock","10":"taxable","11":"shipping-taxable","12":"product-type-simple"},"_links":{"self":[{"href":"https:\/\/www.lacphat.com\/index.php\/wp-json\/wp\/v2\/product\/754","targetHints":{"allow":["GET"]}}],"collection":[{"href":"https:\/\/www.lacphat.com\/index.php\/wp-json\/wp\/v2\/product"}],"about":[{"href":"https:\/\/www.lacphat.com\/index.php\/wp-json\/wp\/v2\/types\/product"}],"replies":[{"embeddable":true,"href":"https:\/\/www.lacphat.com\/index.php\/wp-json\/wp\/v2\/comments?post=754"}],"wp:featuredmedia":[{"embeddable":true,"href":"https:\/\/www.lacphat.com\/index.php\/wp-json\/wp\/v2\/media\/1418"}],"wp:attachment":[{"href":"https:\/\/www.lacphat.com\/index.php\/wp-json\/wp\/v2\/media?parent=754"}],"wp:term":[{"taxonomy":"product_cat","embeddable":true,"href":"https:\/\/www.lacphat.com\/index.php\/wp-json\/wp\/v2\/product_cat?post=754"},{"taxonomy":"product_tag","embeddable":true,"href":"https:\/\/www.lacphat.com\/index.php\/wp-json\/wp\/v2\/product_tag?post=754"}],"curies":[{"name":"wp","href":"https:\/\/api.w.org\/{rel}","templated":true}]}}