{"id":734,"date":"2025-01-09T08:40:38","date_gmt":"2025-01-09T08:40:38","guid":{"rendered":"https:\/\/indigo-guanaco-564160.hostingersite.com\/?post_type=product&#038;p=734"},"modified":"2025-05-01T16:05:09","modified_gmt":"2025-05-01T16:05:09","slug":"tay-dau-axit-td-a-2","status":"publish","type":"product","link":"https:\/\/www.lacphat.com\/index.php\/san-pham\/tay-dau-axit-td-a-2\/","title":{"rendered":"T\u1ea9y d\u1ea7u axit TD-A"},"content":{"rendered":"<h2>Th\u00f4ng tin<\/h2>\n<div id=\"tab_content\">\n<div id=\"tab1\">\n<p>Ch\u1ea5t LPCLEANER TD \u2013 A l\u00e0 ch\u1ea5t t\u1ea9y d\u1ea7u m\u1ee1, b\u1ee5i b\u1ea9n hi\u1ec7u qu\u1ea3 \u0111\u1ed3ng th\u1eddi l\u00e0 ch\u1ea5t h\u00e3m m\u00f9i \u1edf \u0111i\u1ec1u ki\u1ec7n l\u00e0m vi\u1ec7c b\u00ecnh th\u01b0\u1eddng. LPCLEANER TD \u2013 A l\u00e0m vi\u1ec7c trong m\u00f4i tr\u01b0\u1eddng acid v\u00e0 c\u00f3 t\u00ednh t\u1ea9y r\u1eefa t\u1ed1t . N\u00f3 ph\u00f9 h\u1ee3p v\u1edbi h\u1ea7u h\u1ebft c\u00e1c c\u00f4ng ngh\u1ec7 x\u1eed l\u00ed b\u1ec1 m\u1eb7t kim lo\u1ea1i.<\/p>\n<p>&nbsp;<\/p>\n<\/div>\n<h2>C\u00e1c chi ti\u1ebft<\/h2>\n<table width=\"708\">\n<tbody>\n<tr>\n<td width=\"26%\"><strong>Di\u1ec5n gi\u1ea3i<\/strong><\/td>\n<td width=\"73%\"><strong>Ti\u00eau chu\u1ea9n<\/strong><\/td>\n<\/tr>\n<tr>\n<td width=\"26%\">Th\u00e0nh ph\u1ea7n<\/td>\n<td width=\"73%\">C\u00e1c ch\u1ea5t t\u1ea9y r\u1eefa<\/td>\n<\/tr>\n<tr>\n<td width=\"26%\">H\u00e0m l\u01b0\u1ee3ng pha<\/td>\n<td width=\"73%\">~ 5 %<\/td>\n<\/tr>\n<tr>\n<td width=\"26%\">\u0110i\u1ec1u ki\u1ec7n l\u00e0m vi\u1ec7c<\/td>\n<td width=\"73%\">B\u00ecnh th\u01b0\u1eddng<\/td>\n<\/tr>\n<tr>\n<td width=\"26%\">Th\u1eddi gian t\u1ea9y<\/td>\n<td width=\"73%\">T\u1eeb 8 \u00b8 30 gi\u00e2y c\u00f2n tu\u1ef3 theo tr\u01b0\u1eddng h\u1ee3p<\/p>\n<p>(d\u00f9ng cho xi m\u1ea1 nh\u00fang n\u00f3ng)<\/td>\n<\/tr>\n<\/tbody>\n<\/table>\n<\/div>\n<div id=\"tab_content\">\n<div id=\"tab1\">\n<h2><\/h2>\n<h2><strong>\u0110\u1eb7c t\u00ednh &amp; l\u01b0u \u00fd:<\/strong><\/h2>\n<ul>\n<li>LPCLEANER TD \u2013 A d\u1ea1ng l\u1ecfng, r\u1ea5t d\u1ec5 tan trong dung d\u1ecbch acid.<\/li>\n<li>X\u1eed l\u00ed hi\u1ec7u qu\u1ea3 nh\u1ea5t l\u00e0 ph\u01b0\u01a1ng ph\u00e1p nh\u00fang k\u1ebft h\u1ee3p v\u1edbi s\u1ee5c kh\u00ed n\u00e9n hay t\u00e1c \u0111\u1ed9ng c\u01a1 h\u1ecdc.<\/li>\n<\/ul>\n<ul>\n<li>N\u1ebfu b\u1ecb d\u00ednh ph\u1ea3i r\u1eeda ngay v\u1edbi n\u01b0\u1edbc cho th\u1eadt s\u1ea1ch. Tr\u00e1nh xa t\u1ea7m tay c\u1ee7a tr\u1ebb em.<\/li>\n<\/ul>\n<p>&nbsp;<\/p>\n<h2><strong>C\u00e1ch pha dung d\u1ecbch:<\/strong><\/h2>\n<ul>\n<li>N\u1ed3ng \u0111\u1ed9 dung d\u1ecbch acid trong b\u1ec3 kho\u1ea3ng 10% \u0111\u1ebfn 15%.<\/li>\n<li>Ho\u00e1 ch\u1ea5t \u0111\u01b0\u1ee3c cho v\u00e0o b\u1ec3 theo t\u1ef7 l\u1ec7 40kg \u00b1 10\u00a0 LPCLEANER TD \u2013 A trong 1000L dung d\u1ecbch c\u1ea7n pha. Sau \u0111\u00f3 khu\u1ea5y k\u1ef9 cho tan h\u1ebft.<\/li>\n<\/ul>\n<h2><\/h2>\n<h2><strong>Bao b\u00ec v\u00e0 b\u1ea3o qu\u1ea3n:<\/strong><\/h2>\n<ul>\n<li>LPCLEANER TD \u2013 A \u0111\u01b0\u1ee3c \u0111\u1ef1ng trong can nh\u1ef1a 20 kg.<\/li>\n<li>B\u1ea3o qu\u1ea3n n\u01a1i kh\u00f4 r\u00e1o, m\u00e1t m\u1ebd.<\/li>\n<li>Th\u1eddi gian s\u1eed d\u1ee5ng 18 th\u00e1ng k\u1ec3 t\u1eeb ng\u00e0y s\u1ea3n xu\u1ea5t.<\/li>\n<li><\/li>\n<\/ul>\n<\/div>\n<\/div>\n<div>N\u1ebfu b\u1ea1n c\u1ea7n b\u1ea5t k\u1ef3 l\u1eddi khuy\u00ean n\u00e0o, ch\u00fang t\u00f4i s\u1eb5n l\u00f2ng gi\u00fap \u0111\u1ee1 t\u1ea1i <a href=\"https:\/\/www.google.com\/maps\/place\/198+%C4%90.+V%C3%B5+V%C4%83n+Ki%E1%BB%87t,+Ph%C6%B0%E1%BB%9Dng+C%E1%BA%A7u+%C3%94ng+L%C3%A3nh,+Qu%E1%BA%ADn+1,+H%E1%BB%93+Ch%C3%AD+Minh,+Vi%E1%BB%87t+Nam\/@10.7642877,106.6952979,17z\/data=!3m1!4b1!4m6!3m5!1s0x31752f14784cd991:0x14be0ea14d67e588!8m2!3d10.7642824!4d106.6978728!16s%2Fg%2F11c5fsl_8s?entry=ttu&amp;g_ep=EgoyMDI1MDIxOS4xIKXMDSoASAFQAw%3D%3D\">C\u00d4NG TY TNHH SX-DV-TM <strong>L\u1ea0C PH\u00c1T<\/strong><\/a><\/div>\n<div id=\"tab_content\">\n<div id=\"tab2\">\n<div class=\"fb-comments\" data-href=\"http:\/\/www.lacphat.com\/product\/tay-dau-axit-tda-493.html\" data-width=\"800\" data-numposts=\"5\" data-colorscheme=\"light\"><\/div>\n<\/div>\n<\/div>\n<div class=\"other-articles\"><\/div>\n","protected":false},"excerpt":{"rendered":"<p>Th\u00f4ng tin Ch\u1ea5t LPCLEANER TD \u2013 A l\u00e0 ch\u1ea5t t\u1ea9y d\u1ea7u m\u1ee1, b\u1ee5i b\u1ea9n hi\u1ec7u qu\u1ea3 \u0111\u1ed3ng th\u1eddi l\u00e0 ch\u1ea5t h\u00e3m m\u00f9i \u1edf \u0111i\u1ec1u ki\u1ec7n l\u00e0m vi\u1ec7c b\u00ecnh th\u01b0\u1eddng. LPCLEANER TD \u2013 A l\u00e0m vi\u1ec7c trong m\u00f4i tr\u01b0\u1eddng acid v\u00e0 c\u00f3 t\u00ednh t\u1ea9y r\u1eefa t\u1ed1t . N\u00f3 ph\u00f9 h\u1ee3p v\u1edbi h\u1ea7u h\u1ebft c\u00e1c c\u00f4ng ngh\u1ec7&hellip;&nbsp;<a href=\"https:\/\/www.lacphat.com\/index.php\/san-pham\/tay-dau-axit-td-a-2\/\" rel=\"bookmark\">\u0110\u1ecdc ti\u1ebfp &raquo;<span class=\"screen-reader-text\">T\u1ea9y d\u1ea7u axit TD-A<\/span><\/a><\/p>\n","protected":false},"featured_media":1439,"comment_status":"open","ping_status":"closed","template":"","meta":{"neve_meta_sidebar":"","neve_meta_container":"","neve_meta_enable_content_width":"off","neve_meta_content_width":100,"neve_meta_title_alignment":"","neve_meta_author_avatar":"","neve_post_elements_order":"","neve_meta_disable_header":"","neve_meta_disable_footer":"","neve_meta_disable_title":""},"product_cat":[33,29],"product_tag":[],"class_list":{"0":"post-734","1":"product","2":"type-product","3":"status-publish","4":"has-post-thumbnail","6":"product_cat-hoa-chat-linh-vuc-inox","7":"product_cat-hoa-chat-linh-vuc-son-tinh-dien","9":"first","10":"instock","11":"taxable","12":"shipping-taxable","13":"product-type-simple"},"_links":{"self":[{"href":"https:\/\/www.lacphat.com\/index.php\/wp-json\/wp\/v2\/product\/734","targetHints":{"allow":["GET"]}}],"collection":[{"href":"https:\/\/www.lacphat.com\/index.php\/wp-json\/wp\/v2\/product"}],"about":[{"href":"https:\/\/www.lacphat.com\/index.php\/wp-json\/wp\/v2\/types\/product"}],"replies":[{"embeddable":true,"href":"https:\/\/www.lacphat.com\/index.php\/wp-json\/wp\/v2\/comments?post=734"}],"wp:featuredmedia":[{"embeddable":true,"href":"https:\/\/www.lacphat.com\/index.php\/wp-json\/wp\/v2\/media\/1439"}],"wp:attachment":[{"href":"https:\/\/www.lacphat.com\/index.php\/wp-json\/wp\/v2\/media?parent=734"}],"wp:term":[{"taxonomy":"product_cat","embeddable":true,"href":"https:\/\/www.lacphat.com\/index.php\/wp-json\/wp\/v2\/product_cat?post=734"},{"taxonomy":"product_tag","embeddable":true,"href":"https:\/\/www.lacphat.com\/index.php\/wp-json\/wp\/v2\/product_tag?post=734"}],"curies":[{"name":"wp","href":"https:\/\/api.w.org\/{rel}","templated":true}]}}