{"id":721,"date":"2025-01-09T07:13:17","date_gmt":"2025-01-09T07:13:17","guid":{"rendered":"https:\/\/indigo-guanaco-564160.hostingersite.com\/?post_type=product&#038;p=721"},"modified":"2025-05-01T16:15:40","modified_gmt":"2025-05-01T16:15:40","slug":"hoa-chat-danh-bong-inox-lp-d50-2","status":"publish","type":"product","link":"https:\/\/www.lacphat.com\/index.php\/san-pham\/hoa-chat-danh-bong-inox-lp-d50-2\/","title":{"rendered":"H\u00f3a ch\u1ea5t \u0111\u00e1nh b\u00f3ng inox LP-\u011050"},"content":{"rendered":"<h2><strong>Th\u00f4ng tin<\/strong><\/h2>\n<p>L\u00e0 ch\u1ea5t ph\u1ee5 gia \u0111\u00e1nh b\u00f3ng inox b\u1eb1ng ph\u01b0\u01a1ng ph\u00e1p \u0111i\u1ec7n gi\u1ea3i, cho b\u1ec1 m\u1eb7t s\u1ea3n ph\u1ea9m b\u00f3ng nh\u01b0 g\u01b0\u01a1ng. Hi\u1ec7u qu\u1ea3 kinh t\u1ebf cao, t\u1ef7 l\u1ec7 pha m\u1edbi c\u0169ng nh\u01b0 ti\u00eau hao ph\u1ee5 gia \u00edt. B\u1ec3 \u0111i\u1ec7n gi\u1ea3i \u1ed5n \u0111\u1ecbnh, d\u1ec5 s\u1eed d\u1ee5ng.<\/p>\n<h2><strong>\u0110\u1eb7c t\u00ednh &amp; l\u01b0u \u00fd:<\/strong><\/h2>\n<ul>\n<li>T\u1ea1o \u0111\u01b0\u1ee3c b\u1ec1 m\u1eb7t b\u00f3ng s\u00e1ng nh\u01b0 g\u01b0\u01a1ng, \u0111\u1ec1u kh\u1eafp.<\/li>\n<li>T\u00ednh \u0111\u1ed3ng nh\u1ea5t cao.<\/li>\n<li>Dung d\u1ecbch \u1ed5n \u0111\u1ecbnh v\u00e0 d\u1ec5 s\u1eed d\u1ee5ng.<\/li>\n<li>Ti\u1ebft ki\u1ec7m \u0111i\u1ec7n.<\/li>\n<li>Hi\u1ec7u qu\u1ea3 kinh t\u1ebf cao.<\/li>\n<\/ul>\n<p><em><strong>Ch\u00fa \u00fd:<\/strong> khi thao t\u00e1c ph\u1ea3i m\u1eb7t \u0111\u1ed3 b\u1ea3o h\u1ed9!<\/em><\/p>\n<h2><strong>C\u00e1ch pha dung d\u1ecbch:<\/strong><\/h2>\n<ul>\n<li>B\u1ed5 sung \u0111\u1ee7 l\u01b0\u1ee3ng H<sub>3<\/sub>PO<sub>4\u00a0<\/sub>v\u00e0o b\u1ec3.<\/li>\n<li>T\u1eeb t\u1eeb cho H<sub>2<\/sub>SO<sub>4<\/sub>\u00a0v\u00e0o, khu\u1ea5y \u0111\u1ec1u.<\/li>\n<li>Cho ch\u1ea5t \u0111\u00e1nh b\u00f3ng v\u00e0o.<\/li>\n<\/ul>\n<p><em>\u00a0\u00a0 F\u00a0\u00a0\u00a0\u00a0 B\u1ec3 c\u00f3 th\u1ec3 s\u1eed d\u1ee5ng \u0111\u01b0\u1ee3c ngay.<\/em><\/p>\n<h2><strong>C\u00e1ch ki\u1ec3m tra n\u1ed3ng \u0111\u1ed9, ch\u00e2m th\u00eam h\u00e0ng ng\u00e0y:<\/strong><\/h2>\n<ul>\n<li>Vui l\u00f2ng xin li\u00ean h\u1ec7 v\u1edbi ch\u00fang t\u00f4i.<\/li>\n<li>\n<p data-block-type=\"core\">H\u00e3y li\u00ean h\u1ec7 ngay v\u1edbi\u00a0<strong>L\u1ea0C PH\u00c1T ,\u00a0<\/strong>Ch\u00fang t\u00f4i cam k\u1ebft mang \u0111\u1ebfn gi\u1ea3i ph\u00e1p ho\u00e0n h\u1ea3o cho b\u1ea1n.<\/p>\n<p data-block-type=\"core\">Hotline:\u00a00904.134979 \u2013 mr. V\u0168<\/p>\n<\/li>\n<\/ul>\n<h2><strong>X\u1eed l\u00ed n\u01b0\u1edbc th\u1ea3i:<\/strong><\/h2>\n<p>H\u00f3a ch\u1ea5t s\u1eed d\u1ee5ng trong c\u00f4ng ngh\u1ec7 ph\u1ed1t ph\u00e1t k\u1ebdm c\u00f3 nhi\u1ec1u th\u00e0nh ph\u1ea7n kh\u00e1c nhau n\u00ean khi \u0111\u1ed5 h\u1ec7 th\u1ed1ng n\u01b0\u1edbc th\u1ea3i ph\u1ea3i x\u1eed l\u00ed ch\u00fang cho ph\u00f9 h\u1ee3p v\u1edbi ti\u00eau chu\u1ea9n y\u00eau c\u1ea7u c\u1ee7a c\u01a1 quan b\u1ea3o v\u1ec7 m\u00f4i tr\u01b0\u1eddng.<\/p>\n<p>N\u1ebfu b\u1ea1n c\u1ea7n b\u1ea5t k\u1ef3 l\u1eddi khuy\u00ean n\u00e0o, ch\u00fang t\u00f4i s\u1eb5n l\u00f2ng gi\u00fap \u0111\u1ee1 t\u1ea1i <a href=\"https:\/\/www.google.com\/maps\/place\/198+%C4%90.+V%C3%B5+V%C4%83n+Ki%E1%BB%87t,+Ph%C6%B0%E1%BB%9Dng+C%E1%BA%A7u+%C3%94ng+L%C3%A3nh,+Qu%E1%BA%ADn+1,+H%E1%BB%93+Ch%C3%AD+Minh,+Vi%E1%BB%87t+Nam\/@10.7642877,106.6952979,17z\/data=!3m1!4b1!4m6!3m5!1s0x31752f14784cd991:0x14be0ea14d67e588!8m2!3d10.7642824!4d106.6978728!16s%2Fg%2F11c5fsl_8s?entry=ttu&amp;g_ep=EgoyMDI1MDIxOS4xIKXMDSoASAFQAw%3D%3D\">C\u00d4NG TY TNHH SX-DV-TM <strong>L\u1ea0C PH\u00c1T<\/strong><\/a><\/p>\n","protected":false},"excerpt":{"rendered":"<p>Th\u00f4ng tin L\u00e0 ch\u1ea5t ph\u1ee5 gia \u0111\u00e1nh b\u00f3ng inox b\u1eb1ng ph\u01b0\u01a1ng ph\u00e1p \u0111i\u1ec7n gi\u1ea3i, cho b\u1ec1 m\u1eb7t s\u1ea3n ph\u1ea9m b\u00f3ng nh\u01b0 g\u01b0\u01a1ng. Hi\u1ec7u qu\u1ea3 kinh t\u1ebf cao, t\u1ef7 l\u1ec7 pha m\u1edbi c\u0169ng nh\u01b0 ti\u00eau hao ph\u1ee5 gia \u00edt. B\u1ec3 \u0111i\u1ec7n gi\u1ea3i \u1ed5n \u0111\u1ecbnh, d\u1ec5 s\u1eed d\u1ee5ng. \u0110\u1eb7c t\u00ednh &amp; l\u01b0u \u00fd: T\u1ea1o \u0111\u01b0\u1ee3c b\u1ec1 m\u1eb7t&hellip;&nbsp;<a href=\"https:\/\/www.lacphat.com\/index.php\/san-pham\/hoa-chat-danh-bong-inox-lp-d50-2\/\" rel=\"bookmark\">\u0110\u1ecdc ti\u1ebfp &raquo;<span class=\"screen-reader-text\">H\u00f3a ch\u1ea5t \u0111\u00e1nh b\u00f3ng inox LP-\u011050<\/span><\/a><\/p>\n","protected":false},"featured_media":1444,"comment_status":"open","ping_status":"closed","template":"","meta":{"neve_meta_sidebar":"","neve_meta_container":"","neve_meta_enable_content_width":"off","neve_meta_content_width":100,"neve_meta_title_alignment":"","neve_meta_author_avatar":"","neve_post_elements_order":"","neve_meta_disable_header":"","neve_meta_disable_footer":"","neve_meta_disable_title":""},"product_cat":[33],"product_tag":[],"class_list":{"0":"post-721","1":"product","2":"type-product","3":"status-publish","4":"has-post-thumbnail","6":"product_cat-hoa-chat-linh-vuc-inox","8":"first","9":"instock","10":"taxable","11":"shipping-taxable","12":"product-type-simple"},"_links":{"self":[{"href":"https:\/\/www.lacphat.com\/index.php\/wp-json\/wp\/v2\/product\/721","targetHints":{"allow":["GET"]}}],"collection":[{"href":"https:\/\/www.lacphat.com\/index.php\/wp-json\/wp\/v2\/product"}],"about":[{"href":"https:\/\/www.lacphat.com\/index.php\/wp-json\/wp\/v2\/types\/product"}],"replies":[{"embeddable":true,"href":"https:\/\/www.lacphat.com\/index.php\/wp-json\/wp\/v2\/comments?post=721"}],"wp:featuredmedia":[{"embeddable":true,"href":"https:\/\/www.lacphat.com\/index.php\/wp-json\/wp\/v2\/media\/1444"}],"wp:attachment":[{"href":"https:\/\/www.lacphat.com\/index.php\/wp-json\/wp\/v2\/media?parent=721"}],"wp:term":[{"taxonomy":"product_cat","embeddable":true,"href":"https:\/\/www.lacphat.com\/index.php\/wp-json\/wp\/v2\/product_cat?post=721"},{"taxonomy":"product_tag","embeddable":true,"href":"https:\/\/www.lacphat.com\/index.php\/wp-json\/wp\/v2\/product_tag?post=721"}],"curies":[{"name":"wp","href":"https:\/\/api.w.org\/{rel}","templated":true}]}}