{"id":669,"date":"2025-01-06T12:40:33","date_gmt":"2025-01-06T12:40:33","guid":{"rendered":"https:\/\/indigo-guanaco-564160.hostingersite.com\/?post_type=product&#038;p=669"},"modified":"2025-05-01T16:17:52","modified_gmt":"2025-05-01T16:17:52","slug":"hoa-chat-dinh-hinh-be-mat-dh-pp-2","status":"publish","type":"product","link":"https:\/\/www.lacphat.com\/index.php\/san-pham\/hoa-chat-dinh-hinh-be-mat-dh-pp-2\/","title":{"rendered":"H\u00f3a ch\u1ea5t \u0111\u1ecbnh h\u00ecnh b\u1ec1 m\u1eb7t \u0110H-PP"},"content":{"rendered":"<h2>Th\u00f4ng tin<\/h2>\n<p>\u0110H \u2013 PP c\u00f3 nhi\u1ec7m v\u1ee5 ho\u1ea1t h\u00f3a cho qu\u00e1 tr\u00ecnh ph\u1ed1t ph\u00e1t nhanh, \u0111i\u1ec1u v\u00e0 m\u1ecbn h\u01a1n. B\u1ec3 \u0111\u1ecbnh h\u00ecnh \u0111\u00f3ng vai tr\u00f2 ho\u1ea1t h\u00f3a \u0111\u1ed3ng th\u1eddi l\u00e0 b\u1ec3 trung h\u00f2a.<\/p>\n<h2><\/h2>\n<h2>C\u00e1c ch\u1ec9 ti\u00eau<\/h2>\n<table width=\"620\">\n<tbody>\n<tr>\n<td width=\"46%\"><strong>Di\u1ec5n gi\u1ea3i<\/strong><\/td>\n<td width=\"53%\"><strong>Ti\u00eau chu\u1ea9n<\/strong><\/td>\n<\/tr>\n<tr>\n<td width=\"46%\">Th\u00e0nh ph\u1ea7n<\/td>\n<td width=\"53%\">C\u00e1c mu\u1ed1i ph\u1ee9c h\u1ee3p,..<\/td>\n<\/tr>\n<tr>\n<td width=\"46%\">Th\u1eddi gian \u0111\u1ecbnh h\u00ecnh<\/td>\n<td width=\"53%\">T\u1eeb 1 \u00b8 2 ph\u00fat<\/td>\n<\/tr>\n<tr>\n<td width=\"46%\">\u0110i\u1ec1u ki\u1ec7n l\u00e0m vi\u1ec7c<\/td>\n<td width=\"53%\">B\u00ecnh th\u01b0\u1eddng<\/td>\n<\/tr>\n<\/tbody>\n<\/table>\n<h2><strong>C\u00e1ch pha:<\/strong><\/h2>\n<p class=\"p1\">Pha theo t\u1ec9 l\u1ec7: 1.3 gam\/l\u00edt.<\/p>\n<p class=\"p1\"><b><i>*Ch\u00fa \u00fd:\u00a0\u00a0<\/i><\/b><i>Dung d\u1ecbch ch\u1ea5t \u0111\u1ecbnh h\u00ecnh ch\u1ec9 \u0111\u01b0\u1ee3c ph\u00e9p c\u00f3 pH t\u1eeb 8 \u00f7 10, kh\u00f4ng \u0111\u01b0\u1ee3c b\u1ed5 sung SODA khi ch\u01b0a c\u1ea7n thi\u1ebft!<\/i><\/p>\n<p>&nbsp;<\/p>\n<p>N\u1ebfu b\u1ea1n c\u1ea7n b\u1ea5t k\u1ef3 l\u1eddi khuy\u00ean n\u00e0o, ch\u00fang t\u00f4i s\u1eb5n l\u00f2ng gi\u00fap \u0111\u1ee1 t\u1ea1i <a href=\"https:\/\/www.google.com\/maps\/place\/198+%C4%90.+V%C3%B5+V%C4%83n+Ki%E1%BB%87t,+Ph%C6%B0%E1%BB%9Dng+C%E1%BA%A7u+%C3%94ng+L%C3%A3nh,+Qu%E1%BA%ADn+1,+H%E1%BB%93+Ch%C3%AD+Minh,+Vi%E1%BB%87t+Nam\/@10.7642877,106.6952979,17z\/data=!3m1!4b1!4m6!3m5!1s0x31752f14784cd991:0x14be0ea14d67e588!8m2!3d10.7642824!4d106.6978728!16s%2Fg%2F11c5fsl_8s?entry=ttu&amp;g_ep=EgoyMDI1MDIxOS4xIKXMDSoASAFQAw%3D%3D\">C\u00d4NG TY TNHH SX-DV-TM <strong>L\u1ea0C PH\u00c1T<\/strong><\/a><\/p>\n","protected":false},"excerpt":{"rendered":"<p>Th\u00f4ng tin \u0110H \u2013 PP c\u00f3 nhi\u1ec7m v\u1ee5 ho\u1ea1t h\u00f3a cho qu\u00e1 tr\u00ecnh ph\u1ed1t ph\u00e1t nhanh, \u0111i\u1ec1u v\u00e0 m\u1ecbn h\u01a1n. B\u1ec3 \u0111\u1ecbnh h\u00ecnh \u0111\u00f3ng vai tr\u00f2 ho\u1ea1t h\u00f3a \u0111\u1ed3ng th\u1eddi l\u00e0 b\u1ec3 trung h\u00f2a. C\u00e1c ch\u1ec9 ti\u00eau Di\u1ec5n gi\u1ea3i Ti\u00eau chu\u1ea9n Th\u00e0nh ph\u1ea7n C\u00e1c mu\u1ed1i ph\u1ee9c h\u1ee3p,.. Th\u1eddi gian \u0111\u1ecbnh h\u00ecnh T\u1eeb 1 \u00b8 2&hellip;&nbsp;<a href=\"https:\/\/www.lacphat.com\/index.php\/san-pham\/hoa-chat-dinh-hinh-be-mat-dh-pp-2\/\" rel=\"bookmark\">\u0110\u1ecdc ti\u1ebfp &raquo;<span class=\"screen-reader-text\">H\u00f3a ch\u1ea5t \u0111\u1ecbnh h\u00ecnh b\u1ec1 m\u1eb7t \u0110H-PP<\/span><\/a><\/p>\n","protected":false},"featured_media":1445,"comment_status":"open","ping_status":"closed","template":"","meta":{"neve_meta_sidebar":"","neve_meta_container":"","neve_meta_enable_content_width":"off","neve_meta_content_width":100,"neve_meta_title_alignment":"","neve_meta_author_avatar":"","neve_post_elements_order":"","neve_meta_disable_header":"","neve_meta_disable_footer":"","neve_meta_disable_title":""},"product_cat":[29],"product_tag":[],"class_list":{"0":"post-669","1":"product","2":"type-product","3":"status-publish","4":"has-post-thumbnail","6":"product_cat-hoa-chat-linh-vuc-son-tinh-dien","8":"first","9":"instock","10":"taxable","11":"shipping-taxable","12":"product-type-simple"},"_links":{"self":[{"href":"https:\/\/www.lacphat.com\/index.php\/wp-json\/wp\/v2\/product\/669","targetHints":{"allow":["GET"]}}],"collection":[{"href":"https:\/\/www.lacphat.com\/index.php\/wp-json\/wp\/v2\/product"}],"about":[{"href":"https:\/\/www.lacphat.com\/index.php\/wp-json\/wp\/v2\/types\/product"}],"replies":[{"embeddable":true,"href":"https:\/\/www.lacphat.com\/index.php\/wp-json\/wp\/v2\/comments?post=669"}],"wp:featuredmedia":[{"embeddable":true,"href":"https:\/\/www.lacphat.com\/index.php\/wp-json\/wp\/v2\/media\/1445"}],"wp:attachment":[{"href":"https:\/\/www.lacphat.com\/index.php\/wp-json\/wp\/v2\/media?parent=669"}],"wp:term":[{"taxonomy":"product_cat","embeddable":true,"href":"https:\/\/www.lacphat.com\/index.php\/wp-json\/wp\/v2\/product_cat?post=669"},{"taxonomy":"product_tag","embeddable":true,"href":"https:\/\/www.lacphat.com\/index.php\/wp-json\/wp\/v2\/product_tag?post=669"}],"curies":[{"name":"wp","href":"https:\/\/api.w.org\/{rel}","templated":true}]}}