{"id":402,"date":"2024-12-19T06:45:46","date_gmt":"2024-12-19T06:45:46","guid":{"rendered":"http:\/\/localhost:8888\/lac-phat\/?post_type=product&#038;p=402"},"modified":"2025-05-01T16:18:53","modified_gmt":"2025-05-01T16:18:53","slug":"hoa-chat-h3po4","status":"publish","type":"product","link":"https:\/\/www.lacphat.com\/index.php\/san-pham\/hoa-chat-h3po4\/","title":{"rendered":"H\u00f3a ch\u1ea5t photphat k\u1ebdm PP-09"},"content":{"rendered":"<div id=\"tab_content\">\n<div id=\"tab1\">\n<h2 class=\"p1\">Th\u00f4ng tin<\/h2>\n<p class=\"p1\"><b>PP \u2013 09\u00a0<\/b>\u0111\u01b0\u1ee3c s\u1eed d\u1ee5ng c\u00f9ng v\u1edbi TT 35,.. \u0111\u1ec3 t\u1ea1o ra l\u1edbp ph\u1ed1t ph\u00e1t k\u1ebdm tr\u00ean b\u1ec1 m\u1eb7t kim lo\u1ea1i. L\u1edbp ph\u1ed1t ph\u00e1t n\u00e0y c\u00f3 kh\u1ea3 n\u0103ng ch\u1ed1ng g\u1ec9 t\u1ed1t t\u1ea1m th\u1eddi m\u00e0 c\u00f2n t\u0103ng \u0111\u1ed9 b\u00e1m d\u00ednh c\u0169ng nh\u01b0 \u0111\u1ed9 \u0111\u00e0n h\u1ed3i c\u1ee7a l\u1edbp s\u01a1n b\u00ean ngo\u00e0i.<\/p>\n<p>&nbsp;<\/p>\n<h2 class=\"p1\"><span class=\"s1\"><b>C\u00e1c ch\u1ec9 ti\u00eau<\/b><\/span><\/h2>\n<table width=\"708\">\n<tbody>\n<tr>\n<td width=\"26%\"><strong>Di\u1ec5n gi\u1ea3i<\/strong><\/td>\n<td width=\"73%\"><strong>Ti\u00eau chu\u1ea9n<\/strong><\/td>\n<\/tr>\n<tr>\n<td width=\"26%\">Th\u00e0nh ph\u1ea7n<\/td>\n<td width=\"73%\">C\u00e1c mu\u1ed1i ph\u1ee9c c\u1ee7a Zn,..<\/td>\n<\/tr>\n<tr>\n<td width=\"26%\">Th\u1eddi gian ph\u1ed1t ph\u00e1t<\/td>\n<td width=\"73%\">T\u1eeb 5 \u00b8 15 ph\u00fat<\/td>\n<\/tr>\n<tr>\n<td width=\"26%\">\u0110i\u1ec1u ki\u1ec7n l\u00e0m vi\u1ec7c<\/td>\n<td width=\"73%\">B\u00ecnh th\u01b0\u1eddng<\/td>\n<\/tr>\n<\/tbody>\n<\/table>\n<p>&nbsp;<\/p>\n<h2 class=\"p1\"><span class=\"s1\"><b>C\u00e1ch pha dung d\u1ecbch b\u1ec3 ph\u1ed1t ph\u00e1t:<\/b><\/span><\/h2>\n<ul class=\"ul1\">\n<li class=\"li1\">Cho v\u00e0o b\u1ec3 kho\u1ea3ng 80% th\u1ec3 t\u00edch c\u1ea7n pha.<\/li>\n<li class=\"li1\">\u0110\u1ed5 50kg PP \u2013 09 cho m\u1ed7i 1000L dung d\u1ecbch v\u00e0o b\u1ec3.<\/li>\n<li class=\"li1\">Th\u00eam 1.5kg SODA cho m\u1ed7i 1000L dung d\u1ecbch.<\/li>\n<li class=\"li1\">\u00a0B\u1ed5 sung n\u01b0\u1edbc cho \u0111\u1ee7 l\u01b0\u1ee3ng c\u1ea7n pha v\u00e0o b\u1ec3 l\u00e0m vi\u1ec7c<\/li>\n<li class=\"li1\">Ngay l\u00fac tr\u01b0\u1edbc l\u00fac b\u1eaft \u0111\u1ea7u l\u00e0m vi\u1ec7c th\u00ec th\u00eam v\u00e0o kho\u1ea3ng 1.0kg TT \u2013 35 cho m\u1ed7i 1000L dung d\u1ecbch v\u00e0 khu\u1ea5y k\u1ef9. Kh\u00f4ng \u0111\u01b0\u1ee3c cho TT \u2013 35 v\u00e0o b\u1ec3 v\u00e0 \u0111\u1ec3 l\u00e2u h\u01a1n 2 gi\u1edd tr\u01b0\u1edbc khi l\u00e0m vi\u1ec7c!<\/li>\n<\/ul>\n<p>&nbsp;<\/p>\n<h2 class=\"p1\"><span class=\"s1\"><b>Ki\u1ec3m so\u00e1t B\u1ec3 ph\u1ed1t ph\u00e1t:<\/b><\/span><\/h2>\n<p class=\"p1\"><b>\u00a0 \u00a0 \u00a01 . \u0110o acid t\u1ed5ng (T.A):<\/b><\/p>\n<ul class=\"ul2\">\n<li class=\"li1\">D\u00f9ng pipette l\u1ea5y 10ml dung d\u1ecbch ph\u1ed1t ph\u00e1t cho v\u00e0o b\u00ecnh tam gi\u00e1c 200ml, th\u00eam v\u00e0o 5 gi\u1ecdt ch\u1ea5t ch\u1ec9 th\u1ecb phenolphthalein. Sau \u0111\u00f3 chu\u1ea9n \u0111\u1ed9 v\u1edbi dung d\u1ecbch NaOH 0.1N cho \u0111\u1ebfn khi c\u00f3 m\u00e0u h\u1ed3ng nh\u1ea1t b\u1ec1n. S\u1ed1 ml dung d\u1ecbch NaOH \u0111\u00e3 s\u1eed d\u1ee5ng ch\u00ednh l\u00e0 s\u1ed1 \u0111i\u1ec3m c\u1ee7a acid t\u1ed5ng T.A.<\/li>\n<li class=\"li1\">N\u00ean duy tr\u00ec s\u1ed1 \u0111i\u1ec3m c\u1ee7a T.A kho\u1ea3ng 20\u00b12 \u0111i\u1ec3m. \u0110\u1ec3 t\u0103ng 1 \u0111i\u1ec3m T.A th\u00ec c\u1ea7n th\u00eam kho\u1ea3ng 2kg PP \u2013 09 cho m\u1ed7i 1000L dung d\u1ecbch.<\/li>\n<\/ul>\n<p class=\"p1\"><b>\u00a0 \u00a0 \u00a02 . \u0110o acid t\u1ef1 do (F.A):<\/b><\/p>\n<ul class=\"ul2\">\n<li class=\"li1\">D\u00f9ng pipette l\u1ea5y 10ml dung d\u1ecbch ph\u1ed1t ph\u00e1t cho v\u00e0o b\u00ecnh tam gi\u00e1c 200ml, th\u00eam v\u00e0o 5 gi\u1ecdt ch\u1ea5t ch\u1ec9 th\u1ecb Bromophenol blue . Sau \u0111\u00f3 chu\u1ea9n \u0111\u1ed9 v\u1edbi dung d\u1ecbch NaOH 0.1N cho \u0111\u1ebfn khi t\u1eeb m\u00e0u v\u00e0ng sang m\u00e0u xanh t\u00edm th\u00ec d\u1eebng. S\u1ed1 ml dung d\u1ecbch NaOH \u0111\u00e3 s\u1eed d\u1ee5ng ch\u00ednh l\u00e0 s\u1ed1 \u0111i\u1ec3m c\u1ee7a acid t\u1ef1 do F.A.<\/li>\n<li class=\"li1\">\u0110i\u1ec3m chu\u1ea9n c\u1ee7a F.A: 0.6 &#8211; 1.5 \u0111i\u1ec3m. Mu\u1ed1n gi\u1ea3m F.A xu\u1ed1ng 0.1 \u0111i\u1ec3m ta s\u1eed d\u1ee5ng kho\u1ea3ng 53g SODA cho 1000L\u00a0 dung d\u1ecbch.<\/li>\n<\/ul>\n<p class=\"p1\"><b>\u00a0 \u00a0 \u00a03 . Ki\u1ec3m tra n\u1ed3ng \u0111\u1ed9 ch\u1ea5t t\u0103ng t\u1ed1c (TT):<\/b><\/p>\n<ul class=\"ul2\">\n<li class=\"li1\">Ta cho dung d\u1ecbch v\u00e0o \u0111\u1ea7y \u1ed1ng Saccharometer, cho th\u00eam n\u1eefa mu\u1ed7ng c\u00e0 ph\u00ea thu\u1ed1c th\u1eed R11 r\u1ed3i d\u00f9ng l\u00f2ng b\u00e0n tay b\u1ecbt ch\u1eb7t mi\u1ec7ng \u1ed1ng v\u00e0 d\u1ef1ng ng\u01b0\u1ee3c l\u00ean cho R11 v\u00e0o \u0111\u1ec1u trong dung d\u1ecbch. Sau \u0111\u00f3 \u0111\u1ec3 \u1ed1ng \u0111\u1ee9ng y\u00ean kho\u1ea3ng 1-2 ph\u00fat. S\u1ed1 ml chi\u1ebfm ch\u1ed7 trong \u1ed1ng ch\u00ednh l\u00e0 s\u1ed1 \u0111i\u1ec3m TT.<\/li>\n<li class=\"li1\">\u0110i\u1ec3m TT t\u1ed1i \u01b0u kho\u1ea3ng 2 &#8211; 5 \u0111i\u1ec3m. D\u00f9ng 150g TT-35 \u0111\u1ec3 t\u0103ng TT l\u00ean 1 \u0111i\u1ec3m cho 1000L dung d\u1ecbch.<\/li>\n<li class=\"li4\"><\/li>\n<\/ul>\n<p class=\"p1\">\u00a0<em>\u00a0 *\u00a0<span class=\"s1\"><b>Ch\u00fa \u00fd:<\/b><\/span><\/em><\/p>\n<ul class=\"ul2\">\n<li class=\"li1\"><em>N\u1ed3ng \u0111\u1ed9 TT s\u1ebd m\u1ea5t d\u1ea7n trong qu\u00e1 tr\u00ecnh l\u00e0m vi\u1ec7c th\u1eadm ch\u00ed ngay c\u1ea3 khi kh\u00f4ng l\u00e0m vi\u1ec7c. Do \u0111\u00f3 ngay \u0111\u1ea7u gi\u1edd l\u00e0m vi\u1ec7c ta ph\u1ea3i th\u00eam TT-35 sau \u0111\u00f3 khu\u1ea5y \u0111\u1ec1u.<\/em><\/li>\n<li class=\"li1\"><em>T\u1ea5t c\u1ea3 th\u00f4ng s\u1ed1 tr\u00ean ch\u1ec9 c\u00f3 t\u00ednh t\u01b0\u01a1ng \u0111\u1ed1i. N\u00ean ch\u00fa \u00fd theo d\u00f5i v\u00e0 r\u00fat ra c\u00e1ch l\u00e0m cho ph\u00f9 h\u1ee3p v\u1edbi c\u00f4ng ngh\u1ec7 c\u1ee7a t\u1eebng nh\u00e0 s\u1ea3n xu\u1ea5t.\u00a0<\/em><\/li>\n<\/ul>\n<p>&nbsp;<\/p>\n<p>N\u1ebfu b\u1ea1n c\u1ea7n b\u1ea5t k\u1ef3 l\u1eddi khuy\u00ean n\u00e0o, ch\u00fang t\u00f4i s\u1eb5n l\u00f2ng gi\u00fap \u0111\u1ee1 t\u1ea1i <a href=\"https:\/\/www.google.com\/maps\/place\/198+%C4%90.+V%C3%B5+V%C4%83n+Ki%E1%BB%87t,+Ph%C6%B0%E1%BB%9Dng+C%E1%BA%A7u+%C3%94ng+L%C3%A3nh,+Qu%E1%BA%ADn+1,+H%E1%BB%93+Ch%C3%AD+Minh,+Vi%E1%BB%87t+Nam\/@10.7642877,106.6952979,17z\/data=!3m1!4b1!4m6!3m5!1s0x31752f14784cd991:0x14be0ea14d67e588!8m2!3d10.7642824!4d106.6978728!16s%2Fg%2F11c5fsl_8s?entry=ttu&amp;g_ep=EgoyMDI1MDIxOS4xIKXMDSoASAFQAw%3D%3D\">C\u00d4NG TY TNHH SX-DV-TM <strong>L\u1ea0C PH\u00c1T<\/strong><\/a><\/p>\n<\/div>\n<\/div>\n","protected":false},"excerpt":{"rendered":"<p>Th\u00f4ng tin PP \u2013 09\u00a0\u0111\u01b0\u1ee3c s\u1eed d\u1ee5ng c\u00f9ng v\u1edbi TT 35,.. \u0111\u1ec3 t\u1ea1o ra l\u1edbp ph\u1ed1t ph\u00e1t k\u1ebdm tr\u00ean b\u1ec1 m\u1eb7t kim lo\u1ea1i. L\u1edbp ph\u1ed1t ph\u00e1t n\u00e0y c\u00f3 kh\u1ea3 n\u0103ng ch\u1ed1ng g\u1ec9 t\u1ed1t t\u1ea1m th\u1eddi m\u00e0 c\u00f2n t\u0103ng \u0111\u1ed9 b\u00e1m d\u00ednh c\u0169ng nh\u01b0 \u0111\u1ed9 \u0111\u00e0n h\u1ed3i c\u1ee7a l\u1edbp s\u01a1n b\u00ean ngo\u00e0i. &nbsp; C\u00e1c ch\u1ec9 ti\u00eau&hellip;&nbsp;<a href=\"https:\/\/www.lacphat.com\/index.php\/san-pham\/hoa-chat-h3po4\/\" rel=\"bookmark\">\u0110\u1ecdc ti\u1ebfp &raquo;<span class=\"screen-reader-text\">H\u00f3a ch\u1ea5t photphat k\u1ebdm PP-09<\/span><\/a><\/p>\n","protected":false},"featured_media":1446,"comment_status":"open","ping_status":"closed","template":"","meta":{"neve_meta_sidebar":"","neve_meta_container":"","neve_meta_enable_content_width":"off","neve_meta_content_width":100,"neve_meta_title_alignment":"","neve_meta_author_avatar":"","neve_post_elements_order":"","neve_meta_disable_header":"","neve_meta_disable_footer":"","neve_meta_disable_title":""},"product_cat":[29],"product_tag":[],"class_list":{"0":"post-402","1":"product","2":"type-product","3":"status-publish","4":"has-post-thumbnail","6":"product_cat-hoa-chat-linh-vuc-son-tinh-dien","8":"first","9":"instock","10":"taxable","11":"shipping-taxable","12":"product-type-simple"},"_links":{"self":[{"href":"https:\/\/www.lacphat.com\/index.php\/wp-json\/wp\/v2\/product\/402","targetHints":{"allow":["GET"]}}],"collection":[{"href":"https:\/\/www.lacphat.com\/index.php\/wp-json\/wp\/v2\/product"}],"about":[{"href":"https:\/\/www.lacphat.com\/index.php\/wp-json\/wp\/v2\/types\/product"}],"replies":[{"embeddable":true,"href":"https:\/\/www.lacphat.com\/index.php\/wp-json\/wp\/v2\/comments?post=402"}],"wp:featuredmedia":[{"embeddable":true,"href":"https:\/\/www.lacphat.com\/index.php\/wp-json\/wp\/v2\/media\/1446"}],"wp:attachment":[{"href":"https:\/\/www.lacphat.com\/index.php\/wp-json\/wp\/v2\/media?parent=402"}],"wp:term":[{"taxonomy":"product_cat","embeddable":true,"href":"https:\/\/www.lacphat.com\/index.php\/wp-json\/wp\/v2\/product_cat?post=402"},{"taxonomy":"product_tag","embeddable":true,"href":"https:\/\/www.lacphat.com\/index.php\/wp-json\/wp\/v2\/product_tag?post=402"}],"curies":[{"name":"wp","href":"https:\/\/api.w.org\/{rel}","templated":true}]}}