{"id":645,"date":"2025-01-05T13:59:25","date_gmt":"2025-01-05T13:59:25","guid":{"rendered":"http:\/\/localhost:8888\/lac-phat\/?page_id=645"},"modified":"2025-02-27T01:17:34","modified_gmt":"2025-02-27T01:17:34","slug":"tuyen-dung","status":"publish","type":"page","link":"https:\/\/www.lacphat.com\/index.php\/tuyen-dung\/","title":{"rendered":"Tuy\u1ec3n d\u1ee5ng"},"content":{"rendered":"<div class=\"wp-block-stackable-columns stk-block-columns stk-block stk-2ab09d3 introduction-page k-section k-container video-page hiring-page\" data-block-id=\"2ab09d3\"><div class=\"stk-row stk-inner-blocks stk-block-content stk-content-align stk-2ab09d3-column\"><div class=\"wp-block-stackable-column stk-block-column stk-column stk-block stk-ee7f902 k-container\" data-v=\"4\" data-block-id=\"ee7f902\"><div class=\"stk-column-wrapper stk-block-column__content stk-container stk-ee7f902-container stk--no-background stk--no-padding\"><div class=\"stk-block-content stk-inner-blocks stk-ee7f902-inner-blocks\"><div class=\"wp-block-stackable-heading stk-block-heading stk-block-heading--v2 stk-block stk-876ed82 k-title\" id=\"tuy\u1ec3n-d\u1ee5ng\" data-block-id=\"876ed82\"><h2 class=\"stk-block-heading__text\">Tuy\u1ec3n d\u1ee5ng<\/h2><\/div>\n\n<p data-block-type=\"core\"><div class=\"hiring-container\"><div class=\"post-item\"><div class=\"post-thumbnail\"><a href=\"https:\/\/www.lacphat.com\/index.php\/2025\/01\/09\/tuyen-nhan-vien-ky-thuat\/\"><img loading=\"lazy\" decoding=\"async\" width=\"150\" height=\"150\" src=\"https:\/\/www.lacphat.com\/wp-content\/uploads\/2025\/01\/a-150x150.jpg\" class=\"attachment-thumbnail size-thumbnail wp-post-image\" alt=\"\" srcset=\"https:\/\/www.lacphat.com\/wp-content\/uploads\/2025\/01\/a-150x150.jpg 150w, https:\/\/www.lacphat.com\/wp-content\/uploads\/2025\/01\/a-300x300.jpg 300w, https:\/\/www.lacphat.com\/wp-content\/uploads\/2025\/01\/a-100x100.jpg 100w\" sizes=\"auto, (max-width: 150px) 100vw, 150px\" \/><\/a><\/div><h4><a href=\"https:\/\/www.lacphat.com\/index.php\/2025\/01\/09\/tuyen-nhan-vien-ky-thuat\/\">Tuy\u1ec3n nh\u00e2n vi\u00ean k\u1ef9 thu\u1eadt<\/a><\/h4><\/div><div class=\"post-item\"><div class=\"post-thumbnail\"><a href=\"https:\/\/www.lacphat.com\/index.php\/2025\/01\/05\/tuyen-nhan-vien-kinh-doanh-2\/\"><img loading=\"lazy\" decoding=\"async\" width=\"150\" height=\"150\" src=\"https:\/\/www.lacphat.com\/wp-content\/uploads\/2025\/01\/tuyen-dung-nhan-vien-kinh-doanh-150x150.jpg\" class=\"attachment-thumbnail size-thumbnail wp-post-image\" alt=\"\" srcset=\"https:\/\/www.lacphat.com\/wp-content\/uploads\/2025\/01\/tuyen-dung-nhan-vien-kinh-doanh-150x150.jpg 150w, https:\/\/www.lacphat.com\/wp-content\/uploads\/2025\/01\/tuyen-dung-nhan-vien-kinh-doanh-300x300.jpg 300w, https:\/\/www.lacphat.com\/wp-content\/uploads\/2025\/01\/tuyen-dung-nhan-vien-kinh-doanh-100x100.jpg 100w\" sizes=\"auto, (max-width: 150px) 100vw, 150px\" \/><\/a><\/div><h4><a href=\"https:\/\/www.lacphat.com\/index.php\/2025\/01\/05\/tuyen-nhan-vien-kinh-doanh-2\/\">Tuy\u1ec3n nh\u00e2n vi\u00ean kinh doanh<\/a><\/h4><\/div><div class=\"post-item\"><div class=\"post-thumbnail\"><a href=\"https:\/\/www.lacphat.com\/index.php\/2025\/01\/05\/tuyen-nhan-vien-kinh-doanh\/\"><img loading=\"lazy\" decoding=\"async\" width=\"150\" height=\"150\" src=\"https:\/\/www.lacphat.com\/wp-content\/uploads\/2025\/01\/cong-viec-cua-tro-ly-giam-doc-2-150x150.jpg\" class=\"attachment-thumbnail size-thumbnail wp-post-image\" alt=\"\" srcset=\"https:\/\/www.lacphat.com\/wp-content\/uploads\/2025\/01\/cong-viec-cua-tro-ly-giam-doc-2-150x150.jpg 150w, https:\/\/www.lacphat.com\/wp-content\/uploads\/2025\/01\/cong-viec-cua-tro-ly-giam-doc-2-300x300.jpg 300w, https:\/\/www.lacphat.com\/wp-content\/uploads\/2025\/01\/cong-viec-cua-tro-ly-giam-doc-2-100x100.jpg 100w\" sizes=\"auto, (max-width: 150px) 100vw, 150px\" \/><\/a><\/div><h4><a href=\"https:\/\/www.lacphat.com\/index.php\/2025\/01\/05\/tuyen-nhan-vien-kinh-doanh\/\">Tuy\u1ec3n Tr\u1ee3 l\u00fd Gi\u00e1m \u0110\u1ed1c<\/a><\/h4><\/div><\/div><div class=\"pagination\"><\/div><\/p><\/div><\/div><\/div><\/div><\/div><p data-block-type=\"core\"><\/p>","protected":false},"excerpt":{"rendered":"<p>Tuy\u1ec3n d\u1ee5ng<\/p>\n","protected":false},"author":1,"featured_media":578,"parent":0,"menu_order":0,"comment_status":"closed","ping_status":"closed","template":"page-templates\/template-pagebuilder-full-width.php","meta":{"neve_meta_sidebar":"","neve_meta_container":"","neve_meta_enable_content_width":"","neve_meta_content_width":0,"neve_meta_title_alignment":"","neve_meta_author_avatar":"","neve_post_elements_order":"","neve_meta_disable_header":"","neve_meta_disable_footer":"","neve_meta_disable_title":"","footnotes":""},"class_list":["post-645","page","type-page","status-publish","has-post-thumbnail","hentry"],"_links":{"self":[{"href":"https:\/\/www.lacphat.com\/index.php\/wp-json\/wp\/v2\/pages\/645","targetHints":{"allow":["GET"]}}],"collection":[{"href":"https:\/\/www.lacphat.com\/index.php\/wp-json\/wp\/v2\/pages"}],"about":[{"href":"https:\/\/www.lacphat.com\/index.php\/wp-json\/wp\/v2\/types\/page"}],"author":[{"embeddable":true,"href":"https:\/\/www.lacphat.com\/index.php\/wp-json\/wp\/v2\/users\/1"}],"replies":[{"embeddable":true,"href":"https:\/\/www.lacphat.com\/index.php\/wp-json\/wp\/v2\/comments?post=645"}],"version-history":[{"count":5,"href":"https:\/\/www.lacphat.com\/index.php\/wp-json\/wp\/v2\/pages\/645\/revisions"}],"predecessor-version":[{"id":1396,"href":"https:\/\/www.lacphat.com\/index.php\/wp-json\/wp\/v2\/pages\/645\/revisions\/1396"}],"wp:featuredmedia":[{"embeddable":true,"href":"https:\/\/www.lacphat.com\/index.php\/wp-json\/wp\/v2\/media\/578"}],"wp:attachment":[{"href":"https:\/\/www.lacphat.com\/index.php\/wp-json\/wp\/v2\/media?parent=645"}],"curies":[{"name":"wp","href":"https:\/\/api.w.org\/{rel}","templated":true}]}}