{"id":620,"date":"2025-01-05T09:17:37","date_gmt":"2025-01-05T09:17:37","guid":{"rendered":"http:\/\/localhost:8888\/lac-phat\/?page_id=620"},"modified":"2025-01-05T10:15:14","modified_gmt":"2025-01-05T10:15:14","slug":"tin-tuc","status":"publish","type":"page","link":"https:\/\/www.lacphat.com\/index.php\/tin-tuc\/","title":{"rendered":"Tin t\u1ee9c"},"content":{"rendered":"<div class=\"wp-block-stackable-columns stk-block-columns stk-block stk-2ab09d3 news-page k-section k-container\" data-block-id=\"2ab09d3\"><div class=\"stk-row stk-inner-blocks stk-block-content stk-content-align stk-2ab09d3-column\"><div class=\"wp-block-stackable-column stk-block-column stk-column stk-block stk-ee7f902 k-container\" data-v=\"4\" data-block-id=\"ee7f902\"><div class=\"stk-column-wrapper stk-block-column__content stk-container stk-ee7f902-container stk--no-background stk--no-padding\"><div class=\"stk-block-content stk-inner-blocks stk-ee7f902-inner-blocks\"><div class=\"wp-block-stackable-heading stk-block-heading stk-block-heading--v2 stk-block stk-876ed82 k-title\" id=\"tin-t\u1ee9c\" data-block-id=\"876ed82\"><h2 class=\"stk-block-heading__text\">Tin t\u1ee9c<\/h2><\/div>\n\n<p data-block-type=\"core\"><section class=\"news-page-lastest-posts\">\n\t\t<div class=\"latest-post-group\">\n\t\t\t\t\t\t\t<div class=\"latest-post\">\n\t\t\t\t\t<a href=\"https:\/\/www.lacphat.com\/index.php\/2025\/01\/09\/hoa-chat-xi-ma-la-gi-hoa-chat-xi-ma-co-ung-dung-gi-trong-doi-song\/\">\n\t\t\t\t\t\t\t\t\t\t\t\t\t<div class=\"post-thumbnail\">\n\t\t\t\t\t\t\t\t<img loading=\"lazy\" decoding=\"async\" width=\"500\" height=\"333\" src=\"https:\/\/www.lacphat.com\/wp-content\/uploads\/2025\/01\/xi-ma-KL-2.jpg\" class=\"attachment-large size-large wp-post-image\" alt=\"\" srcset=\"https:\/\/www.lacphat.com\/wp-content\/uploads\/2025\/01\/xi-ma-KL-2.jpg 500w, https:\/\/www.lacphat.com\/wp-content\/uploads\/2025\/01\/xi-ma-KL-2-300x200.jpg 300w\" sizes=\"auto, (max-width: 500px) 100vw, 500px\" \/>\t\t\t\t\t\t\t<\/div>\n\t\t\t\t\t\t\t\t\t\t\t\t<div class=\"content\">\n\t\t\t\t\t\t\t<p class=\"name\">H\u00f3a ch\u1ea5t xi m\u1ea1 l\u00e0 g\u00ec? H\u00f3a ch\u1ea5t xi m\u1ea1 c\u00f3 \u1ee9ng d\u1ee5ng g\u00ec trong \u0111\u1eddi s\u1ed1ng<\/p>\n\t\t\t\t\t\t\t<div class=\"post-preview\">\n\t\t\t\t\t\t\t\t<p>1 - HO\u00c1 CH\u1ea4T XI M\u1ea0 L\u00c0 G\u00cc ? H\u00f3a ch\u1ea5t xi m\u1ea1 l\u00e0 nh\u1eefng lo\u1ea1i h\u00f3a ch\u1ea5t m\u00e0 ch\u00fang ta th\u01b0\u1eddng s\u1eed d\u1ee5ng \u0111\u1ec3 xi m\u1ea1 l\u00ean b\u1ec1 m\u1eb7t kim lo\u1ea1i \u0111\u1ec3 t\u1ea1o ra l\u1edbp m\u00e0ng b\u1ea3o v\u1ec7 \u0111\u1ec3 n\u00e2ng cao t\u00ednh th\u1ea9m m\u1ef9, ch\u1ea5t l\u01b0\u1ee3ng, \u0111\u1ed9 b\u1ec1n v\u00e0 gi\u00e1 tr\u1ecb c\u1ee7a s\u1ea3n ph\u1ea9m \u0111\u01b0\u1ee3c xi m\u1ea1. \u0110\u00e2y l\u00e0 m\u1ed9t ng\u00e0nh c\u00f4ng nghi\u1ec7p xi m\u1ea1 t\u1eeb l\u00e2u \u0111\u00e3 r\u1ea5t quen thu\u1ed9c v\u00e0 \u0111\u00f3ng vai tr\u00f2 r\u1ea5t quan tr\u1ecdng trong...<\/p>\t\t\t\t\t\t\t<\/div>\n\t\t\t\t\t\t\t<p class=\"view-detail-button\">Xem chi ti\u1ebft<\/p>\n\t\t\t\t\t\t<\/div>\n\t\t\t\t\t<\/a>\n\t\t\t\t<\/div>\n\t\t\t\t\t<\/div>\n\t\t\t<div class=\"next-posts-group\">\n\t\t\t\t\t\t\t<div class=\"next-post\">\n\t\t\t\t\t<a href=\"https:\/\/www.lacphat.com\/index.php\/2025\/01\/09\/inox-co-son-tinh-dien-duoc-khong-giai-dap-chinh-xac-va-chi-tiet\/\">\n\t\t\t\t\t\t\t\t\t\t\t\t\t<div class=\"post-thumbnail\">\n\t\t\t\t\t\t\t\t<img loading=\"lazy\" decoding=\"async\" width=\"300\" height=\"206\" src=\"https:\/\/www.lacphat.com\/wp-content\/uploads\/2025\/01\/son-tinh-dien-gp-1-300x206.jpg\" class=\"attachment-medium size-medium wp-post-image\" alt=\"\" srcset=\"https:\/\/www.lacphat.com\/wp-content\/uploads\/2025\/01\/son-tinh-dien-gp-1-300x206.jpg 300w, https:\/\/www.lacphat.com\/wp-content\/uploads\/2025\/01\/son-tinh-dien-gp-1-768x526.jpg 768w, https:\/\/www.lacphat.com\/wp-content\/uploads\/2025\/01\/son-tinh-dien-gp-1-600x411.jpg 600w, https:\/\/www.lacphat.com\/wp-content\/uploads\/2025\/01\/son-tinh-dien-gp-1.jpg 940w\" sizes=\"auto, (max-width: 300px) 100vw, 300px\" \/>\t\t\t\t\t\t\t<\/div>\n\t\t\t\t\t\t\t\t\t\t\t\t<p class=\"name\">Inox c\u00f3 s\u01a1n t\u0129nh \u0111i\u1ec7n \u0111\u01b0\u1ee3c kh\u00f4ng ? Gi\u1ea3i ph\u00e1p ch\u00ednh x\u00e1c v\u00e0 chi ti\u1ebft<\/p>\n\n\t\t\t\t\t<\/a>\n\t\t\t\t<\/div>\n\t\t\t\t\t\t\t<div class=\"next-post\">\n\t\t\t\t\t<a href=\"https:\/\/www.lacphat.com\/index.php\/2025\/01\/09\/ong-do-tang-toc-trong-be-phot-phat-2\/\">\n\t\t\t\t\t\t\t\t\t\t\t\t\t<div class=\"post-thumbnail\">\n\t\t\t\t\t\t\t\t<img loading=\"lazy\" decoding=\"async\" width=\"209\" height=\"300\" src=\"https:\/\/www.lacphat.com\/wp-content\/uploads\/2025\/01\/Ong-do-tang-toc-trong-be-phot-phat-1-209x300.jpg\" class=\"attachment-medium size-medium wp-post-image\" alt=\"\" srcset=\"https:\/\/www.lacphat.com\/wp-content\/uploads\/2025\/01\/Ong-do-tang-toc-trong-be-phot-phat-1-209x300.jpg 209w, https:\/\/www.lacphat.com\/wp-content\/uploads\/2025\/01\/Ong-do-tang-toc-trong-be-phot-phat-1.jpg 418w\" sizes=\"auto, (max-width: 209px) 100vw, 209px\" \/>\t\t\t\t\t\t\t<\/div>\n\t\t\t\t\t\t\t\t\t\t\t\t<p class=\"name\">\u1ed0ng \u0111o t\u0103ng t\u1ed1c trong b\u1ec3 ph\u1ed1t ph\u00e1t<\/p>\n\n\t\t\t\t\t<\/a>\n\t\t\t\t<\/div>\n\t\t\t\t\t<\/div>\n\t<\/section><\/p>\n\n<div class=\"wp-block-stackable-heading stk-block-heading stk-block-heading--v2 stk-block stk-c573970 k-title other-news-title\" id=\"cac-tin-t\u1ee9c-khac\" data-block-id=\"c573970\"><h3 class=\"stk-block-heading__text\">C\u00e1c tin t\u1ee9c kh\u00e1c<\/h3><\/div>\n\n<p data-block-type=\"core\"><div class=\"latest-posts-except-4 k-content\"><ul class=\"related-posts-list\">\t\t\t\t<li>\n\t\t\t\t\t<a href=\"https:\/\/www.lacphat.com\/index.php\/2025\/01\/09\/tam-quan-trong-cua-viec-xu-ly-be-mat-kim-loai-2\/\">\n\t\t\t\t\t\tT\u1ea7m quan tr\u1ecdng c\u1ee7a vi\u1ec7c x\u1eed l\u00fd b\u1ec1 m\u1eb7t kim lo\u1ea1i\t\t\t\t\t<\/a>\n\t\t\t\t<\/li>\n\t\t\t\t\t\t\t\t<li>\n\t\t\t\t\t<a href=\"https:\/\/www.lacphat.com\/index.php\/2025\/01\/05\/tuyen-nhan-vien-kinh-doanh\/\">\n\t\t\t\t\t\tTuy\u1ec3n Tr\u1ee3 l\u00fd Gi\u00e1m \u0110\u1ed1c\t\t\t\t\t<\/a>\n\t\t\t\t<\/li>\n\t\t\t\t<\/ul><\/div><div class=\"pagination\"><\/div><\/p><\/div><\/div><\/div><\/div><\/div><p data-block-type=\"core\"><\/p>","protected":false},"excerpt":{"rendered":"<p>Tin t\u1ee9c C\u00e1c tin t\u1ee9c kh\u00e1c<\/p>\n","protected":false},"author":1,"featured_media":0,"parent":0,"menu_order":0,"comment_status":"closed","ping_status":"closed","template":"page-templates\/template-pagebuilder-full-width.php","meta":{"neve_meta_sidebar":"","neve_meta_container":"","neve_meta_enable_content_width":"","neve_meta_content_width":0,"neve_meta_title_alignment":"","neve_meta_author_avatar":"","neve_post_elements_order":"","neve_meta_disable_header":"","neve_meta_disable_footer":"","neve_meta_disable_title":"","footnotes":""},"class_list":["post-620","page","type-page","status-publish","hentry"],"_links":{"self":[{"href":"https:\/\/www.lacphat.com\/index.php\/wp-json\/wp\/v2\/pages\/620","targetHints":{"allow":["GET"]}}],"collection":[{"href":"https:\/\/www.lacphat.com\/index.php\/wp-json\/wp\/v2\/pages"}],"about":[{"href":"https:\/\/www.lacphat.com\/index.php\/wp-json\/wp\/v2\/types\/page"}],"author":[{"embeddable":true,"href":"https:\/\/www.lacphat.com\/index.php\/wp-json\/wp\/v2\/users\/1"}],"replies":[{"embeddable":true,"href":"https:\/\/www.lacphat.com\/index.php\/wp-json\/wp\/v2\/comments?post=620"}],"version-history":[{"count":6,"href":"https:\/\/www.lacphat.com\/index.php\/wp-json\/wp\/v2\/pages\/620\/revisions"}],"predecessor-version":[{"id":637,"href":"https:\/\/www.lacphat.com\/index.php\/wp-json\/wp\/v2\/pages\/620\/revisions\/637"}],"wp:attachment":[{"href":"https:\/\/www.lacphat.com\/index.php\/wp-json\/wp\/v2\/media?parent=620"}],"curies":[{"name":"wp","href":"https:\/\/api.w.org\/{rel}","templated":true}]}}