{"id":609,"date":"2025-01-05T07:20:13","date_gmt":"2025-01-05T07:20:13","guid":{"rendered":"http:\/\/localhost:8888\/lac-phat\/?page_id=609"},"modified":"2025-01-05T07:45:07","modified_gmt":"2025-01-05T07:45:07","slug":"video","status":"publish","type":"page","link":"https:\/\/www.lacphat.com\/index.php\/video\/","title":{"rendered":"Video"},"content":{"rendered":"<div class=\"wp-block-stackable-columns stk-block-columns stk-block stk-2ab09d3 introduction-page k-section k-container video-page\" data-block-id=\"2ab09d3\"><div class=\"stk-row stk-inner-blocks stk-block-content stk-content-align stk-2ab09d3-column\"><div class=\"wp-block-stackable-column stk-block-column stk-column stk-block stk-ee7f902 k-container\" data-v=\"4\" data-block-id=\"ee7f902\"><div class=\"stk-column-wrapper stk-block-column__content stk-container stk-ee7f902-container stk--no-background stk--no-padding\"><div class=\"stk-block-content stk-inner-blocks stk-ee7f902-inner-blocks\"><div class=\"wp-block-stackable-heading stk-block-heading stk-block-heading--v2 stk-block stk-876ed82 k-title\" id=\"video\" data-block-id=\"876ed82\"><h2 class=\"stk-block-heading__text\">Video<\/h2><\/div>\n\n<p data-block-type=\"core\"><section class=\"home-page-lastest-videos\"><div class=\"video\"><a target=\"blank\" href=\"https:\/\/www.facebook.com\/lac.phat.906\/videos\/946845102718380\"><a class=\"image\" target=\"blank\" href=\"https:\/\/www.facebook.com\/lac.phat.906\/videos\/946845102718380\"><img decoding=\"async\" src=\"https:\/\/www.lacphat.com\/wp-content\/uploads\/2024\/12\/image-17efc1.svg\" class=\"attachment-post-thumbnail size-post-thumbnail wp-post-image\" alt=\"\" \/><\/a><h3><a class=\"image\" target=\"blank\" href=\"https:\/\/www.facebook.com\/lac.phat.906\/videos\/946845102718380\">C\u00d4NG TY TNHH C\u00d4NG NGH\u1ec6 UNIV-L\u1ea0C PH\u00c1T<\/a><\/h3><\/a><\/div><div class=\"video\"><a target=\"blank\" href=\"https:\/\/www.facebook.com\/lac.phat.906\/videos\/734415150628044\/\"><a class=\"image\" target=\"blank\" href=\"https:\/\/www.facebook.com\/lac.phat.906\/videos\/734415150628044\/\"><img loading=\"lazy\" decoding=\"async\" width=\"336\" height=\"208\" src=\"https:\/\/www.lacphat.com\/wp-content\/uploads\/2024\/12\/image-7.png\" class=\"attachment-post-thumbnail size-post-thumbnail wp-post-image\" alt=\"\" srcset=\"https:\/\/www.lacphat.com\/wp-content\/uploads\/2024\/12\/image-7.png 336w, https:\/\/www.lacphat.com\/wp-content\/uploads\/2024\/12\/image-7-300x186.png 300w\" sizes=\"auto, (max-width: 336px) 100vw, 336px\" \/><\/a><h3><a class=\"image\" target=\"blank\" href=\"https:\/\/www.facebook.com\/lac.phat.906\/videos\/734415150628044\/\">C\u00f4ng ngh\u1ec7 Ph\u1ed1t nano ch\u1ec9 2 h\u1ed3 b\u1ec3 Ho\u00e1 ch\u1ea5t<\/a><\/h3><\/a><\/div><div class=\"video\"><a target=\"blank\" href=\"https:\/\/www.facebook.com\/lac.phat.906\/videos\/1603454586876548\"><a class=\"image\" target=\"blank\" href=\"https:\/\/www.facebook.com\/lac.phat.906\/videos\/1603454586876548\"><img loading=\"lazy\" decoding=\"async\" width=\"952\" height=\"936\" src=\"https:\/\/www.lacphat.com\/wp-content\/uploads\/2024\/12\/Screen-Shot-2025-05-01-at-23.33.07.png\" class=\"attachment-post-thumbnail size-post-thumbnail wp-post-image\" alt=\"\" srcset=\"https:\/\/www.lacphat.com\/wp-content\/uploads\/2024\/12\/Screen-Shot-2025-05-01-at-23.33.07.png 952w, https:\/\/www.lacphat.com\/wp-content\/uploads\/2024\/12\/Screen-Shot-2025-05-01-at-23.33.07-300x295.png 300w, https:\/\/www.lacphat.com\/wp-content\/uploads\/2024\/12\/Screen-Shot-2025-05-01-at-23.33.07-768x755.png 768w, https:\/\/www.lacphat.com\/wp-content\/uploads\/2024\/12\/Screen-Shot-2025-05-01-at-23.33.07-600x590.png 600w\" sizes=\"auto, (max-width: 952px) 100vw, 952px\" \/><\/a><h3><a class=\"image\" target=\"blank\" href=\"https:\/\/www.facebook.com\/lac.phat.906\/videos\/1603454586876548\">C\u00f4ng ngh\u1ec7 ph\u1ed1t ph\u00e1t kh\u00f4ng b\u00f9n b\u1ed9t v\u00e0 ch\u1ec9 1 ch\u1ea5t pha v\u00e0o<\/a><\/h3><\/a><\/div><div class=\"video\"><a target=\"blank\" href=\"https:\/\/www.youtube.com\/watch?v=Sc1LHZB5bEs\"><a class=\"image\" target=\"blank\" href=\"https:\/\/www.youtube.com\/watch?v=Sc1LHZB5bEs\"><img loading=\"lazy\" decoding=\"async\" width=\"1280\" height=\"960\" src=\"https:\/\/www.lacphat.com\/wp-content\/uploads\/2024\/12\/362927015_260906496696688_5983612995561941961_n.jpg\" class=\"attachment-post-thumbnail size-post-thumbnail wp-post-image\" alt=\"\" srcset=\"https:\/\/www.lacphat.com\/wp-content\/uploads\/2024\/12\/362927015_260906496696688_5983612995561941961_n.jpg 1280w, https:\/\/www.lacphat.com\/wp-content\/uploads\/2024\/12\/362927015_260906496696688_5983612995561941961_n-300x225.jpg 300w, https:\/\/www.lacphat.com\/wp-content\/uploads\/2024\/12\/362927015_260906496696688_5983612995561941961_n-1024x768.jpg 1024w, https:\/\/www.lacphat.com\/wp-content\/uploads\/2024\/12\/362927015_260906496696688_5983612995561941961_n-768x576.jpg 768w, https:\/\/www.lacphat.com\/wp-content\/uploads\/2024\/12\/362927015_260906496696688_5983612995561941961_n-600x450.jpg 600w\" sizes=\"auto, (max-width: 1280px) 100vw, 1280px\" \/><\/a><h3><a class=\"image\" target=\"blank\" href=\"https:\/\/www.youtube.com\/watch?v=Sc1LHZB5bEs\">X\u1eed l\u00fd b\u1ec1 m\u1eb7t th\u00e9p kim lo\u1ea1i tr\u01b0\u1edbc khi s\u01a1n t\u0129nh \u0111i\u1ec7n (t\u1ea9y d\u1ea7u ki\u1ec3m) 2<\/a><\/h3><\/a><\/div><\/section><\/p><\/div><\/div><\/div><\/div><\/div><p data-block-type=\"core\"><\/p>","protected":false},"excerpt":{"rendered":"<p>Video<\/p>\n","protected":false},"author":1,"featured_media":0,"parent":0,"menu_order":0,"comment_status":"closed","ping_status":"closed","template":"page-templates\/template-pagebuilder-full-width.php","meta":{"neve_meta_sidebar":"","neve_meta_container":"","neve_meta_enable_content_width":"","neve_meta_content_width":0,"neve_meta_title_alignment":"","neve_meta_author_avatar":"","neve_post_elements_order":"","neve_meta_disable_header":"","neve_meta_disable_footer":"","neve_meta_disable_title":"","footnotes":""},"class_list":["post-609","page","type-page","status-publish","hentry"],"_links":{"self":[{"href":"https:\/\/www.lacphat.com\/index.php\/wp-json\/wp\/v2\/pages\/609","targetHints":{"allow":["GET"]}}],"collection":[{"href":"https:\/\/www.lacphat.com\/index.php\/wp-json\/wp\/v2\/pages"}],"about":[{"href":"https:\/\/www.lacphat.com\/index.php\/wp-json\/wp\/v2\/types\/page"}],"author":[{"embeddable":true,"href":"https:\/\/www.lacphat.com\/index.php\/wp-json\/wp\/v2\/users\/1"}],"replies":[{"embeddable":true,"href":"https:\/\/www.lacphat.com\/index.php\/wp-json\/wp\/v2\/comments?post=609"}],"version-history":[{"count":5,"href":"https:\/\/www.lacphat.com\/index.php\/wp-json\/wp\/v2\/pages\/609\/revisions"}],"predecessor-version":[{"id":618,"href":"https:\/\/www.lacphat.com\/index.php\/wp-json\/wp\/v2\/pages\/609\/revisions\/618"}],"wp:attachment":[{"href":"https:\/\/www.lacphat.com\/index.php\/wp-json\/wp\/v2\/media?parent=609"}],"curies":[{"name":"wp","href":"https:\/\/api.w.org\/{rel}","templated":true}]}}