{"id":551,"date":"2024-12-24T02:41:23","date_gmt":"2024-12-24T02:41:23","guid":{"rendered":"http:\/\/localhost:8888\/lac-phat\/?page_id=551"},"modified":"2025-07-15T07:09:43","modified_gmt":"2025-07-15T07:09:43","slug":"gioi-thieu","status":"publish","type":"page","link":"https:\/\/www.lacphat.com\/index.php\/gioi-thieu\/","title":{"rendered":"Gi\u1edbi thi\u1ec7u"},"content":{"rendered":"<div class=\"wp-block-stackable-columns stk-block-columns stk-block stk-2ab09d3 introduction-page k-section k-container\" data-block-id=\"2ab09d3\"><div class=\"stk-row stk-inner-blocks stk-block-content stk-content-align stk-2ab09d3-column\"><div class=\"wp-block-stackable-column stk-block-column stk-column stk-block stk-ee7f902 k-container\" data-v=\"4\" data-block-id=\"ee7f902\"><div class=\"stk-column-wrapper stk-block-column__content stk-container stk-ee7f902-container stk--no-background stk--no-padding\"><div class=\"stk-block-content stk-inner-blocks stk-ee7f902-inner-blocks\"><div class=\"wp-block-stackable-heading stk-block-heading stk-block-heading--v2 stk-block stk-876ed82 k-title\" id=\"gi\u1edbi-thi\u1ec7u\" data-block-id=\"876ed82\"><h2 class=\"stk-block-heading__text\">Gi\u1edbi thi\u1ec7u<\/h2><\/div>\n\n<div class=\"wp-block-stackable-heading stk-block-heading stk-block-heading--v2 stk-block stk-c3364dd\" id=\"cong-ty-tnhh-cong-ngh\u1ec7-univ-l\u1ea1c-phat\" data-block-id=\"c3364dd\"><style>.stk-c3364dd .stk-block-heading__text{font-size:20px !important;color:var(--nv-primary-accent) !important;}@media screen and (max-width: 1023px){.stk-c3364dd .stk-block-heading__text{font-size:20px !important;}}@media screen and (max-width: 767px){.stk-c3364dd .stk-block-heading__text{font-size:18px !important;}}<\/style><h3 class=\"stk-block-heading__text has-text-color\">C\u00d4NG TY TNHH C\u00d4NG NGH\u1ec6 UNIV-L\u1ea0C PH\u00c1T<\/h3><\/div>\n\n<div class=\"wp-block-stackable-columns stk-block-columns stk-block stk-b77fbb5\" data-block-id=\"b77fbb5\"><style>.stk-b77fbb5 {margin-bottom:100px !important;}@media screen and (max-width: 767px){.stk-b77fbb5 {margin-bottom:25px !important;}}<\/style><div class=\"stk-row stk-inner-blocks stk-block-content stk-content-align stk-b77fbb5-column\"><div class=\"wp-block-stackable-column stk-block-column stk-column stk-block stk-9f59ede k-content\" data-v=\"4\" data-block-id=\"9f59ede\"><style>@media screen and (min-width: 768px){.stk-9f59ede {flex:var(--stk-flex-grow, 1) 1 calc(55.7% - var(--stk-column-gap, 0px) * 1 \/ 2 ) !important;}}@media screen and (min-width: 768px) and (max-width: 1023px){.stk-9f59ede {flex:var(--stk-flex-grow, 1) 1 calc(54.8% - var(--stk-column-gap, 0px) * 1 \/ 2 ) !important;}}<\/style><div class=\"stk-column-wrapper stk-block-column__content stk-container stk-9f59ede-container stk--no-background stk--no-padding\"><div class=\"stk-block-content stk-inner-blocks stk-9f59ede-inner-blocks\"><p data-block-type=\"core\">C\u00d4NG TY TNHH C\u00d4NG NGH\u1ec6 UNIV-L\u1ea0C PH\u00c1T chuy\u00ean cung c\u1ea5p c\u00e1c lo\u1ea1i <strong>h\u00f3a ch\u1ea5t<\/strong> ph\u1ee5c v\u1ee5 cho c\u00f4ng nghi\u1ec7p x\u1eed l\u00fd b\u1ec1 m\u1eb7t kim lo\u1ea1i, m\u1ea1 c\u00f4ng nghi\u1ec7p v\u00e0 s\u01a1n t\u0129nh \u0111i\u1ec7n.<\/p>\n\n<div class=\"wp-block-stackable-text stk-block-text stk-block stk-c4b29d2\" data-block-id=\"c4b29d2\"><style>.stk-c4b29d2 .stk-block-text__text{font-size:20px !important;}@media screen and (max-width: 1023px){.stk-c4b29d2 .stk-block-text__text{font-size:20px !important;}}@media screen and (max-width: 767px){.stk-c4b29d2 .stk-block-text__text{font-size:20px !important;}}<\/style><p class=\"stk-block-text__text\"><strong><span style=\"color: var(--nv-primary-accent);\" class=\"stk-highlight\">C\u00e1c m\u1eb7t h\u00e0ng\u00a0C\u00f4ng ty TNHH\u00a0C\u00d4NG NGH\u1ec6 UNIV-L\u1ea0C PH\u00c1T chuy\u00ean cung c\u1ea5p v\u00e0 s\u1ea3n xu\u1ea5t:<\/span><\/strong> <\/p><\/div>\n\n<ul class=\"wp-block-list\" data-block-type=\"core\"><li data-block-type=\"core\">Kinh doanh h\u00f3a ch\u1ea5t x\u1eed l\u00fd b\u1ec1 m\u1eb7t kim lo\u1ea1i: ch\u1ea5t t\u1ea9y d\u1ea7u ki\u1ec1m, Acid trong l\u0129nh v\u1ef1c T\u00f4n, Nh\u00f4m, S\u1eaft, Th\u00e9p\u2026<\/li>\n\n<li data-block-type=\"core\">Photphat k\u1ebdm, Ch\u1ea5t \u0111\u1ecbnh h\u00ecnh, Ch\u1ea5t t\u0103ng t\u1ed1c, \u2026 d\u00f9ng trong l\u0129nh v\u1ef1c s\u01a1n t\u0129nh \u0111i\u1ec7n.<\/li>\n\n<li data-block-type=\"core\">H\u00f3a ch\u1ea5t c\u01a1 b\u1ea3n, h\u00f3a ch\u1ea5t x\u1eed l\u00fd trong l\u0129nh v\u1ef1c xi m\u1ea1,\u2026<\/li>\n\n<li data-block-type=\"core\">T\u01b0 v\u1ea5n v\u00e0 cung c\u1ea5p thi\u1ebft b\u1ecb, h\u00f3a ch\u1ea5t x\u1eed l\u00fd n\u01b0\u1edbc.<\/li>\n\n<li data-block-type=\"core\">T\u01b0 v\u1ea5n v\u00e0 l\u1eafp \u0111\u1eb7t v\u00e0 b\u1ea3o tr\u00ec c\u00e1c h\u1ec7 th\u1ed1ng x\u1eed l\u00fd n\u01b0\u1edbc, b\u1ea3o tr\u00ec l\u00f2 h\u01a1i.<\/li><\/ul>\n\n<p data-block-type=\"core\">V\u1edbi <strong>c\u00f4ng ngh\u1ec7 hi\u1ec7n \u0111\u1ea1i t\u1eeb M\u1ef9<\/strong>, L\u1ea1c Ph\u00e1t cam k\u1ebft mang \u0111\u1ebfn <strong>s\u1ea3n ph\u1ea9m ch\u1ea5t l\u01b0\u1ee3ng cao, \u0111\u00e1p \u1ee9ng nhu c\u1ea7u ng\u00e0y c\u00e0ng ph\u00e1t tri\u1ec3n c\u1ee7a th\u1ecb tr\u01b0\u1eddng<\/strong> c\u00f4ng nghi\u1ec7p. C\u00f4ng ty c\u00f3 tr\u1ee5 s\u1edf t\u1ea1i TP. H\u1ed3 Ch\u00ed Minh, v\u1edbi c\u00e1c nh\u00e0 m\u00e1y \u0111\u1eb7t t\u1ea1i B\u00ecnh D\u01b0\u01a1ng v\u00e0 Long An, t\u1ea1o \u0111i\u1ec1u ki\u1ec7n thu\u1eadn l\u1ee3i cho vi\u1ec7c s\u1ea3n xu\u1ea5t v\u00e0 ph\u00e2n ph\u1ed1i s\u1ea3n ph\u1ea9m<\/p><\/div><\/div><\/div>\n\n<div class=\"wp-block-stackable-column stk-block-column stk-column stk-block stk-4a8b160\" data-v=\"4\" data-block-id=\"4a8b160\"><style>@media screen and (min-width: 768px){.stk-4a8b160 {flex:var(--stk-flex-grow, 1) 1 calc(44.3% - var(--stk-column-gap, 0px) * 1 \/ 2 ) !important;}}@media screen and (min-width: 768px) and (max-width: 1023px){.stk-4a8b160 {flex:var(--stk-flex-grow, 1) 1 calc(44.29999999999998% - var(--stk-column-gap, 0px) * 1 \/ 2 ) !important;}}@media screen and (max-width: 767px){.stk-4a8b160-container{margin-top:0px !important;margin-right:0px !important;margin-bottom:0px !important;margin-left:0px !important;}}<\/style><div class=\"stk-column-wrapper stk-block-column__content stk-container stk-4a8b160-container stk--no-background stk--no-padding\"><div class=\"has-text-align-right stk-block-content stk-inner-blocks stk-4a8b160-inner-blocks\"><div class=\"wp-block-image\"><figure class=\"alignright size-full\" data-block-type=\"core\"><img loading=\"lazy\" decoding=\"async\" width=\"407\" height=\"424\" src=\"https:\/\/www.lacphat.com\/wp-content\/uploads\/2024\/12\/Group-2124.png\" alt=\"\" class=\"wp-image-218\" srcset=\"https:\/\/www.lacphat.com\/wp-content\/uploads\/2024\/12\/Group-2124.png 407w, https:\/\/www.lacphat.com\/wp-content\/uploads\/2024\/12\/Group-2124-288x300.png 288w\" sizes=\"auto, (max-width: 407px) 100vw, 407px\" \/><\/figure><\/div><\/div><\/div><\/div><\/div><\/div>\n\n<div class=\"wp-block-stackable-columns stk-block-columns stk-block stk-58267b3 stk-block-background contact-section\" data-block-id=\"58267b3\"><div class=\"stk-row stk-inner-blocks stk-block-content stk-content-align stk-58267b3-column\"><div class=\"wp-block-stackable-column stk-block-column stk-column stk-block stk-4ed6618\" data-v=\"4\" data-block-id=\"4ed6618\"><style>.stk-4ed6618-container{margin-top:0px !important;margin-right:0px !important;margin-bottom:0px !important;margin-left:0px !important;}@media screen and (min-width: 768px){.stk-4ed6618 {flex:var(--stk-flex-grow, 1) 1 calc(25% - var(--stk-column-gap, 0px) * 1 \/ 2 ) !important;}}@media screen and (max-width: 767px){.stk-4ed6618 {align-self:center !important;}}<\/style><div class=\"stk-column-wrapper stk-block-column__content stk-container stk-4ed6618-container stk--no-background stk--no-padding\"><div class=\"has-text-align-center-mobile stk-block-content stk-inner-blocks stk-4ed6618-inner-blocks\"><figure class=\"wp-block-image size-full is-resized\" data-block-type=\"core\"><img loading=\"lazy\" decoding=\"async\" width=\"254\" height=\"250\" src=\"https:\/\/www.lacphat.com\/wp-content\/uploads\/2025\/01\/image-138.png\" alt=\"\" class=\"wp-image-578\" style=\"width:184px;height:auto\"\/><\/figure><\/div><\/div><\/div>\n\n<div class=\"wp-block-stackable-column stk-block-column stk-column stk-block stk-4176c2a\" data-v=\"4\" data-block-id=\"4176c2a\"><style>.stk-4176c2a-container{margin-top:0px !important;margin-right:0px !important;margin-bottom:0px !important;margin-left:40px !important;}.stk-4176c2a {align-self:center !important;}@media screen and (min-width: 768px){.stk-4176c2a {flex:var(--stk-flex-grow, 1) 1 calc(75% - var(--stk-column-gap, 0px) * 1 \/ 2 ) !important;}}@media screen and (max-width: 767px){.stk-4176c2a-container{margin-top:28px !important;margin-right:0px !important;margin-bottom:0px !important;margin-left:0px !important;}}<\/style><div class=\"stk-column-wrapper stk-block-column__content stk-container stk-4176c2a-container stk--no-background stk--no-padding\"><div class=\"has-text-align-left stk-block-content stk-inner-blocks stk-4176c2a-inner-blocks\"><div class=\"wp-block-stackable-text stk-block-text stk-block stk-e1f614f\" data-block-id=\"e1f614f\"><p class=\"stk-block-text__text\"><span style=\"color: var(--custom-1);\" class=\"stk-highlight\">Li\u00ean h\u1ec7 v\u1edbi ch\u00fang t\u00f4i \u0111\u1ec3 \u0111\u01b0\u1ee3c t\u01b0 v\u1ea5n chi ti\u1ebft c\u1ee5 th\u1ec3<\/span><\/p><\/div>\n\n<div class=\"wp-block-stackable-text stk-block-text stk-block stk-cb9c500\" data-block-id=\"cb9c500\"><p class=\"stk-block-text__text\"><span style=\"color: var(--nv-secondary-accent);\" class=\"stk-highlight\">Email:<strong> lacphatco@gmail.com\u2028<\/strong><br>Hotline: <strong>0904.134.979<\/strong><\/span><\/p><\/div><\/div><\/div><\/div><\/div><\/div><\/div><\/div><\/div><\/div><\/div><p data-block-type=\"core\"><\/p>","protected":false},"excerpt":{"rendered":"<p>Gi\u1edbi thi\u1ec7u C\u00d4NG TY TNHH C\u00d4NG NGH\u1ec6 UNIV-L\u1ea0C PH\u00c1T C\u00d4NG TY TNHH C\u00d4NG NGH\u1ec6 UNIV-L\u1ea0C PH\u00c1T chuy\u00ean cung c\u1ea5p c\u00e1c lo\u1ea1i h\u00f3a ch\u1ea5t ph\u1ee5c v\u1ee5 cho c\u00f4ng nghi\u1ec7p x\u1eed l\u00fd b\u1ec1 m\u1eb7t kim lo\u1ea1i, m\u1ea1 c\u00f4ng nghi\u1ec7p v\u00e0 s\u01a1n t\u0129nh \u0111i\u1ec7n. C\u00e1c m\u1eb7t h\u00e0ng\u00a0C\u00f4ng ty TNHH\u00a0C\u00d4NG NGH\u1ec6 UNIV-L\u1ea0C PH\u00c1T chuy\u00ean cung c\u1ea5p v\u00e0 s\u1ea3n xu\u1ea5t:&hellip;&nbsp;<a href=\"https:\/\/www.lacphat.com\/index.php\/gioi-thieu\/\" rel=\"bookmark\">\u0110\u1ecdc ti\u1ebfp &raquo;<span class=\"screen-reader-text\">Gi\u1edbi thi\u1ec7u<\/span><\/a><\/p>\n","protected":false},"author":1,"featured_media":0,"parent":0,"menu_order":0,"comment_status":"closed","ping_status":"closed","template":"page-templates\/template-pagebuilder-full-width.php","meta":{"neve_meta_sidebar":"","neve_meta_container":"","neve_meta_enable_content_width":"","neve_meta_content_width":0,"neve_meta_title_alignment":"","neve_meta_author_avatar":"","neve_post_elements_order":"","neve_meta_disable_header":"","neve_meta_disable_footer":"","neve_meta_disable_title":"","footnotes":""},"class_list":["post-551","page","type-page","status-publish","hentry"],"_links":{"self":[{"href":"https:\/\/www.lacphat.com\/index.php\/wp-json\/wp\/v2\/pages\/551","targetHints":{"allow":["GET"]}}],"collection":[{"href":"https:\/\/www.lacphat.com\/index.php\/wp-json\/wp\/v2\/pages"}],"about":[{"href":"https:\/\/www.lacphat.com\/index.php\/wp-json\/wp\/v2\/types\/page"}],"author":[{"embeddable":true,"href":"https:\/\/www.lacphat.com\/index.php\/wp-json\/wp\/v2\/users\/1"}],"replies":[{"embeddable":true,"href":"https:\/\/www.lacphat.com\/index.php\/wp-json\/wp\/v2\/comments?post=551"}],"version-history":[{"count":36,"href":"https:\/\/www.lacphat.com\/index.php\/wp-json\/wp\/v2\/pages\/551\/revisions"}],"predecessor-version":[{"id":1482,"href":"https:\/\/www.lacphat.com\/index.php\/wp-json\/wp\/v2\/pages\/551\/revisions\/1482"}],"wp:attachment":[{"href":"https:\/\/www.lacphat.com\/index.php\/wp-json\/wp\/v2\/media?parent=551"}],"curies":[{"name":"wp","href":"https:\/\/api.w.org\/{rel}","templated":true}]}}