{"id":368,"date":"2024-12-18T09:03:46","date_gmt":"2024-12-18T09:03:46","guid":{"rendered":"http:\/\/localhost:8888\/lac-phat\/?page_id=368"},"modified":"2025-01-23T06:51:47","modified_gmt":"2025-01-23T06:51:47","slug":"san-pham","status":"publish","type":"page","link":"https:\/\/www.lacphat.com\/index.php\/san-pham\/","title":{"rendered":"S\u1ea3n ph\u1ea9m c\u1ee7a ch\u00fang t\u00f4i"},"content":{"rendered":"<div class=\"wp-block-stackable-image alignfull stk-block-image stk-block stk-de179d2\" data-block-id=\"de179d2\"><figure><span class=\"stk-img-wrapper stk-image--shape-stretch\"><img loading=\"lazy\" decoding=\"async\" class=\"stk-img wp-image-527\" src=\"https:\/\/www.lacphat.com\/wp-content\/uploads\/2024\/12\/image-11.png\" width=\"1440\" height=\"165\" srcset=\"https:\/\/www.lacphat.com\/wp-content\/uploads\/2024\/12\/image-11.png 1440w, https:\/\/www.lacphat.com\/wp-content\/uploads\/2024\/12\/image-11-300x34.png 300w, https:\/\/www.lacphat.com\/wp-content\/uploads\/2024\/12\/image-11-1024x117.png 1024w, https:\/\/www.lacphat.com\/wp-content\/uploads\/2024\/12\/image-11-768x88.png 768w, https:\/\/www.lacphat.com\/wp-content\/uploads\/2024\/12\/image-11-600x69.png 600w\" sizes=\"auto, (max-width: 1440px) 100vw, 1440px\" \/><\/span><\/figure><\/div><div class=\"wp-block-stackable-columns stk-block-columns stk-block stk-3534ef2 k-section\" data-block-id=\"3534ef2\"><div class=\"stk-row stk-inner-blocks stk-block-content stk-content-align stk-3534ef2-column\"><div class=\"wp-block-stackable-column stk-block-column stk-column stk-block stk-6b8bd5a\" data-v=\"4\" data-block-id=\"6b8bd5a\"><div class=\"stk-column-wrapper stk-block-column__content stk-container stk-6b8bd5a-container stk--no-background stk--no-padding\"><div class=\"stk-block-content stk-inner-blocks stk-6b8bd5a-inner-blocks\"><div class=\"wp-block-stackable-columns stk-block-columns stk-block stk-1d38c25 k-container\" data-block-id=\"1d38c25\"><div class=\"stk-row stk-inner-blocks stk-block-content stk-content-align stk-1d38c25-column\"><div class=\"wp-block-stackable-column stk-block-column stk-column stk-block stk-617147e\" data-v=\"4\" data-block-id=\"617147e\"><div class=\"stk-column-wrapper stk-block-column__content stk-container stk-617147e-container stk--no-background stk--no-padding\"><div class=\"stk-block-content stk-inner-blocks stk-617147e-inner-blocks\"><div class=\"wp-block-stackable-heading stk-block-heading stk-block-heading--v2 stk-block stk-69b4c7c k-title product-categories-title\" id=\"s\u1ea3n-ph\u1ea9m-c\u1ee7a-chung-toi\" data-block-id=\"69b4c7c\"><h2 class=\"stk-block-heading__text\">S\u1ea3n ph\u1ea9m c\u1ee7a ch\u00fang t\u00f4i<\/h2><\/div>\n\n<p data-block-type=\"core\">\u0110\u1ec3 \u0111\u00e1p \u1ee9ng nhu c\u1ea7u c\u1ee7a th\u1ecb tr\u01b0\u1eddng ng\u00e0y m\u1ed9t ph\u00e1t tri\u1ec3n trong l\u0129nh v\u1ef1c c\u00f4ng nghi\u1ec7p x\u1eed l\u00fd b\u1ec1 m\u1eb7t kim lo\u1ea1i, m\u1ea1 c\u00f4ng nghi\u1ec7p, m\u00e0 kim lo\u1ea1i m\u00e0u, s\u01a1n t\u0129nh \u0111i\u1ec7n,\u2026 n\u00ean c\u00f4ng ty ch\u00fang t\u00f4i lu\u00f4n ch\u00fa tr\u1ecdng \u0111\u1ebfn ch\u1ea5t l\u01b0\u1ee3ng s\u1ea3n ph\u1ea9m v\u00e0 kh\u1eb3ng \u0111\u1ecbnh m\u00ecnh tr\u00ean th\u1ecb tr\u01b0\u1eddng.<\/p>\n\n<p data-block-type=\"core\"><div class=\"product-categories-page-product-categories-container\"><div class=\"category\"><img decoding=\"async\" src=\"https:\/\/www.lacphat.com\/wp-content\/uploads\/2024\/12\/image-6.png\" alt=\"Ho\u00e1 ch\u1ea5t l\u0129nh v\u1ef1c Inox\" \/><div class=\"info-container\"><h4><a href=\"https:\/\/www.lacphat.com\/index.php\/product-category\/hoa-chat-linh-vuc-inox\/\">Ho\u00e1 ch\u1ea5t l\u0129nh v\u1ef1c Inox<\/a><\/h4><div class=\"products\"><ul class=\"product-list\"><li><a href=\"https:\/\/www.lacphat.com\/index.php\/san-pham\/hoa-chat-axit-h2so4\/\">H\u00f3a ch\u1ea5t axit H2SO4<\/a><\/li><li><a href=\"https:\/\/www.lacphat.com\/index.php\/san-pham\/tay-dau-axit-td-a-2\/\">T\u1ea9y d\u1ea7u axit TD-A<\/a><\/li><li><a href=\"https:\/\/www.lacphat.com\/index.php\/san-pham\/hoa-chat-tay-dau-kiem-dang-bot-p28-2\/\">H\u00f3a ch\u1ea5t t\u1ea9y d\u1ea7u ki\u1ec1m (d\u1ea1ng b\u1ed9t) P28<\/a><\/li><li><a href=\"https:\/\/www.lacphat.com\/index.php\/san-pham\/hoa-chat-h3po4-2\/\">H\u00f3a ch\u1ea5t H3PO4<\/a><\/li><li><a href=\"https:\/\/www.lacphat.com\/index.php\/san-pham\/hoa-chat-danh-bong-inox-lp-d50-2\/\">H\u00f3a ch\u1ea5t \u0111\u00e1nh b\u00f3ng inox LP-\u011050<\/a><\/li><\/ul><ul class=\"product-list\"><\/ul><\/div><\/div><\/div><div class=\"category\"><img decoding=\"async\" src=\"https:\/\/www.lacphat.com\/wp-content\/uploads\/2025\/05\/son-tinh-dien.webp\" alt=\"Ho\u00e1 ch\u1ea5t l\u0129nh v\u1ef1c s\u01a1n t\u0129nh \u0111i\u1ec7n\" \/><div class=\"info-container\"><h4><a href=\"https:\/\/www.lacphat.com\/index.php\/product-category\/hoa-chat-linh-vuc-son-tinh-dien\/\">Ho\u00e1 ch\u1ea5t l\u0129nh v\u1ef1c s\u01a1n t\u0129nh \u0111i\u1ec7n<\/a><\/h4><div class=\"products\"><ul class=\"product-list\"><li><a href=\"https:\/\/www.lacphat.com\/index.php\/san-pham\/hoa-chat-axit-h2so4\/\">H\u00f3a ch\u1ea5t axit H2SO4<\/a><\/li><li><a href=\"https:\/\/www.lacphat.com\/index.php\/san-pham\/tay-dau-axit-td-a-2\/\">T\u1ea9y d\u1ea7u axit TD-A<\/a><\/li><li><a href=\"https:\/\/www.lacphat.com\/index.php\/san-pham\/hoa-chat-tay-dau-kiem-dang-long-wo-2\/\">H\u00f3a ch\u1ea5t t\u1ea9y d\u1ea7u ki\u1ec1m (d\u1ea1ng l\u1ecfng) WO<\/a><\/li><li><a href=\"https:\/\/www.lacphat.com\/index.php\/san-pham\/hoa-chat-tay-dau-kiem-dang-bot-p28-2\/\">H\u00f3a ch\u1ea5t t\u1ea9y d\u1ea7u ki\u1ec1m (d\u1ea1ng b\u1ed9t) P28<\/a><\/li><li><a href=\"https:\/\/www.lacphat.com\/index.php\/san-pham\/hoa-chat-dinh-hinh-be-mat-dh-pp-2\/\">H\u00f3a ch\u1ea5t \u0111\u1ecbnh h\u00ecnh b\u1ec1 m\u1eb7t \u0110H-PP<\/a><\/li><\/ul><ul class=\"product-list\"><li><a href=\"https:\/\/www.lacphat.com\/index.php\/san-pham\/hoa-chat-h3po4\/\">H\u00f3a ch\u1ea5t photphat k\u1ebdm PP-09<\/a><\/li><li><a href=\"https:\/\/www.lacphat.com\/index.php\/san-pham\/hoa-chat-tay-dau-axit1-td-a\/\">H\u00f3a ch\u1ea5t t\u0103ng t\u1ed1c TT-35<\/a><\/li><li><a href=\"https:\/\/www.lacphat.com\/index.php\/san-pham\/hoa-chat-tay-dau-kiem-dang-long-wo\/\">H\u00f3a ch\u1ea5t trung h\u00f2a (soda Na2CO3)<\/a><\/li><\/ul><\/div><\/div><\/div><div class=\"category\"><img decoding=\"async\" src=\"https:\/\/www.lacphat.com\/wp-content\/uploads\/2025\/05\/HC-linh-vuc-xi-ma.jpg\" alt=\"Ho\u00e1 ch\u1ea5t l\u0129nh v\u1ef1c xi m\u1ea1\" \/><div class=\"info-container\"><h4><a href=\"https:\/\/www.lacphat.com\/index.php\/product-category\/hoa-chat-linh-vuc-xi-ma\/\">Ho\u00e1 ch\u1ea5t l\u0129nh v\u1ef1c xi m\u1ea1<\/a><\/h4><div class=\"products\"><ul class=\"product-list\"><li><a href=\"https:\/\/www.lacphat.com\/index.php\/san-pham\/hoa-chat-muoi-lanh-nh4cl-2\/\">H\u00f3a ch\u1ea5t mu\u1ed1i l\u1ea1nh NH4Cl<\/a><\/li><li><a href=\"https:\/\/www.lacphat.com\/index.php\/san-pham\/hoa-chat-kem-clorua-zncl2-2\/\">H\u00f3a ch\u1ea5t k\u1ebdm clorua ZnCl2<\/a><\/li><li><a href=\"https:\/\/www.lacphat.com\/index.php\/san-pham\/hoa-chat-bong-kem\/\">H\u00f3a ch\u1ea5t b\u00f3ng k\u1ebdm<\/a><\/li><li><a href=\"https:\/\/www.lacphat.com\/index.php\/san-pham\/hoa-chat-deo-kem\/\">H\u00f3a ch\u1ea5t d\u1ebbo k\u1ebdm<\/a><\/li><li><a href=\"https:\/\/www.lacphat.com\/index.php\/san-pham\/hoa-chat-kem-7-mau\/\">H\u00f3a ch\u1ea5t k\u1ebdm 7 m\u00e0u<\/a><\/li><\/ul><ul class=\"product-list\"><li><a href=\"https:\/\/www.lacphat.com\/index.php\/san-pham\/hoa-chat-kem-trang-xanh\/\">H\u00f3a ch\u1ea5t k\u1ebdm tr\u1eafng xanh<\/a><\/li><li><a href=\"https:\/\/www.lacphat.com\/index.php\/san-pham\/hoa-chat-axit-h2so4\/\">H\u00f3a ch\u1ea5t axit H2SO4<\/a><\/li><li><a href=\"https:\/\/www.lacphat.com\/index.php\/san-pham\/hoa-chat-h3po4-2\/\">H\u00f3a ch\u1ea5t H3PO4<\/a><\/li><li><a href=\"https:\/\/www.lacphat.com\/index.php\/san-pham\/hoa-chat-tay-dau-kiem-dang-bot-p28\/\">H\u00f3a ch\u1ea5t HCl<\/a><\/li><\/ul><\/div><\/div><\/div><div class=\"category\"><img decoding=\"async\" src=\"https:\/\/www.lacphat.com\/wp-content\/uploads\/2025\/05\/HC-xu-ly-nganh-ton.jpg\" alt=\"Ho\u00e1 ch\u1ea5t ng\u00e0nh t\u00f4n\" \/><div class=\"info-container\"><h4><a href=\"https:\/\/www.lacphat.com\/index.php\/product-category\/hoa-chat-nganh-ton\/\">Ho\u00e1 ch\u1ea5t ng\u00e0nh t\u00f4n<\/a><\/h4><div class=\"products\"><ul class=\"product-list\"><li><a href=\"https:\/\/www.lacphat.com\/index.php\/san-pham\/hoa-chat-tay-dau-kiem-ton-dang-bot-p28-t-2\/\">H\u00f3a ch\u1ea5t t\u1ea9y d\u1ea7u ki\u1ec1m t\u00f4n ( d\u1ea1ng b\u1ed9t ) P28-T<\/a><\/li><li><a href=\"https:\/\/www.lacphat.com\/index.php\/san-pham\/hoa-chat-tay-dau-kiem-ton-dang-long-wo-t-2\/\">H\u00f3a ch\u1ea5t t\u1ea9y d\u1ea7u ki\u1ec1m t\u00f4n (d\u1ea1ng l\u1ecfng) WO-T<\/a><\/li><li><a href=\"https:\/\/www.lacphat.com\/index.php\/san-pham\/tay-dau-acid-ton-td-a-t\/\">T\u1ea9y d\u1ea7u acid t\u00f4n TD-A.T<\/a><\/li><li><a href=\"https:\/\/www.lacphat.com\/index.php\/san-pham\/hoa-chat-cromate-ton-cr828\/\">H\u00f3a ch\u1ea5t cromate t\u00f4n CR828<\/a><\/li><li><a href=\"https:\/\/www.lacphat.com\/index.php\/san-pham\/hoa-chat-tro-dung-flux\/\">H\u00f3a ch\u1ea5t tr\u1ee3 dung Flux<\/a><\/li><li><a href=\"https:\/\/www.lacphat.com\/index.php\/san-pham\/hoa-chat-muoi-lanh-nh4cl-2\/\">H\u00f3a ch\u1ea5t mu\u1ed1i l\u1ea1nh NH4Cl<\/a><\/li><\/ul><ul class=\"product-list\"><li><a href=\"https:\/\/www.lacphat.com\/index.php\/san-pham\/hoa-chat-kem-clorua-zncl2-2\/\">H\u00f3a ch\u1ea5t k\u1ebdm clorua ZnCl2<\/a><\/li><li><a href=\"https:\/\/www.lacphat.com\/index.php\/san-pham\/hoa-chat-axit-cromic-cro3\/\">H\u00f3a ch\u1ea5t axit cromic CrO3<\/a><\/li><li><a href=\"https:\/\/www.lacphat.com\/index.php\/san-pham\/kem-thoi\/\">K\u1ebdm th\u1ecfi<\/a><\/li><li><a href=\"https:\/\/www.lacphat.com\/index.php\/san-pham\/hoa-chat-kem-7-mau\/\">H\u00f3a ch\u1ea5t k\u1ebdm 7 m\u00e0u<\/a><\/li><li><a href=\"https:\/\/www.lacphat.com\/index.php\/san-pham\/hoa-chat-kem-trang-xanh\/\">H\u00f3a ch\u1ea5t k\u1ebdm tr\u1eafng xanh<\/a><\/li><\/ul><\/div><\/div><\/div><div class=\"category\"><img decoding=\"async\" src=\"https:\/\/www.lacphat.com\/wp-content\/uploads\/2025\/05\/hop-kim-nhom.jpg\" alt=\"Ho\u00e1 ch\u1ea5t x\u1eed l\u00fd nh\u00f4m\" \/><div class=\"info-container\"><h4><a href=\"https:\/\/www.lacphat.com\/index.php\/product-category\/hoa-chat-xu-ly-nhom\/\">Ho\u00e1 ch\u1ea5t x\u1eed l\u00fd nh\u00f4m<\/a><\/h4><div class=\"products\"><ul class=\"product-list\"><li><a href=\"https:\/\/www.lacphat.com\/index.php\/san-pham\/hoa-chat-tay-dau-kiem-nhom-al-71\/\">H\u00f3a ch\u1ea5t t\u1ea9y d\u1ea7u ki\u1ec1m nh\u00f4m Al-71<\/a><\/li><li><a href=\"https:\/\/www.lacphat.com\/index.php\/san-pham\/tay-dau-acid-nhom-a-al-67\/\">T\u1ea9y d\u1ea7u acid nh\u00f4m A-Al 67<\/a><\/li><li><a href=\"https:\/\/www.lacphat.com\/index.php\/san-pham\/hoa-chat-cromate-nhom-cr8\/\">H\u00f3a ch\u1ea5t cromate nh\u00f4m CR8<\/a><\/li><li><a href=\"https:\/\/www.lacphat.com\/index.php\/san-pham\/hoa-chat-tay-dau-kiem-dang-bot-p28\/\">H\u00f3a ch\u1ea5t HCl<\/a><\/li><\/ul><ul class=\"product-list\"><\/ul><\/div><\/div><\/div><div class=\"category\"><img decoding=\"async\" src=\"https:\/\/www.lacphat.com\/wp-content\/uploads\/2025\/05\/xu-ly-nuoc-thai.jpg\" alt=\"Ho\u00e1 ch\u1ea5t x\u1eed l\u00fd n\u01b0\u1edbc\" \/><div class=\"info-container\"><h4><a href=\"https:\/\/www.lacphat.com\/index.php\/product-category\/hoa-chat-xu-ly-nuoc\/\">Ho\u00e1 ch\u1ea5t x\u1eed l\u00fd n\u01b0\u1edbc<\/a><\/h4><div class=\"products\"><ul class=\"product-list\"><li><a href=\"https:\/\/www.lacphat.com\/index.php\/san-pham\/hoa-chat-naoh-dang-vay\/\">H\u00f3a ch\u1ea5t NaOH (d\u1ea1ng v\u1ea3y)<\/a><\/li><li><a href=\"https:\/\/www.lacphat.com\/index.php\/san-pham\/hoa-chat-polymer-anion\/\">H\u00f3a ch\u1ea5t Polymer Anion<\/a><\/li><li><a href=\"https:\/\/www.lacphat.com\/index.php\/san-pham\/hoa-chat-polymer-cation\/\">H\u00f3a ch\u1ea5t Polymer Cation<\/a><\/li><li><a href=\"https:\/\/www.lacphat.com\/index.php\/san-pham\/hoa-chat-poly-alumium-chloride-pac\/\">H\u00f3a ch\u1ea5t Poly Alumium Chloride (PAC)<\/a><\/li><\/ul><ul class=\"product-list\"><\/ul><\/div><\/div><\/div><\/div><\/p><\/div><\/div><\/div><\/div><\/div><\/div><\/div><\/div><\/div><\/div>","protected":false},"excerpt":{"rendered":"<p>S\u1ea3n ph\u1ea9m c\u1ee7a ch\u00fang t\u00f4i \u0110\u1ec3 \u0111\u00e1p \u1ee9ng nhu c\u1ea7u c\u1ee7a th\u1ecb tr\u01b0\u1eddng ng\u00e0y m\u1ed9t ph\u00e1t tri\u1ec3n trong l\u0129nh v\u1ef1c c\u00f4ng nghi\u1ec7p x\u1eed l\u00fd b\u1ec1 m\u1eb7t kim lo\u1ea1i, m\u1ea1 c\u00f4ng nghi\u1ec7p, m\u00e0 kim lo\u1ea1i m\u00e0u, s\u01a1n t\u0129nh \u0111i\u1ec7n,\u2026 n\u00ean c\u00f4ng ty ch\u00fang t\u00f4i lu\u00f4n ch\u00fa tr\u1ecdng \u0111\u1ebfn ch\u1ea5t l\u01b0\u1ee3ng s\u1ea3n ph\u1ea9m v\u00e0 kh\u1eb3ng \u0111\u1ecbnh m\u00ecnh&hellip;&nbsp;<a href=\"https:\/\/www.lacphat.com\/index.php\/san-pham\/\" rel=\"bookmark\">\u0110\u1ecdc ti\u1ebfp &raquo;<span class=\"screen-reader-text\">S\u1ea3n ph\u1ea9m c\u1ee7a ch\u00fang t\u00f4i<\/span><\/a><\/p>\n","protected":false},"author":1,"featured_media":0,"parent":0,"menu_order":0,"comment_status":"closed","ping_status":"closed","template":"page-templates\/template-pagebuilder-full-width.php","meta":{"neve_meta_sidebar":"","neve_meta_container":"","neve_meta_enable_content_width":"","neve_meta_content_width":0,"neve_meta_title_alignment":"","neve_meta_author_avatar":"","neve_post_elements_order":"","neve_meta_disable_header":"","neve_meta_disable_footer":"","neve_meta_disable_title":"","footnotes":""},"class_list":["post-368","page","type-page","status-publish","hentry"],"_links":{"self":[{"href":"https:\/\/www.lacphat.com\/index.php\/wp-json\/wp\/v2\/pages\/368","targetHints":{"allow":["GET"]}}],"collection":[{"href":"https:\/\/www.lacphat.com\/index.php\/wp-json\/wp\/v2\/pages"}],"about":[{"href":"https:\/\/www.lacphat.com\/index.php\/wp-json\/wp\/v2\/types\/page"}],"author":[{"embeddable":true,"href":"https:\/\/www.lacphat.com\/index.php\/wp-json\/wp\/v2\/users\/1"}],"replies":[{"embeddable":true,"href":"https:\/\/www.lacphat.com\/index.php\/wp-json\/wp\/v2\/comments?post=368"}],"version-history":[{"count":13,"href":"https:\/\/www.lacphat.com\/index.php\/wp-json\/wp\/v2\/pages\/368\/revisions"}],"predecessor-version":[{"id":1257,"href":"https:\/\/www.lacphat.com\/index.php\/wp-json\/wp\/v2\/pages\/368\/revisions\/1257"}],"wp:attachment":[{"href":"https:\/\/www.lacphat.com\/index.php\/wp-json\/wp\/v2\/media?parent=368"}],"curies":[{"name":"wp","href":"https:\/\/api.w.org\/{rel}","templated":true}]}}