{"id":14,"date":"2024-12-16T07:43:23","date_gmt":"2024-12-16T07:43:23","guid":{"rendered":"http:\/\/localhost:8888\/lac-phat\/index.php\/contact-us\/"},"modified":"2025-05-01T17:15:33","modified_gmt":"2025-05-01T17:15:33","slug":"contact-us","status":"publish","type":"page","link":"https:\/\/www.lacphat.com\/index.php\/contact-us\/","title":{"rendered":"Li\u00ean h\u1ec7 \u202f"},"content":{"rendered":"<div class=\"wp-block-stackable-columns stk-block-columns stk-block stk-4592b09 introduction-page k-section k-container\" data-block-id=\"4592b09\"><div class=\"stk-row stk-inner-blocks stk-block-content stk-content-align stk-4592b09-column\"><div class=\"wp-block-stackable-column stk-block-column stk-column stk-block stk-8603a32 k-container\" data-v=\"4\" data-block-id=\"8603a32\"><div class=\"stk-column-wrapper stk-block-column__content stk-container stk-8603a32-container stk--no-background stk--no-padding\"><div class=\"stk-block-content stk-inner-blocks stk-8603a32-inner-blocks\"><div class=\"wp-block-stackable-heading stk-block-heading stk-block-heading--v2 stk-block stk-2b109f2 k-title\" id=\"lien-h\u1ec7-v\u1edbi-chung-toi\" data-block-id=\"2b109f2\"><h2 class=\"stk-block-heading__text\"> Li\u00ean h\u1ec7 v\u1edbi ch\u00fang t\u00f4i<\/h2><\/div>\n\n<div class=\"wp-block-stackable-columns stk-block-columns stk-block stk-1c310bc stk-block-background contact-section\" data-block-id=\"1c310bc\"><style>.stk-1c310bc {background-color:#b5e5ff85 !important;}.stk-1c310bc:before{background-color:#b5e5ff85 !important;}<\/style><div class=\"stk-row stk-inner-blocks stk-block-content stk-content-align stk-1c310bc-column\"><div class=\"wp-block-stackable-column stk-block-column stk-column stk-block stk-bbd941b\" data-v=\"4\" data-block-id=\"bbd941b\"><style>.stk-bbd941b-container{margin-top:0px !important;margin-right:0px !important;margin-bottom:0px !important;margin-left:0px !important;}@media screen and (min-width: 768px){.stk-bbd941b {flex:var(--stk-flex-grow, 1) 1 calc(25% - var(--stk-column-gap, 0px) * 1 \/ 2 ) !important;}}@media screen and (max-width: 767px){.stk-bbd941b {align-self:center !important;}}<\/style><div class=\"stk-column-wrapper stk-block-column__content stk-container stk-bbd941b-container stk--no-background stk--no-padding\"><div class=\"has-text-align-center-mobile stk-block-content stk-inner-blocks stk-bbd941b-inner-blocks\"><figure class=\"wp-block-gallery has-nested-images columns-default is-cropped wp-block-gallery-1 is-layout-flex wp-block-gallery-is-layout-flex\" data-block-type=\"core\"><figure class=\"wp-block-image size-full is-style-rounded\" data-block-type=\"core\"><img loading=\"lazy\" decoding=\"async\" width=\"381\" height=\"375\" src=\"https:\/\/www.lacphat.com\/wp-content\/uploads\/2025\/05\/image-138.png\" alt=\"\" class=\"wp-image-1472\" srcset=\"https:\/\/www.lacphat.com\/wp-content\/uploads\/2025\/05\/image-138.png 381w, https:\/\/www.lacphat.com\/wp-content\/uploads\/2025\/05\/image-138-300x295.png 300w\" sizes=\"auto, (max-width: 381px) 100vw, 381px\" \/><\/figure><\/figure><\/div><\/div><\/div>\n\n<div class=\"wp-block-stackable-column stk-block-column stk-column stk-block stk-29d07e0\" data-v=\"4\" data-block-id=\"29d07e0\"><style>.stk-29d07e0-container{margin-top:0px !important;margin-right:0px !important;margin-bottom:0px !important;margin-left:40px !important;}.stk-29d07e0 {align-self:center !important;}@media screen and (min-width: 768px){.stk-29d07e0 {flex:var(--stk-flex-grow, 1) 1 calc(75% - var(--stk-column-gap, 0px) * 1 \/ 2 ) !important;}}@media screen and (max-width: 767px){.stk-29d07e0-container{margin-top:28px !important;margin-right:0px !important;margin-bottom:0px !important;margin-left:0px !important;}}<\/style><div class=\"stk-column-wrapper stk-block-column__content stk-container stk-29d07e0-container stk--no-background stk--no-padding\"><div class=\"has-text-align-left stk-block-content stk-inner-blocks stk-29d07e0-inner-blocks\"><div class=\"wp-block-stackable-text stk-block-text stk-block stk-bd9516d\" data-block-id=\"bd9516d\"><p class=\"stk-block-text__text\"><span style=\"color: var(--custom-1);\" class=\"stk-highlight\">Li\u00ean h\u1ec7 v\u1edbi ch\u00fang t\u00f4i \u0111\u1ec3 \u0111\u01b0\u1ee3c t\u01b0 v\u1ea5n chi ti\u1ebft c\u1ee5 th\u1ec3<\/span><\/p><\/div>\n\n<div class=\"wp-block-stackable-text stk-block-text stk-block stk-06293ea\" data-block-id=\"06293ea\"><p class=\"stk-block-text__text\"><span style=\"color: var(--nv-secondary-accent);\" class=\"stk-highlight\">Email:<strong> lacphatco@gmail.com\u2028<\/strong><br>Hotline: <strong>0904.134.979<\/strong><\/span><\/p><\/div><\/div><\/div><\/div><\/div><\/div>\n\n<iframe src=\"https:\/\/www.google.com\/maps\/embed?pb=!1m18!1m12!1m3!1d3919.6128958481727!2d106.6952978736349!3d10.764287659420404!2m3!1f0!2f0!3f0!3m2!1i1024!2i768!4f13.1!3m3!1m2!1s0x31752f14784cd991%3A0x14be0ea14d67e588!2zMTk4IMSQLiBWw7UgVsSDbiBLaeG7h3QsIFBoxrDhu51uZyBD4bqndSDDlG5nIEzDo25oLCBRdeG6rW4gMSwgSOG7kyBDaMOtIE1pbmgsIFZp4buHdCBOYW0!5e0!3m2!1svi!2s!4v1740475179435!5m2!1svi!2s\" width=\"1400\" height=\"600\" style=\"border:0;\" allowfullscreen=\"\" loading=\"lazy\" referrerpolicy=\"no-referrer-when-downgrade\"><\/iframe><\/div><\/div><\/div><\/div><\/div><p data-block-type=\"core\"><\/p>","protected":false},"excerpt":{"rendered":"<p>Li\u00ean h\u1ec7 v\u1edbi ch\u00fang t\u00f4i Li\u00ean h\u1ec7 v\u1edbi ch\u00fang t\u00f4i \u0111\u1ec3 \u0111\u01b0\u1ee3c t\u01b0 v\u1ea5n chi ti\u1ebft c\u1ee5 th\u1ec3 Email: lacphatco@gmail.com\u2028Hotline: 0904.134.979<\/p>\n","protected":false},"author":1,"featured_media":0,"parent":0,"menu_order":0,"comment_status":"closed","ping_status":"closed","template":"page-templates\/template-pagebuilder-full-width.php","meta":{"neve_meta_sidebar":"","neve_meta_container":"","neve_meta_enable_content_width":"","neve_meta_content_width":0,"neve_meta_title_alignment":"","neve_meta_author_avatar":"","neve_post_elements_order":"","neve_meta_disable_header":"","neve_meta_disable_footer":"","neve_meta_disable_title":"","footnotes":""},"class_list":["post-14","page","type-page","status-publish","hentry"],"_links":{"self":[{"href":"https:\/\/www.lacphat.com\/index.php\/wp-json\/wp\/v2\/pages\/14","targetHints":{"allow":["GET"]}}],"collection":[{"href":"https:\/\/www.lacphat.com\/index.php\/wp-json\/wp\/v2\/pages"}],"about":[{"href":"https:\/\/www.lacphat.com\/index.php\/wp-json\/wp\/v2\/types\/page"}],"author":[{"embeddable":true,"href":"https:\/\/www.lacphat.com\/index.php\/wp-json\/wp\/v2\/users\/1"}],"replies":[{"embeddable":true,"href":"https:\/\/www.lacphat.com\/index.php\/wp-json\/wp\/v2\/comments?post=14"}],"version-history":[{"count":36,"href":"https:\/\/www.lacphat.com\/index.php\/wp-json\/wp\/v2\/pages\/14\/revisions"}],"predecessor-version":[{"id":1473,"href":"https:\/\/www.lacphat.com\/index.php\/wp-json\/wp\/v2\/pages\/14\/revisions\/1473"}],"wp:attachment":[{"href":"https:\/\/www.lacphat.com\/index.php\/wp-json\/wp\/v2\/media?parent=14"}],"curies":[{"name":"wp","href":"https:\/\/api.w.org\/{rel}","templated":true}]}}